{"id":777,"date":"2017-06-19T18:20:57","date_gmt":"2017-06-19T21:20:57","guid":{"rendered":"http:\/\/maisativos.com.br\/loja\/?post_type=product&#038;p=777"},"modified":"2025-09-01T09:29:41","modified_gmt":"2025-09-01T12:29:41","slug":"atividades-ludicas-para-educacao-financeira","status":"publish","type":"product","link":"https:\/\/maisativos.com.br\/loja\/produtos\/atividades-ludicas-para-educacao-financeira\/","title":{"rendered":"Atividades l\u00fadicas para educa\u00e7\u00e3o financeira"},"content":{"rendered":"<p>Este livro oferece aos professores instrumentos para a constru\u00e7\u00e3o, junto aos estudantes, de valores para a educa\u00e7\u00e3o financeira numa perspectiva humana, sustent\u00e1vel e cidad\u00e3.<br \/>\nEscrito de forma leve, amig\u00e1vel e didaticamente estruturada, pretende contribuir para a constru\u00e7\u00e3o de uma sociedade mais pr\u00f3spera, mais amorosa e mais justa.<\/p>\n<p><strong>Autor:<\/strong> Sim\u00e3o de Miranda, 16cm x 23cm.<br \/>\n<strong>Indicado para:<\/strong> professores e demais educadores.<\/p>\n","protected":false},"excerpt":{"rendered":"<p>Este livro oferece aos professores instrumentos para a constru\u00e7\u00e3o, junto aos estudantes, de valores para a educa\u00e7\u00e3o financeira numa perspectiva humana, sustent\u00e1vel e cidad\u00e3.<\/p>\n","protected":false},"featured_media":778,"template":"","meta":{"_joinchat":[]},"product_brand":[],"product_cat":[95,68],"product_tag":[],"class_list":{"0":"post-777","1":"product","2":"type-product","3":"status-publish","4":"has-post-thumbnail","6":"product_cat-mais-ativos","7":"product_cat-todos","8":"latest_post","10":"first","11":"instock","12":"shipping-taxable","13":"purchasable","14":"product-type-simple","15":"add-to-wishlist-after_add_to_cart"},"_links":{"self":[{"href":"https:\/\/maisativos.com.br\/loja\/wp-json\/wp\/v2\/product\/777","targetHints":{"allow":["GET"]}}],"collection":[{"href":"https:\/\/maisativos.com.br\/loja\/wp-json\/wp\/v2\/product"}],"about":[{"href":"https:\/\/maisativos.com.br\/loja\/wp-json\/wp\/v2\/types\/product"}],"wp:featuredmedia":[{"embeddable":true,"href":"https:\/\/maisativos.com.br\/loja\/wp-json\/wp\/v2\/media\/778"}],"wp:attachment":[{"href":"https:\/\/maisativos.com.br\/loja\/wp-json\/wp\/v2\/media?parent=777"}],"wp:term":[{"taxonomy":"product_brand","embeddable":true,"href":"https:\/\/maisativos.com.br\/loja\/wp-json\/wp\/v2\/product_brand?post=777"},{"taxonomy":"product_cat","embeddable":true,"href":"https:\/\/maisativos.com.br\/loja\/wp-json\/wp\/v2\/product_cat?post=777"},{"taxonomy":"product_tag","embeddable":true,"href":"https:\/\/maisativos.com.br\/loja\/wp-json\/wp\/v2\/product_tag?post=777"}],"curies":[{"name":"wp","href":"https:\/\/api.w.org\/{rel}","templated":true}]}}