{"id":775,"date":"2017-06-19T18:10:54","date_gmt":"2017-06-19T21:10:54","guid":{"rendered":"http:\/\/maisativos.com.br\/loja\/?post_type=product&#038;p=775"},"modified":"2025-09-01T09:30:21","modified_gmt":"2025-09-01T12:30:21","slug":"o-lobo-milionario-e-os-tres-porquinhos","status":"publish","type":"product","link":"https:\/\/maisativos.com.br\/loja\/produtos\/o-lobo-milionario-e-os-tres-porquinhos\/","title":{"rendered":"O lobo milion\u00e1rio e os tr\u00eas porquinhos"},"content":{"rendered":"<p>Os tr\u00eas porquinhos, agora, representam as casinhas onde o lobo guarda seu dinheiro.<br \/>\nUma bela hist\u00f3ria com fundamentos de educa\u00e7\u00e3o financeira para lobo nenhum botar defeito.<\/p>\n<p><strong>Autor:<\/strong> Eduardo Coelho, 40 p\u00e1ginas, 21cm x 21cm. Ilustrado por Vald\u00e9rio Costa.<br \/>\n<strong>Indicado para:<\/strong> ensino fundamental I<\/p>\n","protected":false},"excerpt":{"rendered":"<p>Os tr\u00eas porquinhos, agora, representam as casinhas onde o lobo guarda seu dinheiro.<\/p>\n","protected":false},"featured_media":776,"template":"","meta":{"_joinchat":[]},"product_brand":[],"product_cat":[95,68],"product_tag":[],"class_list":{"0":"post-775","1":"product","2":"type-product","3":"status-publish","4":"has-post-thumbnail","6":"product_cat-mais-ativos","7":"product_cat-todos","8":"latest_post","10":"first","11":"instock","12":"shipping-taxable","13":"purchasable","14":"product-type-simple","15":"add-to-wishlist-after_add_to_cart"},"_links":{"self":[{"href":"https:\/\/maisativos.com.br\/loja\/wp-json\/wp\/v2\/product\/775","targetHints":{"allow":["GET"]}}],"collection":[{"href":"https:\/\/maisativos.com.br\/loja\/wp-json\/wp\/v2\/product"}],"about":[{"href":"https:\/\/maisativos.com.br\/loja\/wp-json\/wp\/v2\/types\/product"}],"wp:featuredmedia":[{"embeddable":true,"href":"https:\/\/maisativos.com.br\/loja\/wp-json\/wp\/v2\/media\/776"}],"wp:attachment":[{"href":"https:\/\/maisativos.com.br\/loja\/wp-json\/wp\/v2\/media?parent=775"}],"wp:term":[{"taxonomy":"product_brand","embeddable":true,"href":"https:\/\/maisativos.com.br\/loja\/wp-json\/wp\/v2\/product_brand?post=775"},{"taxonomy":"product_cat","embeddable":true,"href":"https:\/\/maisativos.com.br\/loja\/wp-json\/wp\/v2\/product_cat?post=775"},{"taxonomy":"product_tag","embeddable":true,"href":"https:\/\/maisativos.com.br\/loja\/wp-json\/wp\/v2\/product_tag?post=775"}],"curies":[{"name":"wp","href":"https:\/\/api.w.org\/{rel}","templated":true}]}}