{"id":6789,"date":"2020-04-21T16:39:32","date_gmt":"2020-04-21T19:39:32","guid":{"rendered":"https:\/\/maisativos.com.br\/loja\/?post_type=product&#038;p=6789"},"modified":"2025-09-01T09:15:56","modified_gmt":"2025-09-01T12:15:56","slug":"kit-brasil","status":"publish","type":"product","link":"https:\/\/maisativos.com.br\/loja\/produtos\/kit-brasil\/","title":{"rendered":"Kit Brasil"},"content":{"rendered":"<p>Dois lan\u00e7amentos recentes que falam sobre o Brasil e suas belezas. Indicado para todas as idades. Recomendado para crian\u00e7as at\u00e9 12 anos.<\/p>\n<p>\u2022 Venha conhecer o Brasil<br \/>\n\u2022 Nas entrelinhas do Hino Nacional<\/p>\n","protected":false},"excerpt":{"rendered":"<p>Dois lan\u00e7amentos recentes que falam sobre o Brasil e suas belezas. Indicado para todas as idades. Recomendado para crian\u00e7as at\u00e9 12 anos. \u2022 Venha conhecer o Brasil \u2022 Nas entrelinhas do Hino Nacional<\/p>\n","protected":false},"featured_media":6790,"template":"","meta":{"_joinchat":[]},"product_brand":[],"product_cat":[68],"product_tag":[22,25,75,87],"class_list":{"0":"post-6789","1":"product","2":"type-product","3":"status-publish","4":"has-post-thumbnail","6":"product_cat-todos","7":"product_tag-educacao-financeira","8":"product_tag-ensino-fundamental","9":"product_tag-familia","10":"product_tag-literatura-infantil","11":"latest_post","13":"first","14":"instock","15":"sale","16":"shipping-taxable","17":"purchasable","18":"product-type-simple","19":"add-to-wishlist-after_add_to_cart"},"_links":{"self":[{"href":"https:\/\/maisativos.com.br\/loja\/wp-json\/wp\/v2\/product\/6789","targetHints":{"allow":["GET"]}}],"collection":[{"href":"https:\/\/maisativos.com.br\/loja\/wp-json\/wp\/v2\/product"}],"about":[{"href":"https:\/\/maisativos.com.br\/loja\/wp-json\/wp\/v2\/types\/product"}],"wp:featuredmedia":[{"embeddable":true,"href":"https:\/\/maisativos.com.br\/loja\/wp-json\/wp\/v2\/media\/6790"}],"wp:attachment":[{"href":"https:\/\/maisativos.com.br\/loja\/wp-json\/wp\/v2\/media?parent=6789"}],"wp:term":[{"taxonomy":"product_brand","embeddable":true,"href":"https:\/\/maisativos.com.br\/loja\/wp-json\/wp\/v2\/product_brand?post=6789"},{"taxonomy":"product_cat","embeddable":true,"href":"https:\/\/maisativos.com.br\/loja\/wp-json\/wp\/v2\/product_cat?post=6789"},{"taxonomy":"product_tag","embeddable":true,"href":"https:\/\/maisativos.com.br\/loja\/wp-json\/wp\/v2\/product_tag?post=6789"}],"curies":[{"name":"wp","href":"https:\/\/api.w.org\/{rel}","templated":true}]}}