{"id":394,"date":"2016-11-03T14:28:02","date_gmt":"2016-11-03T17:28:02","guid":{"rendered":"http:\/\/maisativos.com.br\/loja\/?post_type=product&#038;p=394"},"modified":"2025-09-01T09:30:49","modified_gmt":"2025-09-01T12:30:49","slug":"vale-mais-do-que-palavras","status":"publish","type":"product","link":"https:\/\/maisativos.com.br\/loja\/produtos\/vale-mais-do-que-palavras\/","title":{"rendered":"Vale mais do que palavras"},"content":{"rendered":"<p>Certas atitudes, imagens e exemplos ensinam mais do que mil palavras. Este livro\u00a0n\u00e3o precisa de nenhuma para dar um recado profundo \u00e0s crian\u00e7as sobre \u00e9tica e\u00a0honestidade. Uma sequ\u00eancia de belas imagens conta uma cena cotidiana em que\u00a0os filhos observam a atitude de seu pai diante de uma situa\u00e7\u00e3o de risco tentadora.<\/p>\n<p>E voc\u00ea, o que faria? O que gostaria que seu filho fizesse?<\/p>\n<p><strong>Argumento:<\/strong> \u00c1lvaro Modernell, 16 p\u00e1ginas, 21cm x 21cm.<br \/>\n<strong>Ilustrado por:<\/strong> Cibele Santos.<\/p>\n","protected":false},"excerpt":{"rendered":"<p>Certas atitudes, imagens e exemplos ensinam mais do que mil palavras. Este livro\u00a0n\u00e3o precisa de nenhuma para dar um recado profundo \u00e0s crian\u00e7as sobre \u00e9tica e\u00a0honestidade. Uma sequ\u00eancia de belas imagens conta uma cena cotidiana em que\u00a0os filhos observam a atitude de seu pai diante de uma situa\u00e7\u00e3o de risco tentadora.<\/p>\n","protected":false},"featured_media":9554,"template":"","meta":{"_joinchat":[]},"product_brand":[],"product_cat":[95,68],"product_tag":[22,27,57],"class_list":{"0":"post-394","1":"product","2":"type-product","3":"status-publish","4":"has-post-thumbnail","6":"product_cat-mais-ativos","7":"product_cat-todos","8":"product_tag-educacao-financeira","9":"product_tag-educacao-infantil","10":"product_tag-livro-de-imagens","11":"latest_post","13":"first","14":"instock","15":"shipping-taxable","16":"purchasable","17":"product-type-simple","18":"add-to-wishlist-after_add_to_cart"},"_links":{"self":[{"href":"https:\/\/maisativos.com.br\/loja\/wp-json\/wp\/v2\/product\/394","targetHints":{"allow":["GET"]}}],"collection":[{"href":"https:\/\/maisativos.com.br\/loja\/wp-json\/wp\/v2\/product"}],"about":[{"href":"https:\/\/maisativos.com.br\/loja\/wp-json\/wp\/v2\/types\/product"}],"wp:featuredmedia":[{"embeddable":true,"href":"https:\/\/maisativos.com.br\/loja\/wp-json\/wp\/v2\/media\/9554"}],"wp:attachment":[{"href":"https:\/\/maisativos.com.br\/loja\/wp-json\/wp\/v2\/media?parent=394"}],"wp:term":[{"taxonomy":"product_brand","embeddable":true,"href":"https:\/\/maisativos.com.br\/loja\/wp-json\/wp\/v2\/product_brand?post=394"},{"taxonomy":"product_cat","embeddable":true,"href":"https:\/\/maisativos.com.br\/loja\/wp-json\/wp\/v2\/product_cat?post=394"},{"taxonomy":"product_tag","embeddable":true,"href":"https:\/\/maisativos.com.br\/loja\/wp-json\/wp\/v2\/product_tag?post=394"}],"curies":[{"name":"wp","href":"https:\/\/api.w.org\/{rel}","templated":true}]}}