{"id":392,"date":"2016-11-03T14:24:14","date_gmt":"2016-11-03T17:24:14","guid":{"rendered":"http:\/\/maisativos.com.br\/loja\/?post_type=product&#038;p=392"},"modified":"2025-09-01T09:31:17","modified_gmt":"2025-09-01T12:31:17","slug":"o-que-nao-tem-preco","status":"publish","type":"product","link":"https:\/\/maisativos.com.br\/loja\/produtos\/o-que-nao-tem-preco\/","title":{"rendered":"O que n\u00e3o tem pre\u00e7o"},"content":{"rendered":"<p>H\u00e1 o que tem pre\u00e7o, o que pode ser comprado com dinheiro. E h\u00e1 tamb\u00e9m o que tem valor, mas n\u00e3o tem pre\u00e7o, por isso, deve ser conquistado. Este livro levanta uma s\u00e9rie de reflex\u00f5es gostosas sobre educa\u00e7\u00e3o financeira e o cotidiano de todos n\u00f3s.<\/p>\n<p><strong>Autor:<\/strong> Jonas Ribeiro, 24 p\u00e1ginas, 21cm x 23cm. Ilustrado por F\u00e1bio Sgroi.<br \/>\n<strong>Indicado para:<\/strong> ensino fundamental I<\/p>\n","protected":false},"excerpt":{"rendered":"<p>H\u00e1 o que tem pre\u00e7o, o que pode ser comprado com dinheiro. E h\u00e1 tamb\u00e9m o que\u00a0tem valor, mas n\u00e3o tem pre\u00e7o, por isso, deve ser conquistado. Este livro levanta uma\u00a0s\u00e9rie de reflex\u00f5es gostosas sobre educa\u00e7\u00e3o financeira e o cotidiano de todos n\u00f3s.<\/p>\n","protected":false},"featured_media":625,"template":"","meta":{"_joinchat":[]},"product_brand":[],"product_cat":[95,68],"product_tag":[],"class_list":{"0":"post-392","1":"product","2":"type-product","3":"status-publish","4":"has-post-thumbnail","6":"product_cat-mais-ativos","7":"product_cat-todos","8":"latest_post","10":"first","11":"instock","12":"shipping-taxable","13":"purchasable","14":"product-type-simple","15":"add-to-wishlist-after_add_to_cart"},"_links":{"self":[{"href":"https:\/\/maisativos.com.br\/loja\/wp-json\/wp\/v2\/product\/392","targetHints":{"allow":["GET"]}}],"collection":[{"href":"https:\/\/maisativos.com.br\/loja\/wp-json\/wp\/v2\/product"}],"about":[{"href":"https:\/\/maisativos.com.br\/loja\/wp-json\/wp\/v2\/types\/product"}],"wp:featuredmedia":[{"embeddable":true,"href":"https:\/\/maisativos.com.br\/loja\/wp-json\/wp\/v2\/media\/625"}],"wp:attachment":[{"href":"https:\/\/maisativos.com.br\/loja\/wp-json\/wp\/v2\/media?parent=392"}],"wp:term":[{"taxonomy":"product_brand","embeddable":true,"href":"https:\/\/maisativos.com.br\/loja\/wp-json\/wp\/v2\/product_brand?post=392"},{"taxonomy":"product_cat","embeddable":true,"href":"https:\/\/maisativos.com.br\/loja\/wp-json\/wp\/v2\/product_cat?post=392"},{"taxonomy":"product_tag","embeddable":true,"href":"https:\/\/maisativos.com.br\/loja\/wp-json\/wp\/v2\/product_tag?post=392"}],"curies":[{"name":"wp","href":"https:\/\/api.w.org\/{rel}","templated":true}]}}