{"id":3548,"date":"2020-02-02T09:42:36","date_gmt":"2020-02-02T12:42:36","guid":{"rendered":"https:\/\/maisativos.com.br\/loja\/?post_type=product&#038;p=3548"},"modified":"2025-08-31T17:04:37","modified_gmt":"2025-08-31T20:04:37","slug":"fofoca-reversa","status":"publish","type":"product","link":"https:\/\/maisativos.com.br\/loja\/produtos\/fofoca-reversa\/","title":{"rendered":"Fofoca reversa"},"content":{"rendered":"<p class=\"p1\"><span class=\"s1\">Um conto sobre valores envolvidos nos relacionamentos de amizade. Cafofo \u00e9 o personagem principal da hist\u00f3ria. Por que ser\u00e1? Se falar bem dos outros \u00e9 bom, imagine escrever&#8230;Deve ser melhor ainda. Vamos <\/span><span class=\"s1\">descobrir por qu\u00ea?<\/span><\/p>\n<p class=\"p4\"><span class=\"s1\"><b>Autora:\u00a0<\/b>Nyedja Gennari<\/span><\/p>\n<p class=\"p4\"><span class=\"s1\"><b>Ilustra\u00e7\u00f5es:<\/b>\u00a0Bill Borges<br \/>\n<b>ISBN<\/b>:\u00a0978-65-80082-14-8 (Peso 150g)<\/span><span class=\"s2\"><br \/>\n<\/span><span class=\"s1\"><b>Formato:<\/b>\u00a021 x 26cm. Ilustrado, 24 p\u00e1ginas.<br \/>\n<b>Selo editorial:<\/b> Mais Amigos<br \/>\n<b>Edi\u00e7\u00e3o atual:<\/b>\u00a01a (Lan\u00e7amento)<br \/>\n<b>Indica\u00e7\u00e3o<\/b>: ensino fundamental, anos iniciais; EF15<\/span><\/p>\n","protected":false},"excerpt":{"rendered":"<p><span class=\"s1\">Um conto sobre valores envolvidos nos relacionamentos de amizade. Cafofo \u00e9 o personagem principal da hist\u00f3ria.<\/span><\/p>\n","protected":false},"featured_media":3549,"template":"","meta":{"_joinchat":[]},"product_brand":[],"product_cat":[93,68],"product_tag":[106,21,25,105],"class_list":{"0":"post-3548","1":"product","2":"type-product","3":"status-publish","4":"has-post-thumbnail","6":"product_cat-mais-amigos","7":"product_cat-todos","8":"product_tag-amizade","9":"product_tag-criancas","10":"product_tag-ensino-fundamental","11":"product_tag-relacionamentos","12":"latest_post","14":"first","15":"instock","16":"shipping-taxable","17":"purchasable","18":"product-type-simple","19":"add-to-wishlist-after_add_to_cart"},"_links":{"self":[{"href":"https:\/\/maisativos.com.br\/loja\/wp-json\/wp\/v2\/product\/3548","targetHints":{"allow":["GET"]}}],"collection":[{"href":"https:\/\/maisativos.com.br\/loja\/wp-json\/wp\/v2\/product"}],"about":[{"href":"https:\/\/maisativos.com.br\/loja\/wp-json\/wp\/v2\/types\/product"}],"wp:featuredmedia":[{"embeddable":true,"href":"https:\/\/maisativos.com.br\/loja\/wp-json\/wp\/v2\/media\/3549"}],"wp:attachment":[{"href":"https:\/\/maisativos.com.br\/loja\/wp-json\/wp\/v2\/media?parent=3548"}],"wp:term":[{"taxonomy":"product_brand","embeddable":true,"href":"https:\/\/maisativos.com.br\/loja\/wp-json\/wp\/v2\/product_brand?post=3548"},{"taxonomy":"product_cat","embeddable":true,"href":"https:\/\/maisativos.com.br\/loja\/wp-json\/wp\/v2\/product_cat?post=3548"},{"taxonomy":"product_tag","embeddable":true,"href":"https:\/\/maisativos.com.br\/loja\/wp-json\/wp\/v2\/product_tag?post=3548"}],"curies":[{"name":"wp","href":"https:\/\/api.w.org\/{rel}","templated":true}]}}