{"id":1950,"date":"2019-06-04T09:30:40","date_gmt":"2019-06-04T12:30:40","guid":{"rendered":"https:\/\/maisativos.com.br\/loja\/?post_type=product&#038;p=1950"},"modified":"2024-04-04T15:35:15","modified_gmt":"2024-04-04T18:35:15","slug":"ze-perequete-do-o-do-borogodo","status":"publish","type":"product","link":"https:\/\/maisativos.com.br\/loja\/produtos\/ze-perequete-do-o-do-borogodo\/","title":{"rendered":"Z\u00e9 Perequet\u00e9 do \u00d3 do Borogod\u00f3"},"content":{"rendered":"<p class=\"p1\"><span class=\"s1\">Z\u00e9 Perequet\u00e9 \u00e9 tratado a p\u00e3o de l\u00f3 por dona Fil\u00f3, casada com Barnab\u00e9, que tem o pangar\u00e9 Rabic\u00f3 e nele v\u00e3o para o forr\u00f3&#8230; duvi-d\u00ea-\u00f3-d\u00f3 de algu\u00e9m ler a hist\u00f3ria completa sem gargalhar ao menos uma vez com a figura mais popular do \u00d3 do Borodod\u00f3. <\/span><\/p>\n<p class=\"p1\"><span class=\"s1\">Z\u00e9 Perequet\u00e9 \u00e9 uma express\u00e3o da cultura popular nordestina que pode significar \u201ctravesso\u201d ou \u201ctraquino\u201d, ou \u201celegante\u201d. \u00d3 do Borogod\u00f3 \u00e9 outra g\u00edria nordestina que tanto pode significar algo de baixa qualidade, brega ou chato, quanto algo precioso. Nesta obra Z\u00e9 Perequet\u00e9 \u00e9, sem d\u00favida, superelegante e \u00d3 do Borogod\u00f3 um lugar precioso!<\/span><\/p>\n<p class=\"p4\"><span class=\"s1\"><b>Autor:\u00a0<\/b>Sim\u00e3o de Miranda<br \/>\n<\/span><span class=\"s1\"><b>Ilustra\u00e7\u00f5es:<\/b>\u00a0Cibele Santos<br \/>\n<b>ISBN<\/b>:\u00a0978-65-80082-05-6 (Peso 100g)<\/span><span class=\"s2\"><br \/>\n<\/span><span class=\"s1\"><b>Formato:<\/b>\u00a023 x 21cm. Ilustrado, 24 p\u00e1ginas.<br \/>\n<b>Selo editorial:<\/b> Mais Amigos<br \/>\n<b>Editora:<\/b>\u00a0Mais Amigos (Mais Ativos)<br \/>\n<\/span><span class=\"s1\"><b>Edi\u00e7\u00e3o atual:<\/b>\u00a01a (Lan\u00e7amento)<br \/>\n<b>Indica\u00e7\u00e3o<\/b>: ensino fundamental, anos iniciais; EF25.<\/span><\/p>\n","protected":false},"excerpt":{"rendered":"<p><span class=\"s1\">Z\u00e9 Perequet\u00e9 \u00e9 tratado a p\u00e3o de l\u00f3 por dona Fil\u00f3, casada com Barnab\u00e9, que tem o pangar\u00e9 Rabic\u00f3 e nele v\u00e3o para o forr\u00f3&#8230; duvi-d\u00ea-\u00f3-d\u00f3 de algu\u00e9m ler a hist\u00f3ria completa sem gargalhar ao menos uma vez com a figura mais popular do \u00d3 do Borodod\u00f3.<\/span><\/p>\n","protected":false},"featured_media":1951,"template":"","meta":{"_joinchat":[]},"product_brand":[],"product_cat":[93,68],"product_tag":[21,82,88,25],"class_list":{"0":"post-1950","1":"product","2":"type-product","3":"status-publish","4":"has-post-thumbnail","6":"product_cat-mais-amigos","7":"product_cat-todos","8":"product_tag-criancas","9":"product_tag-cultura-brasileira","10":"product_tag-diversidade","11":"product_tag-ensino-fundamental","12":"latest_post","14":"first","15":"instock","16":"shipping-taxable","17":"purchasable","18":"product-type-simple","19":"add-to-wishlist-after_add_to_cart"},"_links":{"self":[{"href":"https:\/\/maisativos.com.br\/loja\/wp-json\/wp\/v2\/product\/1950","targetHints":{"allow":["GET"]}}],"collection":[{"href":"https:\/\/maisativos.com.br\/loja\/wp-json\/wp\/v2\/product"}],"about":[{"href":"https:\/\/maisativos.com.br\/loja\/wp-json\/wp\/v2\/types\/product"}],"wp:featuredmedia":[{"embeddable":true,"href":"https:\/\/maisativos.com.br\/loja\/wp-json\/wp\/v2\/media\/1951"}],"wp:attachment":[{"href":"https:\/\/maisativos.com.br\/loja\/wp-json\/wp\/v2\/media?parent=1950"}],"wp:term":[{"taxonomy":"product_brand","embeddable":true,"href":"https:\/\/maisativos.com.br\/loja\/wp-json\/wp\/v2\/product_brand?post=1950"},{"taxonomy":"product_cat","embeddable":true,"href":"https:\/\/maisativos.com.br\/loja\/wp-json\/wp\/v2\/product_cat?post=1950"},{"taxonomy":"product_tag","embeddable":true,"href":"https:\/\/maisativos.com.br\/loja\/wp-json\/wp\/v2\/product_tag?post=1950"}],"curies":[{"name":"wp","href":"https:\/\/api.w.org\/{rel}","templated":true}]}}