{"id":190,"date":"2022-02-07T07:57:48","date_gmt":"2022-02-07T10:57:48","guid":{"rendered":"http:\/\/maisativos.com.br\/loja\/?post_type=product&#038;p=190"},"modified":"2025-09-01T09:06:32","modified_gmt":"2025-09-01T12:06:32","slug":"a-familia-mais-rica-do-mundo","status":"publish","type":"product","link":"https:\/\/maisativos.com.br\/loja\/produtos\/a-familia-mais-rica-do-mundo\/","title":{"rendered":"A fam\u00edlia mais rica do mundo"},"content":{"rendered":"<p>A matriarca de uma fam\u00edlia de bilion\u00e1rios resolve se questionar se eles seriam felizes\u00a0sem tanto dinheiro. Ent\u00e3o resolve convidar a fam\u00edlia para vivenciar uma experi\u00eancia que lhes\u00a0proporcionar\u00e1 uma percep\u00e7\u00e3o diferente da vida em uma aventura cheia de surpresas e\u00a0poesia.<\/p>\n<p>E n\u00f3s, ser\u00e1 que precisamos de dinheiro para sermos felizes? Muito dinheiro?<\/p>\n<p>Jonas Ribeiro integrou-se definitivamente \u00e0 causa da educa\u00e7\u00e3o financeira infantil e\u00a0vem refor\u00e7ando com seu talento e sensibilidade a corrente humanista que valoriza\u00a0as verdadeiras riquezas em prol de melhor qualidade de vida.<\/p>\n<p>Sugerido para uso no Ensino Fundamental (4o ao 6o ano), crian\u00e7as at\u00e9 12 anos e fam\u00edlias em geral.<br \/>\nUso em educa\u00e7\u00e3o financeira, projetos de est\u00edmulo \u00e0 leitura e conv\u00edvio familiar.<\/p>\n<p><strong>Autor:<\/strong> Jonas Ribeiro<br \/>\n<strong>Ilustra\u00e7\u00f5es:<\/strong> Victor Tavares<br \/>\n<strong>Formato:<\/strong> 21 x 28 cm. Ilustrado, 32 p\u00e1ginas.<br \/>\n<strong>Editora:<\/strong> Mais ativos<\/p>\n","protected":false},"excerpt":{"rendered":"<p>A matriarca de uma fam\u00edlia de bilion\u00e1rios resolve se questionar se eles seriam felizes\u00a0sem tanto dinheiro. Ent\u00e3o resolve convidar a fam\u00edlia para vivenciar uma experi\u00eancia que lhes\u00a0proporcionar\u00e1 uma percep\u00e7\u00e3o diferente da vida em uma aventura cheia de surpresas e\u00a0poesia.<\/p>\n","protected":false},"featured_media":720,"template":"","meta":{"_joinchat":[]},"product_brand":[],"product_cat":[95,68],"product_tag":[],"class_list":{"0":"post-190","1":"product","2":"type-product","3":"status-publish","4":"has-post-thumbnail","6":"product_cat-mais-ativos","7":"product_cat-todos","8":"latest_post","10":"first","11":"instock","12":"shipping-taxable","13":"purchasable","14":"product-type-simple","15":"add-to-wishlist-after_add_to_cart"},"_links":{"self":[{"href":"https:\/\/maisativos.com.br\/loja\/wp-json\/wp\/v2\/product\/190","targetHints":{"allow":["GET"]}}],"collection":[{"href":"https:\/\/maisativos.com.br\/loja\/wp-json\/wp\/v2\/product"}],"about":[{"href":"https:\/\/maisativos.com.br\/loja\/wp-json\/wp\/v2\/types\/product"}],"wp:featuredmedia":[{"embeddable":true,"href":"https:\/\/maisativos.com.br\/loja\/wp-json\/wp\/v2\/media\/720"}],"wp:attachment":[{"href":"https:\/\/maisativos.com.br\/loja\/wp-json\/wp\/v2\/media?parent=190"}],"wp:term":[{"taxonomy":"product_brand","embeddable":true,"href":"https:\/\/maisativos.com.br\/loja\/wp-json\/wp\/v2\/product_brand?post=190"},{"taxonomy":"product_cat","embeddable":true,"href":"https:\/\/maisativos.com.br\/loja\/wp-json\/wp\/v2\/product_cat?post=190"},{"taxonomy":"product_tag","embeddable":true,"href":"https:\/\/maisativos.com.br\/loja\/wp-json\/wp\/v2\/product_tag?post=190"}],"curies":[{"name":"wp","href":"https:\/\/api.w.org\/{rel}","templated":true}]}}