{"id":18920,"date":"2026-01-15T10:49:23","date_gmt":"2026-01-15T13:49:23","guid":{"rendered":"https:\/\/maisativos.com.br\/loja\/?post_type=product&#038;p=18920"},"modified":"2026-01-15T11:25:14","modified_gmt":"2026-01-15T14:25:14","slug":"a-superacao-de-lia","status":"publish","type":"product","link":"https:\/\/maisativos.com.br\/loja\/produtos\/a-superacao-de-lia\/","title":{"rendered":"A supera\u00e7\u00e3o de Lia"},"content":{"rendered":"<p>A SUPERA\u00c7\u00c3O DE LIA \u00e9 uma linda hist\u00f3ria de f\u00e9 e supera\u00e7\u00e3o.<br \/>\nA leoa Lia aprende e ensina que podemos enfrentar as adversidades e transform\u00e1-las em coisas boas e em novas oportunidades.<br \/>\nViaje por esse saf\u00e1ri liter\u00e1rio cheio de emo\u00e7\u00f5es, uma inspira\u00e7\u00e3o para ningu\u00e9m desistir de seus sonhos.<\/p>\n<p><b>Autora:<\/b>\u00a0Gabi Vasconcelos<\/p>\n<p><b>Ilustra\u00e7\u00f5es:<\/b> Victor Tavares<br \/>\n<b>ISBN:<\/b>\u00a0978-65-80082-67-4 (Peso 120g)<br \/>\n<b>Formato:<\/b> 28 p. : il. ; 28cm x 21cm.<br \/>\n<b>Editora:<\/b>\u00a0Mais Amigos<br \/>\n<b>Selo editorial:<\/b>\u00a0Mais Amigos<br \/>\n<b>Edi\u00e7\u00e3o atual:<\/b>\u00a01a (Lan\u00e7amento)<br \/>\n<b>Indica\u00e7\u00e3o:<\/b>\u00a0educa\u00e7\u00e3o infantil e ensino fundamental, anos iniciais; EI03\u00a0e\u00a0EF14.<\/p>\n","protected":false},"excerpt":{"rendered":"<p>A SUPERA\u00c7\u00c3O DE LIA \u00e9 uma linda hist\u00f3ria de f\u00e9 e supera\u00e7\u00e3o.<br \/>\nA leoa Lia aprende e ensina que podemos enfrentar as adversidades e transform\u00e1-las em coisas boas e em novas oportunidades.<br \/>\nViaje por esse saf\u00e1ri liter\u00e1rio cheio de emo\u00e7\u00f5es, uma inspira\u00e7\u00e3o para ningu\u00e9m desistir de seus sonhos.<\/p>\n","protected":false},"featured_media":18921,"template":"","meta":{"_joinchat":[]},"product_brand":[],"product_cat":[165,93,68],"product_tag":[69,207,88,27,77,195],"class_list":{"0":"post-18920","1":"product","2":"type-product","3":"status-publish","4":"has-post-thumbnail","6":"product_cat-lancamentos","7":"product_cat-mais-amigos","8":"product_cat-todos","9":"product_tag-animais","10":"product_tag-desafios","11":"product_tag-diversidade","12":"product_tag-educacao-infantil","13":"product_tag-profissoes","14":"product_tag-superacao","15":"latest_post","17":"first","18":"instock","19":"shipping-taxable","20":"purchasable","21":"product-type-simple","22":"add-to-wishlist-after_add_to_cart"},"_links":{"self":[{"href":"https:\/\/maisativos.com.br\/loja\/wp-json\/wp\/v2\/product\/18920","targetHints":{"allow":["GET"]}}],"collection":[{"href":"https:\/\/maisativos.com.br\/loja\/wp-json\/wp\/v2\/product"}],"about":[{"href":"https:\/\/maisativos.com.br\/loja\/wp-json\/wp\/v2\/types\/product"}],"wp:featuredmedia":[{"embeddable":true,"href":"https:\/\/maisativos.com.br\/loja\/wp-json\/wp\/v2\/media\/18921"}],"wp:attachment":[{"href":"https:\/\/maisativos.com.br\/loja\/wp-json\/wp\/v2\/media?parent=18920"}],"wp:term":[{"taxonomy":"product_brand","embeddable":true,"href":"https:\/\/maisativos.com.br\/loja\/wp-json\/wp\/v2\/product_brand?post=18920"},{"taxonomy":"product_cat","embeddable":true,"href":"https:\/\/maisativos.com.br\/loja\/wp-json\/wp\/v2\/product_cat?post=18920"},{"taxonomy":"product_tag","embeddable":true,"href":"https:\/\/maisativos.com.br\/loja\/wp-json\/wp\/v2\/product_tag?post=18920"}],"curies":[{"name":"wp","href":"https:\/\/api.w.org\/{rel}","templated":true}]}}