{"id":1889,"date":"2019-05-21T03:17:37","date_gmt":"2019-05-21T06:17:37","guid":{"rendered":"https:\/\/maisativos.com.br\/loja\/?post_type=product&#038;p=1889"},"modified":"2025-08-31T17:04:27","modified_gmt":"2025-08-31T20:04:27","slug":"faco-a-minha-parte","status":"publish","type":"product","link":"https:\/\/maisativos.com.br\/loja\/produtos\/faco-a-minha-parte\/","title":{"rendered":"Fa\u00e7o a minha parte"},"content":{"rendered":"<p>Livro de imagens.<br \/>\nEste livro n\u00e3o precisa de palavra para dar o recado sobre consci\u00eancia social e sustentabilidade. Uma gota no oceano \u00e9 mais do que nenhuma. Concorda?<\/p>\n<p><strong>Autor:<\/strong>\u00a0\u00c1lvaro Modernell<br \/>\n<strong>Ilustra\u00e7\u00f5es:<\/strong>\u00a0Bill Borges<br \/>\n<strong>ISBN:<\/strong>\u00a0978-65-80082-03-2 (Peso 100g)<br \/>\n<strong>Formato:<\/strong>\u00a021 x 21cm. Ilustrado, 24 p\u00e1ginas.<br \/>\n<strong>Selo editorial:<\/strong> Mais Amigos<br \/>\n<strong>Editora:<\/strong>\u00a0Mais Amigos (Mais Ativos)<br \/>\n<strong>Edi\u00e7\u00e3o atual:<\/strong>\u00a01a (Lan\u00e7amento)<br \/>\n<strong>\u2028Indica\u00e7\u00e3o:<\/strong> educa\u00e7\u00e3o infantil e ensino fundamental, anos iniciais; EI03, EF14.<\/p>\n","protected":false},"excerpt":{"rendered":"<p>Este livro n\u00e3o precisa de palavra para dar o recado sobre consci\u00eancia social e sustentabilidade. Uma gota no oceano \u00e9 mais do que nenhuma. Concorda?<\/p>\n","protected":false},"featured_media":1890,"template":"","meta":{"_joinchat":[]},"product_brand":[],"product_cat":[93,68],"product_tag":[21,27,25,57,86,85,30],"class_list":{"0":"post-1889","1":"product","2":"type-product","3":"status-publish","4":"has-post-thumbnail","6":"product_cat-mais-amigos","7":"product_cat-todos","8":"product_tag-criancas","9":"product_tag-educacao-infantil","10":"product_tag-ensino-fundamental","11":"product_tag-livro-de-imagens","12":"product_tag-livro-imagem","13":"product_tag-passaros","14":"product_tag-sustentabilidade","15":"latest_post","17":"first","18":"instock","19":"shipping-taxable","20":"purchasable","21":"product-type-simple","22":"add-to-wishlist-after_add_to_cart"},"_links":{"self":[{"href":"https:\/\/maisativos.com.br\/loja\/wp-json\/wp\/v2\/product\/1889","targetHints":{"allow":["GET"]}}],"collection":[{"href":"https:\/\/maisativos.com.br\/loja\/wp-json\/wp\/v2\/product"}],"about":[{"href":"https:\/\/maisativos.com.br\/loja\/wp-json\/wp\/v2\/types\/product"}],"wp:featuredmedia":[{"embeddable":true,"href":"https:\/\/maisativos.com.br\/loja\/wp-json\/wp\/v2\/media\/1890"}],"wp:attachment":[{"href":"https:\/\/maisativos.com.br\/loja\/wp-json\/wp\/v2\/media?parent=1889"}],"wp:term":[{"taxonomy":"product_brand","embeddable":true,"href":"https:\/\/maisativos.com.br\/loja\/wp-json\/wp\/v2\/product_brand?post=1889"},{"taxonomy":"product_cat","embeddable":true,"href":"https:\/\/maisativos.com.br\/loja\/wp-json\/wp\/v2\/product_cat?post=1889"},{"taxonomy":"product_tag","embeddable":true,"href":"https:\/\/maisativos.com.br\/loja\/wp-json\/wp\/v2\/product_tag?post=1889"}],"curies":[{"name":"wp","href":"https:\/\/api.w.org\/{rel}","templated":true}]}}