{"id":18830,"date":"2025-12-11T14:01:12","date_gmt":"2025-12-11T17:01:12","guid":{"rendered":"https:\/\/maisativos.com.br\/loja\/?post_type=product&#038;p=18830"},"modified":"2025-12-11T14:01:12","modified_gmt":"2025-12-11T17:01:12","slug":"violetas-e-margaridas","status":"publish","type":"product","link":"https:\/\/maisativos.com.br\/loja\/produtos\/violetas-e-margaridas\/","title":{"rendered":"Violetas e Margaridas"},"content":{"rendered":"<p>Margarida adorava viver belas hist\u00f3rias pelos caminhos da inf\u00e2ncia. Mas ela sentia falta de amigos. Queria encontrar outras<br \/>\nflores no jardim da vida.<br \/>\nUm dia, o inesperado aconteceu nos corredores do col\u00e9gio. Margarida encontrou Violeta e a amizade floresceu.<br \/>\nQue surpresas e emo\u00e7\u00f5es esse<br \/>\nencontro ir\u00e1 trazer?<\/p>\n<p><!--StartFragment --><\/p>\n<p class=\"pf0\"><strong><span class=\"cf0\">Autor:<\/span><\/strong><span class=\"cf1\"> Ana <\/span><span class=\"cf1\">Rapha<\/span><span class=\"cf1\"> Nunes<\/span><\/p>\n<p class=\"pf0\"><strong><span class=\"cf0\">Ilustra\u00e7\u00f5es:<\/span><\/strong> <span class=\"cf1\">Romont<\/span><span class=\"cf1\"> Willy<\/span><\/p>\n<p class=\"pf0\"><span class=\"cf1\"><strong>ISBN:<\/strong> 978-65-80082-76-6<\/span><\/p>\n<p class=\"pf0\"><span class=\"cf1\"><strong>Formato:<\/strong> 21&#215;26 cm. Ilustrado, 28 p\u00e1ginas.<\/span><\/p>\n<p class=\"pf0\"><span class=\"cf1\"><strong>Editora:<\/strong> Mais Amigos<\/span><\/p>\n<p class=\"pf0\"><span class=\"cf1\"><strong>Edi\u00e7\u00e3o atual:<\/strong> 1\u00aa (Lan\u00e7amento)<\/span><\/p>\n<p class=\"pf0\"><span class=\"cf1\"><strong>Indica\u00e7\u00e3o:<\/strong> Anos iniciais<\/span><\/p>\n<p class=\"pf0\"><span class=\"cf1\"><strong>Faixa et\u00e1ria:<\/strong> 5 a 10 anos<\/span><\/p>\n<p><!--EndFragment --><\/p>\n<p>&nbsp;<\/p>\n","protected":false},"excerpt":{"rendered":"<p>Margarida adorava viver belas hist\u00f3rias pelos caminhos da inf\u00e2ncia. Mas ela sentia falta de amigos. Queria encontrar outras flores no jardim da vida. Um dia, o inesperado aconteceu nos corredores do col\u00e9gio. Margarida encontrou Violeta e a amizade floresceu. Que surpresas e emo\u00e7\u00f5es esse encontro ir\u00e1 trazer? Autor: Ana Rapha Nunes Ilustra\u00e7\u00f5es: Romont Willy ISBN: 978-65-80082-76-6 Formato: 21&#215;26 cm. Ilustrado, 28 p\u00e1ginas. Editora: Mais Amigos Edi\u00e7\u00e3o atual: 1\u00aa (Lan\u00e7amento) Indica\u00e7\u00e3o: Anos iniciais Faixa et\u00e1ria: 5 a 10 anos &nbsp;<\/p>\n","protected":false},"featured_media":18831,"template":"","meta":{"_joinchat":[]},"product_brand":[],"product_cat":[165,93],"product_tag":[106,75,89,147,108],"class_list":{"0":"post-18830","1":"product","2":"type-product","3":"status-publish","4":"has-post-thumbnail","6":"product_cat-lancamentos","7":"product_cat-mais-amigos","8":"product_tag-amizade","9":"product_tag-familia","10":"product_tag-livros","11":"product_tag-natureza","12":"product_tag-sentimentos","13":"latest_post","15":"first","16":"instock","17":"shipping-taxable","18":"purchasable","19":"product-type-simple","20":"add-to-wishlist-after_add_to_cart"},"_links":{"self":[{"href":"https:\/\/maisativos.com.br\/loja\/wp-json\/wp\/v2\/product\/18830","targetHints":{"allow":["GET"]}}],"collection":[{"href":"https:\/\/maisativos.com.br\/loja\/wp-json\/wp\/v2\/product"}],"about":[{"href":"https:\/\/maisativos.com.br\/loja\/wp-json\/wp\/v2\/types\/product"}],"wp:featuredmedia":[{"embeddable":true,"href":"https:\/\/maisativos.com.br\/loja\/wp-json\/wp\/v2\/media\/18831"}],"wp:attachment":[{"href":"https:\/\/maisativos.com.br\/loja\/wp-json\/wp\/v2\/media?parent=18830"}],"wp:term":[{"taxonomy":"product_brand","embeddable":true,"href":"https:\/\/maisativos.com.br\/loja\/wp-json\/wp\/v2\/product_brand?post=18830"},{"taxonomy":"product_cat","embeddable":true,"href":"https:\/\/maisativos.com.br\/loja\/wp-json\/wp\/v2\/product_cat?post=18830"},{"taxonomy":"product_tag","embeddable":true,"href":"https:\/\/maisativos.com.br\/loja\/wp-json\/wp\/v2\/product_tag?post=18830"}],"curies":[{"name":"wp","href":"https:\/\/api.w.org\/{rel}","templated":true}]}}