{"id":18825,"date":"2025-12-08T14:14:06","date_gmt":"2025-12-08T17:14:06","guid":{"rendered":"https:\/\/maisativos.com.br\/loja\/?post_type=product&#038;p=18825"},"modified":"2025-12-08T14:15:11","modified_gmt":"2025-12-08T17:15:11","slug":"profissoes","status":"publish","type":"product","link":"https:\/\/maisativos.com.br\/loja\/produtos\/profissoes\/","title":{"rendered":"Profiss\u00f5es"},"content":{"rendered":"<p>Um livro divertido, que proporciona horas de entretenimento em busca de personagens que representam v\u00e1rias profiss\u00f5es.<br \/>\nPara se realizar em projeto, \u00e9 necess\u00e1ria a coopera\u00e7\u00e3o de muitas pessoas, cada uma com suas habilidades e conhecimentos.<br \/>\nNeste livro, h\u00e1 uma representatividade enorme de trabalhos e profissionais. Ser\u00e1 um desafio encontr\u00e1-los em cada cena em que eles aparecem.<br \/>\nQuem aceita o desafio?<\/p>\n","protected":false},"excerpt":{"rendered":"<p>Um livro divertido, que proporciona horas de entretenimento em busca de personagens que representam v\u00e1rias profiss\u00f5es. Para se realizar em projeto, \u00e9 necess\u00e1ria a coopera\u00e7\u00e3o de muitas pessoas, cada uma com suas habilidades e conhecimentos. Neste livro, h\u00e1 uma representatividade enorme de trabalhos e profissionais. Ser\u00e1 um desafio encontr\u00e1-los em cada cena em que eles aparecem. Quem aceita o desafio?<\/p>\n","protected":false},"featured_media":18826,"template":"","meta":{"_joinchat":[]},"product_brand":[],"product_cat":[93],"product_tag":[106,103,71,21,88,75,77],"class_list":{"0":"post-18825","1":"product","2":"type-product","3":"status-publish","4":"has-post-thumbnail","6":"product_cat-mais-amigos","7":"product_tag-amizade","8":"product_tag-cidadania","9":"product_tag-consumismo","10":"product_tag-criancas","11":"product_tag-diversidade","12":"product_tag-familia","13":"product_tag-profissoes","14":"latest_post","16":"first","17":"instock","18":"shipping-taxable","19":"purchasable","20":"product-type-simple","21":"add-to-wishlist-after_add_to_cart"},"_links":{"self":[{"href":"https:\/\/maisativos.com.br\/loja\/wp-json\/wp\/v2\/product\/18825","targetHints":{"allow":["GET"]}}],"collection":[{"href":"https:\/\/maisativos.com.br\/loja\/wp-json\/wp\/v2\/product"}],"about":[{"href":"https:\/\/maisativos.com.br\/loja\/wp-json\/wp\/v2\/types\/product"}],"wp:featuredmedia":[{"embeddable":true,"href":"https:\/\/maisativos.com.br\/loja\/wp-json\/wp\/v2\/media\/18826"}],"wp:attachment":[{"href":"https:\/\/maisativos.com.br\/loja\/wp-json\/wp\/v2\/media?parent=18825"}],"wp:term":[{"taxonomy":"product_brand","embeddable":true,"href":"https:\/\/maisativos.com.br\/loja\/wp-json\/wp\/v2\/product_brand?post=18825"},{"taxonomy":"product_cat","embeddable":true,"href":"https:\/\/maisativos.com.br\/loja\/wp-json\/wp\/v2\/product_cat?post=18825"},{"taxonomy":"product_tag","embeddable":true,"href":"https:\/\/maisativos.com.br\/loja\/wp-json\/wp\/v2\/product_tag?post=18825"}],"curies":[{"name":"wp","href":"https:\/\/api.w.org\/{rel}","templated":true}]}}