{"id":18823,"date":"2025-12-08T14:06:50","date_gmt":"2025-12-08T17:06:50","guid":{"rendered":"https:\/\/maisativos.com.br\/loja\/?post_type=product&#038;p=18823"},"modified":"2025-12-08T14:06:50","modified_gmt":"2025-12-08T17:06:50","slug":"a-cidade","status":"publish","type":"product","link":"https:\/\/maisativos.com.br\/loja\/produtos\/a-cidade\/","title":{"rendered":"A Cidade"},"content":{"rendered":"<p>Um livro divertido, que proporciona horas de entretenimento observando v\u00e1rias cenas do cotidiano da cidade.<\/p>\n<p>Ao longo do dia, as pessoas passam por muitas situa\u00e7\u00f5es. De manh\u00e3, algumas v\u00e3o trabalhar, outras para a escola. Na hora do almo\u00e7o, a cidade tem atividades intensas.<\/p>\n<p>Ao anoitecer, alguns v\u00e3o para casa descansar e outros saem para se divertir.<\/p>\n<p>Quem aceita o desafio de observar a vida na cidade?<\/p>\n","protected":false},"excerpt":{"rendered":"<p>Um livro divertido, que proporciona horas de entretenimento observando v\u00e1rias cenas do cotidiano da cidade.<\/p>\n<p>Ao longo do dia, as pessoas passam por muitas situa\u00e7\u00f5es. De manh\u00e3, algumas v\u00e3o trabalhar, outras para a escola. Na hora do almo\u00e7o, a cidade tem atividades intensas.<\/p>\n<p>Ao anoitecer, alguns v\u00e3o para casa descansar e outros saem para se divertir.<\/p>\n<p>Quem aceita o desafio de observar a vida na cidade?<\/p>\n","protected":false},"featured_media":18824,"template":"","meta":{"_joinchat":[]},"product_brand":[],"product_cat":[93],"product_tag":[106,103,126,21,88,75],"class_list":{"0":"post-18823","1":"product","2":"type-product","3":"status-publish","4":"has-post-thumbnail","6":"product_cat-mais-amigos","7":"product_tag-amizade","8":"product_tag-cidadania","9":"product_tag-cidades","10":"product_tag-criancas","11":"product_tag-diversidade","12":"product_tag-familia","13":"latest_post","15":"first","16":"instock","17":"shipping-taxable","18":"purchasable","19":"product-type-simple","20":"add-to-wishlist-after_add_to_cart"},"_links":{"self":[{"href":"https:\/\/maisativos.com.br\/loja\/wp-json\/wp\/v2\/product\/18823","targetHints":{"allow":["GET"]}}],"collection":[{"href":"https:\/\/maisativos.com.br\/loja\/wp-json\/wp\/v2\/product"}],"about":[{"href":"https:\/\/maisativos.com.br\/loja\/wp-json\/wp\/v2\/types\/product"}],"wp:featuredmedia":[{"embeddable":true,"href":"https:\/\/maisativos.com.br\/loja\/wp-json\/wp\/v2\/media\/18824"}],"wp:attachment":[{"href":"https:\/\/maisativos.com.br\/loja\/wp-json\/wp\/v2\/media?parent=18823"}],"wp:term":[{"taxonomy":"product_brand","embeddable":true,"href":"https:\/\/maisativos.com.br\/loja\/wp-json\/wp\/v2\/product_brand?post=18823"},{"taxonomy":"product_cat","embeddable":true,"href":"https:\/\/maisativos.com.br\/loja\/wp-json\/wp\/v2\/product_cat?post=18823"},{"taxonomy":"product_tag","embeddable":true,"href":"https:\/\/maisativos.com.br\/loja\/wp-json\/wp\/v2\/product_tag?post=18823"}],"curies":[{"name":"wp","href":"https:\/\/api.w.org\/{rel}","templated":true}]}}