{"id":18814,"date":"2025-11-28T10:43:11","date_gmt":"2025-11-28T13:43:11","guid":{"rendered":"https:\/\/maisativos.com.br\/loja\/?post_type=product&#038;p=18814"},"modified":"2025-12-08T15:19:38","modified_gmt":"2025-12-08T18:19:38","slug":"menino-jardineiro","status":"publish","type":"product","link":"https:\/\/maisativos.com.br\/loja\/produtos\/menino-jardineiro\/","title":{"rendered":"Menino Jardineiro"},"content":{"rendered":"<p>Menino Jardineiro \u00e9 mais do que uma hist\u00f3ria sobre plantas, flores e frutos em um lindo jardim. \u00c9 sobre o que semeamos e cultivamos em nossas vidas. A integra\u00e7\u00e3o dos personagens com a natureza de maneira divertida e cativante exala alegria e desperta a vontade de plantar felicidade pelos caminhos por onde passamos.<\/p>\n<p><strong>Autor(a)<\/strong>: Alexandre Parente<br \/>\n<strong>Ilustra\u00e7\u00f5es<\/strong>: Elder Galv\u00e3o<br \/>\n<strong>Formato<\/strong>: 21 x 26cm. Ilustrado, 36 p\u00e1ginas.<br \/>\n<strong>Editora<\/strong>: Mais Amigos<br \/>\n<strong>Indica\u00e7\u00e3o<\/strong>: anos iniciais do ensino fundamental<\/p>\n","protected":false},"excerpt":{"rendered":"<p>Menino Jardineiro \u00e9 mais do que uma hist\u00f3ria sobre plantas, flores e frutos em um lindo jardim. \u00c9 sobre o que semeamos e cultivamos em nossas vidas. A integra\u00e7\u00e3o dos personagens com a natureza de maneira divertida e cativante exala alegria e desperta a vontade de plantar felicidade pelos caminhos por onde passamos.<\/p>\n<p><strong>Autor(a)<\/strong>: Alexandre Parente<br \/>\n<strong>Ilustra\u00e7\u00f5es<\/strong>: Elder Galv\u00e3o<br \/>\n<strong>Formato<\/strong>: 21 x 26cm. Ilustrado, 36 p\u00e1ginas.<br \/>\n<strong>Editora<\/strong>: Mais Amigos<br \/>\n<strong>Indica\u00e7\u00e3o<\/strong>: Anos iniciais do ensino fundamental<\/p>\n","protected":false},"featured_media":18816,"template":"","meta":{"_joinchat":[]},"product_brand":[],"product_cat":[165,93,68],"product_tag":[154,152,121,147],"class_list":{"0":"post-18814","1":"product","2":"type-product","3":"status-publish","4":"has-post-thumbnail","6":"product_cat-lancamentos","7":"product_cat-mais-amigos","8":"product_cat-todos","9":"product_tag-formacao-de-leitores","10":"product_tag-leitura","11":"product_tag-meio-ambiente","12":"product_tag-natureza","13":"latest_post","15":"first","16":"instock","17":"shipping-taxable","18":"purchasable","19":"product-type-simple","20":"add-to-wishlist-after_add_to_cart"},"_links":{"self":[{"href":"https:\/\/maisativos.com.br\/loja\/wp-json\/wp\/v2\/product\/18814","targetHints":{"allow":["GET"]}}],"collection":[{"href":"https:\/\/maisativos.com.br\/loja\/wp-json\/wp\/v2\/product"}],"about":[{"href":"https:\/\/maisativos.com.br\/loja\/wp-json\/wp\/v2\/types\/product"}],"wp:featuredmedia":[{"embeddable":true,"href":"https:\/\/maisativos.com.br\/loja\/wp-json\/wp\/v2\/media\/18816"}],"wp:attachment":[{"href":"https:\/\/maisativos.com.br\/loja\/wp-json\/wp\/v2\/media?parent=18814"}],"wp:term":[{"taxonomy":"product_brand","embeddable":true,"href":"https:\/\/maisativos.com.br\/loja\/wp-json\/wp\/v2\/product_brand?post=18814"},{"taxonomy":"product_cat","embeddable":true,"href":"https:\/\/maisativos.com.br\/loja\/wp-json\/wp\/v2\/product_cat?post=18814"},{"taxonomy":"product_tag","embeddable":true,"href":"https:\/\/maisativos.com.br\/loja\/wp-json\/wp\/v2\/product_tag?post=18814"}],"curies":[{"name":"wp","href":"https:\/\/api.w.org\/{rel}","templated":true}]}}