{"id":18803,"date":"2025-10-17T13:59:44","date_gmt":"2025-10-17T16:59:44","guid":{"rendered":"https:\/\/maisativos.com.br\/loja\/?post_type=product&#038;p=18803"},"modified":"2025-10-17T13:59:44","modified_gmt":"2025-10-17T16:59:44","slug":"os-sentidos-de-fred","status":"publish","type":"product","link":"https:\/\/maisativos.com.br\/loja\/produtos\/os-sentidos-de-fred\/","title":{"rendered":"Os sentidos de Fred"},"content":{"rendered":"","protected":false},"excerpt":{"rendered":"<p>O excesso de telas fez com que os cinco<br \/>\nsentidos de Fred ficassem adormecidos.<br \/>\nN\u00e3o via, n\u00e3o ouvia, n\u00e3o sentia cheiros<br \/>\nnem nada mais fora do mundo digital.<br \/>\nPor sorte, isso mudou e ele redescobriu<br \/>\no sentido principal: o sentido da vida!<\/p>\n","protected":false},"featured_media":18804,"template":"","meta":{"_joinchat":[]},"product_brand":[],"product_cat":[165,93],"product_tag":[75,203,206,147,204,205],"class_list":{"0":"post-18803","1":"product","2":"type-product","3":"status-publish","4":"has-post-thumbnail","6":"product_cat-lancamentos","7":"product_cat-mais-amigos","8":"product_tag-familia","9":"product_tag-internet","10":"product_tag-jogos","11":"product_tag-natureza","12":"product_tag-sentidos","13":"product_tag-telas","14":"latest_post","16":"first","17":"instock","18":"shipping-taxable","19":"purchasable","20":"product-type-simple","21":"add-to-wishlist-after_add_to_cart"},"_links":{"self":[{"href":"https:\/\/maisativos.com.br\/loja\/wp-json\/wp\/v2\/product\/18803","targetHints":{"allow":["GET"]}}],"collection":[{"href":"https:\/\/maisativos.com.br\/loja\/wp-json\/wp\/v2\/product"}],"about":[{"href":"https:\/\/maisativos.com.br\/loja\/wp-json\/wp\/v2\/types\/product"}],"wp:featuredmedia":[{"embeddable":true,"href":"https:\/\/maisativos.com.br\/loja\/wp-json\/wp\/v2\/media\/18804"}],"wp:attachment":[{"href":"https:\/\/maisativos.com.br\/loja\/wp-json\/wp\/v2\/media?parent=18803"}],"wp:term":[{"taxonomy":"product_brand","embeddable":true,"href":"https:\/\/maisativos.com.br\/loja\/wp-json\/wp\/v2\/product_brand?post=18803"},{"taxonomy":"product_cat","embeddable":true,"href":"https:\/\/maisativos.com.br\/loja\/wp-json\/wp\/v2\/product_cat?post=18803"},{"taxonomy":"product_tag","embeddable":true,"href":"https:\/\/maisativos.com.br\/loja\/wp-json\/wp\/v2\/product_tag?post=18803"}],"curies":[{"name":"wp","href":"https:\/\/api.w.org\/{rel}","templated":true}]}}