{"id":18779,"date":"2025-08-04T14:36:20","date_gmt":"2025-08-04T17:36:20","guid":{"rendered":"https:\/\/maisativos.com.br\/loja\/?post_type=product&#038;p=18779"},"modified":"2025-08-31T17:12:58","modified_gmt":"2025-08-31T20:12:58","slug":"um-menino-genial","status":"publish","type":"product","link":"https:\/\/maisativos.com.br\/loja\/produtos\/um-menino-genial\/","title":{"rendered":"Um menino genial"},"content":{"rendered":"<p><span style=\"color: #333333\">A festa de anivers\u00e1rio de Rafael prometia ser perfeita. Mas, tudo se transformou com uma presen\u00e7a inesperada e um repentino apag\u00e3o. No meio da escurid\u00e3o, a salva\u00e7\u00e3o surgiu na figura de um garoto que surpreendeu a todos. Espere por uma virada que far\u00e1 voc\u00ea questionar suas primeiras impress\u00f5es. O que acontece quando a luz some e surge um her\u00f3i para salvar a comemora\u00e7\u00e3o?<br \/>\nVoc\u00ea n\u00e3o vai querer perder esta hist\u00f3ria eletrizante!<\/p>\n<p><b>Autora:<\/b>\u00a0Jacqueline de Mattos<\/p>\n<p><b>Ilustra\u00e7\u00f5es:<\/b>\u00a0Oscar Reinstein<br \/>\n<b>ISBN:<\/b>\u00a0ISBN 978-65-80082-65-0 (Peso 120g)<br \/>\n<b>Formato:<\/b>\u00a021&#215;26 cm. Ilustrado, 31 p\u00e1ginas.<br \/>\n<b>Editora:<\/b>\u00a0Mais Amigos<br \/>\n<b>Selo editorial:<\/b>\u00a0Mais Amigos<br \/>\n<b>Edi\u00e7\u00e3o atual:<\/b>\u00a01a (Lan\u00e7amento)<br \/>\n<b>Indica\u00e7\u00e3o:<\/b>\u00a0educa\u00e7\u00e3o infantil e ensino fundamental, anos iniciais; EI03\u00a0e\u00a0EF14.<\/span><\/p>\n","protected":false},"excerpt":{"rendered":"<p><span style=\"color: #333333\">A festa de anivers\u00e1rio de Rafael prometia ser perfeita. Mas, tudo se transformou com uma presen\u00e7a inesperada e um repentino apag\u00e3o. No meio da escurid\u00e3o, a salva\u00e7\u00e3o surgiu na figura de um garoto que surpreendeu a todos. Espere por uma virada que far\u00e1 voc\u00ea questionar suas primeiras impress\u00f5es. O que acontece quando a luz some e surge um her\u00f3i para salvar a comemora\u00e7\u00e3o?<br \/>\nVoc\u00ea n\u00e3o vai querer perder esta hist\u00f3ria eletrizante!.<\/span><\/p>\n","protected":false},"featured_media":18780,"template":"","meta":{"_joinchat":[]},"product_brand":[],"product_cat":[165,93],"product_tag":[199,169,74,21,101,25,142],"class_list":{"0":"post-18779","1":"product","2":"type-product","3":"status-publish","4":"has-post-thumbnail","6":"product_cat-lancamentos","7":"product_cat-mais-amigos","8":"product_tag-aniversario","9":"product_tag-brincadeiras","10":"product_tag-bullying","11":"product_tag-criancas","12":"product_tag-emocoes","13":"product_tag-ensino-fundamental","14":"product_tag-sentimentos-e-familia","15":"latest_post","17":"first","18":"instock","19":"shipping-taxable","20":"purchasable","21":"product-type-simple","22":"add-to-wishlist-after_add_to_cart"},"_links":{"self":[{"href":"https:\/\/maisativos.com.br\/loja\/wp-json\/wp\/v2\/product\/18779","targetHints":{"allow":["GET"]}}],"collection":[{"href":"https:\/\/maisativos.com.br\/loja\/wp-json\/wp\/v2\/product"}],"about":[{"href":"https:\/\/maisativos.com.br\/loja\/wp-json\/wp\/v2\/types\/product"}],"wp:featuredmedia":[{"embeddable":true,"href":"https:\/\/maisativos.com.br\/loja\/wp-json\/wp\/v2\/media\/18780"}],"wp:attachment":[{"href":"https:\/\/maisativos.com.br\/loja\/wp-json\/wp\/v2\/media?parent=18779"}],"wp:term":[{"taxonomy":"product_brand","embeddable":true,"href":"https:\/\/maisativos.com.br\/loja\/wp-json\/wp\/v2\/product_brand?post=18779"},{"taxonomy":"product_cat","embeddable":true,"href":"https:\/\/maisativos.com.br\/loja\/wp-json\/wp\/v2\/product_cat?post=18779"},{"taxonomy":"product_tag","embeddable":true,"href":"https:\/\/maisativos.com.br\/loja\/wp-json\/wp\/v2\/product_tag?post=18779"}],"curies":[{"name":"wp","href":"https:\/\/api.w.org\/{rel}","templated":true}]}}