{"id":18714,"date":"2025-03-25T11:35:10","date_gmt":"2025-03-25T14:35:10","guid":{"rendered":"https:\/\/maisativos.com.br\/loja\/?post_type=product&#038;p=18714"},"modified":"2025-03-25T11:55:08","modified_gmt":"2025-03-25T14:55:08","slug":"os-chapeus-da-inclusao","status":"publish","type":"product","link":"https:\/\/maisativos.com.br\/loja\/produtos\/os-chapeus-da-inclusao\/","title":{"rendered":"OS CHAP\u00c9US DA INCLUS\u00c3O"},"content":{"rendered":"<p><span style=\"color: #333333\">A hist\u00f3ria de Lia, uma menina que nasceu com S\u00edndrome de Down e tem uma vida cheia de sorrisos, descobertas e chap\u00e9us, cada um com uma cor que representa um estado de esp\u00edrito diferente. <\/p>\n<p>BNCC: Atende a Objetivos de Aprendizagens e Desenvolvimento de v\u00e1rias \u00e1reas de conhecimento do 1\u00ba ao 3\u00ba ano do Ensino Fundamental.<\/p>\n<p><b>Autora:\u00a0<\/b>Nyedja Gennari<\/p>\n<p><b>Ilustra\u00e7\u00f5es:<\/b>\u00a0J\u00fanior Caramez<\/p>\n<p><b>ISBN<\/b>:\u00a0978-65-86396-01-0 (Peso 150g)<br \/>\n<b>Formato:<\/b>\u00a021 x 26cm. Ilustrado, 24 p\u00e1ginas.<br \/>\n<b>Selo editorial:<\/b>\u00a0Mais Amigos<br \/>\n<b>Edi\u00e7\u00e3o atual:<\/b>\u00a01a (Lan\u00e7amento)<br \/>\n<b>Indica\u00e7\u00e3o<\/b>: Anos iniciais do Ensino Fundamental (EF13).<\/p>\n","protected":false},"excerpt":{"rendered":"<p><span style=\"color: #333333\">A hist\u00f3ria de Lia, uma menina que nasceu com S\u00edndrome de Down e tem uma vida cheia de sorrisos, descobertas e chap\u00e9us, cada um com uma cor que representa um estado de esp\u00edrito diferente.<\/span> <\/p>\n<p>BNCC: Atende a Objetivos de Aprendizagens e Desenvolvimento de v\u00e1rias \u00e1reas de conhecimento do 1\u00ba ao 3\u00ba ano do Ensino Fundamental.<\/p>\n","protected":false},"featured_media":18715,"template":"","meta":{"_joinchat":[]},"product_brand":[],"product_cat":[165,93,68],"product_tag":[21,88,186,79,196,195,194],"class_list":{"0":"post-18714","1":"product","2":"type-product","3":"status-publish","4":"has-post-thumbnail","6":"product_cat-lancamentos","7":"product_cat-mais-amigos","8":"product_cat-todos","9":"product_tag-criancas","10":"product_tag-diversidade","11":"product_tag-empatia","12":"product_tag-inclusao","13":"product_tag-sindrome-de-down","14":"product_tag-superacao","15":"product_tag-vestuario","16":"latest_post","18":"first","19":"instock","20":"shipping-taxable","21":"purchasable","22":"product-type-simple","23":"add-to-wishlist-after_add_to_cart"},"_links":{"self":[{"href":"https:\/\/maisativos.com.br\/loja\/wp-json\/wp\/v2\/product\/18714","targetHints":{"allow":["GET"]}}],"collection":[{"href":"https:\/\/maisativos.com.br\/loja\/wp-json\/wp\/v2\/product"}],"about":[{"href":"https:\/\/maisativos.com.br\/loja\/wp-json\/wp\/v2\/types\/product"}],"wp:featuredmedia":[{"embeddable":true,"href":"https:\/\/maisativos.com.br\/loja\/wp-json\/wp\/v2\/media\/18715"}],"wp:attachment":[{"href":"https:\/\/maisativos.com.br\/loja\/wp-json\/wp\/v2\/media?parent=18714"}],"wp:term":[{"taxonomy":"product_brand","embeddable":true,"href":"https:\/\/maisativos.com.br\/loja\/wp-json\/wp\/v2\/product_brand?post=18714"},{"taxonomy":"product_cat","embeddable":true,"href":"https:\/\/maisativos.com.br\/loja\/wp-json\/wp\/v2\/product_cat?post=18714"},{"taxonomy":"product_tag","embeddable":true,"href":"https:\/\/maisativos.com.br\/loja\/wp-json\/wp\/v2\/product_tag?post=18714"}],"curies":[{"name":"wp","href":"https:\/\/api.w.org\/{rel}","templated":true}]}}