{"id":18609,"date":"2025-01-30T00:25:00","date_gmt":"2025-01-30T03:25:00","guid":{"rendered":"https:\/\/maisativos.com.br\/loja\/?post_type=product&#038;p=18609"},"modified":"2025-08-31T17:02:22","modified_gmt":"2025-08-31T20:02:22","slug":"curiositas-e-a-palavra-que-falta","status":"publish","type":"product","link":"https:\/\/maisativos.com.br\/loja\/produtos\/curiositas-e-a-palavra-que-falta\/","title":{"rendered":"Curiositas e a palavra que falta"},"content":{"rendered":"<p>Curiositas \u00e9 um menino curioso que acordou com a certeza de que faltava uma palavra. Depois de compartilhar sua inquieta\u00e7\u00e3o com colegas da escola, sua certeza aumentou. Que palavra \u00e9 essa? Como uma palavra pode sumir? Um livro sobre a import\u00e2ncia da escuta e do respeito ao outro para promo\u00e7\u00e3o de uma cultura de paz. Na hist\u00f3ria, a amizade e a sabedoria juntas provam que podem superar quaisquer desafios, at\u00e9 mesmo descobrir o mist\u00e9rio da palavra perdida.<\/p>\n","protected":false},"excerpt":{"rendered":"<p>Curiositas \u00e9 um menino curioso que acordou com a certeza de que faltava uma palavra. Um livro sobre a import\u00e2ncia da escuta e do respeito ao outro para promo\u00e7\u00e3o de uma cultura de paz.<\/p>\n","protected":false},"featured_media":18610,"template":"","meta":{"_joinchat":[]},"product_brand":[],"product_cat":[165,93],"product_tag":[106,74,185,186],"class_list":{"0":"post-18609","1":"product","2":"type-product","3":"status-publish","4":"has-post-thumbnail","6":"product_cat-lancamentos","7":"product_cat-mais-amigos","8":"product_tag-amizade","9":"product_tag-bullying","10":"product_tag-cultura-de-paz","11":"product_tag-empatia","12":"latest_post","14":"first","15":"instock","16":"shipping-taxable","17":"purchasable","18":"product-type-simple","19":"add-to-wishlist-after_add_to_cart"},"_links":{"self":[{"href":"https:\/\/maisativos.com.br\/loja\/wp-json\/wp\/v2\/product\/18609","targetHints":{"allow":["GET"]}}],"collection":[{"href":"https:\/\/maisativos.com.br\/loja\/wp-json\/wp\/v2\/product"}],"about":[{"href":"https:\/\/maisativos.com.br\/loja\/wp-json\/wp\/v2\/types\/product"}],"wp:featuredmedia":[{"embeddable":true,"href":"https:\/\/maisativos.com.br\/loja\/wp-json\/wp\/v2\/media\/18610"}],"wp:attachment":[{"href":"https:\/\/maisativos.com.br\/loja\/wp-json\/wp\/v2\/media?parent=18609"}],"wp:term":[{"taxonomy":"product_brand","embeddable":true,"href":"https:\/\/maisativos.com.br\/loja\/wp-json\/wp\/v2\/product_brand?post=18609"},{"taxonomy":"product_cat","embeddable":true,"href":"https:\/\/maisativos.com.br\/loja\/wp-json\/wp\/v2\/product_cat?post=18609"},{"taxonomy":"product_tag","embeddable":true,"href":"https:\/\/maisativos.com.br\/loja\/wp-json\/wp\/v2\/product_tag?post=18609"}],"curies":[{"name":"wp","href":"https:\/\/api.w.org\/{rel}","templated":true}]}}