{"id":18425,"date":"2024-12-13T16:22:02","date_gmt":"2024-12-13T19:22:02","guid":{"rendered":"https:\/\/maisativos.com.br\/loja\/?post_type=product&#038;p=18425"},"modified":"2025-08-31T17:01:07","modified_gmt":"2025-08-31T20:01:07","slug":"arena-bola-de-gude","status":"publish","type":"product","link":"https:\/\/maisativos.com.br\/loja\/produtos\/arena-bola-de-gude\/","title":{"rendered":"Arena Bola de Gude"},"content":{"rendered":"<p class=\"p1\">Arena Bola de Gude \u00e9 um conto fant\u00e1stico em que um estudante queria<br \/>\nser jogador de futebol, mas teve que encontrar outro caminho para<br \/>\nrealizar-se como atleta. Ele tinha problemas de sa\u00fade que o impediam de<br \/>\njogar bola, no entanto, sua imagina\u00e7\u00e3o compensava isso com maestria.<br \/>\nDe repente, ele \u00e9 transportado do ambiente da escola para uma arena<br \/>\nonde ser\u00e1 disputada a Copa do Mundo de Bolas de Gude.<br \/>\nCarolo assume a dif\u00edcil miss\u00e3o de representar a sele\u00e7\u00e3o brasileira.<br \/>\nSupera\u00e7\u00e3o, emo\u00e7\u00e3o, desafio, determina\u00e7\u00e3o e surpresa s\u00e3o alguns dos<br \/>\nmuitos elementos presentes nesta encantadora hist\u00f3ria.<\/p>\n<p class=\"p2\"><span class=\"s1\"><b>Autor:<\/b>Wellington dos Santos<br \/>\ne Karine Morachik<\/span><\/p>\n<p class=\"p2\"><span class=\"s1\"><b>Ilustra\u00e7\u00f5es:<\/b> Diego Diniz<br \/>\n<b>ISBN<\/b>: 978-65-80082-28-5<\/span><span class=\"s2\"><br \/>\n<\/span><span class=\"s1\"><b>Formato:<\/b> 14 x 21cm. Ilustrado, 42 p\u00e1ginas.<br \/>\n<b>Selo editorial:<\/b> Mais Amigos<br \/>\n<b>Edi\u00e7\u00e3o atual:<\/b>\u00a01a (Lan\u00e7amento)<br \/>\n<b>Indica\u00e7\u00e3o<\/b>: ensino fundamental, anos finais; EF59.<\/span><\/p>\n","protected":false},"excerpt":{"rendered":"<p>Arena Bola de Gude \u00e9 um conto fant\u00e1stico em que um estudante queria<br \/>\nser jogador de futebol, mas teve que encontrar outro caminho para<br \/>\nrealizar-se como atleta. Ele tinha problemas de sa\u00fade que o impediam de<br \/>\njogar bola, no entanto, sua imagina\u00e7\u00e3o compensava isso com maestria.<br \/>\nDe repente, ele \u00e9 transportado do ambiente da escola para uma arena<br \/>\nonde ser\u00e1 disputada a Copa do Mundo de Bolas de Gude.<br \/>\nCarolo assume a dif\u00edcil miss\u00e3o de representar a sele\u00e7\u00e3o brasileira.<br \/>\nSupera\u00e7\u00e3o, emo\u00e7\u00e3o, desafio, determina\u00e7\u00e3o e surpresa s\u00e3o alguns dos<br \/>\nmuitos elementos presentes nesta encantadora hist\u00f3ria.<\/p>\n","protected":false},"featured_media":18427,"template":"","meta":{"_joinchat":[]},"product_brand":[],"product_cat":[165,93,68],"product_tag":[88,79,96,98,105],"class_list":{"0":"post-18425","1":"product","2":"type-product","3":"status-publish","4":"has-post-thumbnail","6":"product_cat-lancamentos","7":"product_cat-mais-amigos","8":"product_cat-todos","9":"product_tag-diversidade","10":"product_tag-inclusao","11":"product_tag-jovens","12":"product_tag-literatura-infanto-juvenil","13":"product_tag-relacionamentos","14":"latest_post","16":"first","17":"instock","18":"shipping-taxable","19":"purchasable","20":"product-type-simple","21":"add-to-wishlist-after_add_to_cart"},"_links":{"self":[{"href":"https:\/\/maisativos.com.br\/loja\/wp-json\/wp\/v2\/product\/18425","targetHints":{"allow":["GET"]}}],"collection":[{"href":"https:\/\/maisativos.com.br\/loja\/wp-json\/wp\/v2\/product"}],"about":[{"href":"https:\/\/maisativos.com.br\/loja\/wp-json\/wp\/v2\/types\/product"}],"wp:featuredmedia":[{"embeddable":true,"href":"https:\/\/maisativos.com.br\/loja\/wp-json\/wp\/v2\/media\/18427"}],"wp:attachment":[{"href":"https:\/\/maisativos.com.br\/loja\/wp-json\/wp\/v2\/media?parent=18425"}],"wp:term":[{"taxonomy":"product_brand","embeddable":true,"href":"https:\/\/maisativos.com.br\/loja\/wp-json\/wp\/v2\/product_brand?post=18425"},{"taxonomy":"product_cat","embeddable":true,"href":"https:\/\/maisativos.com.br\/loja\/wp-json\/wp\/v2\/product_cat?post=18425"},{"taxonomy":"product_tag","embeddable":true,"href":"https:\/\/maisativos.com.br\/loja\/wp-json\/wp\/v2\/product_tag?post=18425"}],"curies":[{"name":"wp","href":"https:\/\/api.w.org\/{rel}","templated":true}]}}