{"id":18419,"date":"2024-12-06T16:00:12","date_gmt":"2024-12-06T19:00:12","guid":{"rendered":"https:\/\/maisativos.com.br\/loja\/?post_type=product&#038;p=18419"},"modified":"2025-09-01T08:52:20","modified_gmt":"2025-09-01T11:52:20","slug":"efeito-abelha","status":"publish","type":"product","link":"https:\/\/maisativos.com.br\/loja\/produtos\/efeito-abelha\/","title":{"rendered":"Efeito Abelha"},"content":{"rendered":"<p>\u201cA coragem sempre surge<br \/>\nquando a esperan\u00e7a mais precisa\u201d<\/p>\n<p>Nesta aventura, Esperan\u00e7a e sua turma<br \/>\ncontam com o impulso da abelha Coragem e de um<br \/>\ns\u00e1bio para construir solu\u00e7\u00f5es para o meio ambiente.<br \/>\nBaseando-se em ensinamentos simples e milenares,<br \/>\na turma de Esperan\u00e7a revigora a cidade e cria o<br \/>\n\u201cEfeito Abelha\u201d, um projeto inovador<br \/>\nque vai nos mostrar como pequenas a\u00e7\u00f5es<br \/>\npodem gerar grandes resultados.<\/p>\n<p><strong>Autor(a):<\/strong> Chael Mazza e Elvira Cruvinel<br \/>\n<strong>Ilustra\u00e7\u00f5es:<\/strong> Bill Borges<br \/>\n<strong>Formato:<\/strong> 21 x 26cm. Ilustrado, 36 p\u00e1ginas.<br \/>\n<strong>Editora:<\/strong> Mais Ativos<br \/>\n<strong>Indica\u00e7\u00e3o:<\/strong> ensino fundamental, fam\u00edlias, cooperativas<\/p>\n","protected":false},"excerpt":{"rendered":"<p>\u201cA coragem sempre surge<br \/>\nquando a esperan\u00e7a mais precisa\u201d<\/p>\n<p>Nesta aventura, Esperan\u00e7a e sua turma<br \/>\ncontam com o impulso da abelha Coragem e de um<br \/>\ns\u00e1bio para construir solu\u00e7\u00f5es para o meio ambiente.<br \/>\nBaseando-se em ensinamentos simples e milenares,<br \/>\na turma de Esperan\u00e7a revigora a cidade e cria o<br \/>\n\u201cEfeito Abelha\u201d, um projeto inovador<br \/>\nque vai nos mostrar como pequenas a\u00e7\u00f5es<br \/>\npodem gerar grandes resultados.<\/p>\n","protected":false},"featured_media":18420,"template":"","meta":{"_joinchat":[]},"product_brand":[],"product_cat":[165,95,68],"product_tag":[167,22,123],"class_list":{"0":"post-18419","1":"product","2":"type-product","3":"status-publish","4":"has-post-thumbnail","6":"product_cat-lancamentos","7":"product_cat-mais-ativos","8":"product_cat-todos","9":"product_tag-cooperativas","10":"product_tag-educacao-financeira","11":"product_tag-escola","12":"latest_post","14":"first","15":"instock","16":"shipping-taxable","17":"purchasable","18":"product-type-simple","19":"add-to-wishlist-after_add_to_cart"},"_links":{"self":[{"href":"https:\/\/maisativos.com.br\/loja\/wp-json\/wp\/v2\/product\/18419","targetHints":{"allow":["GET"]}}],"collection":[{"href":"https:\/\/maisativos.com.br\/loja\/wp-json\/wp\/v2\/product"}],"about":[{"href":"https:\/\/maisativos.com.br\/loja\/wp-json\/wp\/v2\/types\/product"}],"wp:featuredmedia":[{"embeddable":true,"href":"https:\/\/maisativos.com.br\/loja\/wp-json\/wp\/v2\/media\/18420"}],"wp:attachment":[{"href":"https:\/\/maisativos.com.br\/loja\/wp-json\/wp\/v2\/media?parent=18419"}],"wp:term":[{"taxonomy":"product_brand","embeddable":true,"href":"https:\/\/maisativos.com.br\/loja\/wp-json\/wp\/v2\/product_brand?post=18419"},{"taxonomy":"product_cat","embeddable":true,"href":"https:\/\/maisativos.com.br\/loja\/wp-json\/wp\/v2\/product_cat?post=18419"},{"taxonomy":"product_tag","embeddable":true,"href":"https:\/\/maisativos.com.br\/loja\/wp-json\/wp\/v2\/product_tag?post=18419"}],"curies":[{"name":"wp","href":"https:\/\/api.w.org\/{rel}","templated":true}]}}