{"id":1836,"date":"2019-04-10T23:12:00","date_gmt":"2019-04-11T02:12:00","guid":{"rendered":"https:\/\/maisativos.com.br\/loja\/?post_type=product&#038;p=1836"},"modified":"2024-10-15T10:47:44","modified_gmt":"2024-10-15T13:47:44","slug":"os-chapeus-do-xanduca","status":"publish","type":"product","link":"https:\/\/maisativos.com.br\/loja\/produtos\/os-chapeus-do-xanduca\/","title":{"rendered":"Os chap\u00e9us do Xanduca"},"content":{"rendered":"<p>Xanduca curte chap\u00e9us desde pequeno. Seu pai aproveita essa paix\u00e3o para apresentar ao filho diversas profiss\u00f5es e isso acaba gerando um elo muito forte entre eles. Coloque seu chap\u00e9u e boa leitura!<\/p>\n<p>Leia o livro e descubra as profiss\u00f5es que o pai de Xanduca apresentou a ele. E voc\u00ea, qual profiss\u00e3o gostaria de ter no futuro? Algum chap\u00e9u representa essa atividade?<\/p>\n<p><strong>Autor:<\/strong>\u00a0Alexandre Parente<br \/>\n<strong>Ilustra\u00e7\u00f5es:<\/strong>\u00a0Jo\u00e3o Rafael<br \/>\n<strong>ISBN:<\/strong>\u00a0978-65-80082-02-5 (Peso 120g)<br \/>\n<strong>Formato:<\/strong>\u00a021 x 21cm. Ilustrado, 32 p\u00e1ginas.<br \/>\n<strong>Editora:<\/strong>\u00a0Mais Amigos (Mais Ativos)<br \/>\n<strong>Selo editorial:<\/strong> Mais Amigos<br \/>\n<strong>Edi\u00e7\u00e3o atual:<\/strong>\u00a01a (Lan\u00e7amento)<br \/>\n<strong>Indica\u00e7\u00e3o:<\/strong> educa\u00e7\u00e3o infantil e ensino fundamental, anos iniciais; EI03, EF14.<\/p>\n","protected":false},"excerpt":{"rendered":"<p>Xanduca curte chap\u00e9us desde pequeno. Seu pai aproveita essa paix\u00e3o para apresentar ao filho diversas profiss\u00f5es e isso acaba gerando um elo muito forte entre eles. Coloque seu chap\u00e9u e boa leitura!<\/p>\n","protected":false},"featured_media":1837,"template":"","meta":{"_joinchat":[]},"product_brand":[],"product_cat":[93,68],"product_tag":[21,27,25,75,76,77],"class_list":{"0":"post-1836","1":"product","2":"type-product","3":"status-publish","4":"has-post-thumbnail","6":"product_cat-mais-amigos","7":"product_cat-todos","8":"product_tag-criancas","9":"product_tag-educacao-infantil","10":"product_tag-ensino-fundamental","11":"product_tag-familia","12":"product_tag-profissao","13":"product_tag-profissoes","14":"latest_post","16":"first","17":"instock","18":"shipping-taxable","19":"purchasable","20":"product-type-simple","21":"add-to-wishlist-after_add_to_cart"},"_links":{"self":[{"href":"https:\/\/maisativos.com.br\/loja\/wp-json\/wp\/v2\/product\/1836","targetHints":{"allow":["GET"]}}],"collection":[{"href":"https:\/\/maisativos.com.br\/loja\/wp-json\/wp\/v2\/product"}],"about":[{"href":"https:\/\/maisativos.com.br\/loja\/wp-json\/wp\/v2\/types\/product"}],"wp:featuredmedia":[{"embeddable":true,"href":"https:\/\/maisativos.com.br\/loja\/wp-json\/wp\/v2\/media\/1837"}],"wp:attachment":[{"href":"https:\/\/maisativos.com.br\/loja\/wp-json\/wp\/v2\/media?parent=1836"}],"wp:term":[{"taxonomy":"product_brand","embeddable":true,"href":"https:\/\/maisativos.com.br\/loja\/wp-json\/wp\/v2\/product_brand?post=1836"},{"taxonomy":"product_cat","embeddable":true,"href":"https:\/\/maisativos.com.br\/loja\/wp-json\/wp\/v2\/product_cat?post=1836"},{"taxonomy":"product_tag","embeddable":true,"href":"https:\/\/maisativos.com.br\/loja\/wp-json\/wp\/v2\/product_tag?post=1836"}],"curies":[{"name":"wp","href":"https:\/\/api.w.org\/{rel}","templated":true}]}}