{"id":18343,"date":"2024-04-26T17:15:48","date_gmt":"2024-04-26T20:15:48","guid":{"rendered":"https:\/\/maisativos.com.br\/loja\/?post_type=product&#038;p=18343"},"modified":"2025-08-31T17:02:11","modified_gmt":"2025-08-31T20:02:11","slug":"churrasco-de-pai-pra-filho","status":"publish","type":"product","link":"https:\/\/maisativos.com.br\/loja\/produtos\/churrasco-de-pai-pra-filho\/","title":{"rendered":"Churrasco de pai pra filho"},"content":{"rendered":"<p>Uma homenagem bem temperada e recheada de curiosidades e bom humor sobre o churrasco, uma paix\u00e3o nacional\u00a0que proporciona a reuni\u00e3o de amigos e\u00a0apreciadores em torno dessa tradi\u00e7\u00e3o que evolui e se adapta em cada regi\u00e3o e ao longo dos tempos, conseguindo o imposs\u00edvel: manter a tradi\u00e7\u00e3o e ficar cada vez melhor.<br \/>\nUm convite para leituras gostosas e<br \/>\ndivertidas em fam\u00edlia e em rodas de amigos,<br \/>\nenquanto o braseiro faz a parte dele. Bom proveito e boa leitura!<\/p>\n<p><strong>Autor:<\/strong>\u00a0 \u00c1lvaro Modernell<br \/>\n<strong>Ilustra\u00e7\u00f5es:<\/strong>\u00a0 Milton Costa<br \/>\n<strong>Temas:<\/strong>\u00a0 Churrasco, gastronomia, rela\u00e7\u00f5es familiares, identidade, cultura, tradi\u00e7\u00f5es.<br \/>\n<strong>Indica\u00e7\u00e3o:<\/strong> P\u00fablico Geral<br \/>\n32 p\u00e1ginas, 21cm x 26cm<\/p>\n<p>Pr\u00e9-Lan\u00e7amento (lan\u00e7amento em maio\/24)<\/p>\n<p>Enviamos para todo o Brasil. Compras a partir de 3 exemplares com frete gr\u00e1tis.<\/p>\n","protected":false},"excerpt":{"rendered":"<p>Uma homenagem bem temperada e recheada de curiosidades e bom humor sobre o churrasco, uma paix\u00e3o nacional que proporciona a reuni\u00e3o de amigos e apreciadores em torno dessa tradi\u00e7\u00e3o que evolui e se adapta em cada regi\u00e3o e ao longo dos tempos, conseguindo o imposs\u00edvel: manter a tradi\u00e7\u00e3o e ficar cada vez melhor.<\/p>\n<p>Um convite para leituras gostosas e divertidas em fam\u00edlia e em rodas de amigos, enquanto o braseiro faz a parte dele.<\/p>\n<p>Bom proveito e boa leitura!<\/p>\n","protected":false},"featured_media":18344,"template":"","meta":{"_joinchat":[]},"product_brand":[],"product_cat":[165,93,68],"product_tag":[103,82,88,141,116],"class_list":{"0":"post-18343","1":"product","2":"type-product","3":"status-publish","4":"has-post-thumbnail","6":"product_cat-lancamentos","7":"product_cat-mais-amigos","8":"product_cat-todos","9":"product_tag-cidadania","10":"product_tag-cultura-brasileira","11":"product_tag-diversidade","12":"product_tag-identidade","13":"product_tag-tradicoes","14":"latest_post","16":"first","17":"instock","18":"shipping-taxable","19":"purchasable","20":"product-type-simple","21":"add-to-wishlist-after_add_to_cart"},"_links":{"self":[{"href":"https:\/\/maisativos.com.br\/loja\/wp-json\/wp\/v2\/product\/18343","targetHints":{"allow":["GET"]}}],"collection":[{"href":"https:\/\/maisativos.com.br\/loja\/wp-json\/wp\/v2\/product"}],"about":[{"href":"https:\/\/maisativos.com.br\/loja\/wp-json\/wp\/v2\/types\/product"}],"wp:featuredmedia":[{"embeddable":true,"href":"https:\/\/maisativos.com.br\/loja\/wp-json\/wp\/v2\/media\/18344"}],"wp:attachment":[{"href":"https:\/\/maisativos.com.br\/loja\/wp-json\/wp\/v2\/media?parent=18343"}],"wp:term":[{"taxonomy":"product_brand","embeddable":true,"href":"https:\/\/maisativos.com.br\/loja\/wp-json\/wp\/v2\/product_brand?post=18343"},{"taxonomy":"product_cat","embeddable":true,"href":"https:\/\/maisativos.com.br\/loja\/wp-json\/wp\/v2\/product_cat?post=18343"},{"taxonomy":"product_tag","embeddable":true,"href":"https:\/\/maisativos.com.br\/loja\/wp-json\/wp\/v2\/product_tag?post=18343"}],"curies":[{"name":"wp","href":"https:\/\/api.w.org\/{rel}","templated":true}]}}