{"id":18106,"date":"2023-12-18T15:51:40","date_gmt":"2023-12-18T18:51:40","guid":{"rendered":"https:\/\/maisativos.com.br\/loja\/?post_type=product&#038;p=18106"},"modified":"2025-12-16T14:23:14","modified_gmt":"2025-12-16T17:23:14","slug":"construindo-valores-1o-ano-6a-edicao","status":"publish","type":"product","link":"https:\/\/maisativos.com.br\/loja\/produtos\/construindo-valores-1o-ano-6a-edicao\/","title":{"rendered":"Construindo Valores, 1\u00ba ano &#8211; 6\u00aa Edi\u00e7\u00e3o."},"content":{"rendered":"<p>EDUCA\u00c7\u00c3O FINANCEIRA e EMPREENDEDORISMO<\/p>\n<p>Os livros da <em>Cole\u00e7\u00e3o Construindo Valores, para Educa\u00e7\u00e3o Financeira e Empreendedorismo<\/em>, do 1\u00ba ao 5\u00ba ano, foram desenvolvidos com par\u00e2metros modernos da educa\u00e7\u00e3o financeira e da pedagogia. Cada assunto e\u0301 apresentado de maneira independente, n\u00e3o sequencial e relacionado a par\u00e2metros curriculares de cada s\u00e9rie, conforme a BNCC-Base Nacional Comum Curricular. Assim, professores de diversas disciplinas podem trabalhar com o mesmo material, associando-o ao planejamento espec\u00edfico para enriquecer as atividades com os alunos.<\/p>\n<p><strong>Descri\u00e7\u00e3o<\/strong><\/p>\n<p>Os livros da <em>Cole\u00e7\u00e3o Construindo Valores, para Educa\u00e7\u00e3o Financeira e Empreendedorismo<\/em>, do 1\u00ba ao 5\u00ba ano, foram desenvolvidos com par\u00e2metros modernos da educa\u00e7\u00e3o financeira e da pedagogia. Cada assunto e\u0301 apresentado de maneira independente, n\u00e3o sequencial e relacionado a par\u00e2metros curriculares de cada s\u00e9rie, conforme a BNCC-Base Nacional Comum Curricular. Assim, professores de diversas disciplinas podem trabalhar com o mesmo material, associando-o ao planejamento espec\u00edfico para enriquecer as atividades com os alunos.<\/p>\n<p>Sustentabilidade, valores, empreendedorismo, \u00e9tica, cidadania e inova\u00e7\u00e3o no ensino marcam presen\u00e7a nesta cole\u00e7\u00e3o. Assuntos, personalidades e instrumentos da atualidade auxiliam na conex\u00e3o do aluno com o material.<\/p>\n<p><strong>Autor:<\/strong>\u00a0\u00c1lvaro Modernell e outros<br \/>\n<strong>Formato:<\/strong>\u00a021 x 28 cm, Ilustrado e colorido<br \/>\n<strong>Editora:<\/strong>\u00a0Mais Ativos<\/p>\n<p>&nbsp;<\/p>\n<p><strong>Informa\u00e7\u00f5es adicionais<\/strong><\/p>\n<table width=\"828\">\n<tbody>\n<tr>\n<td width=\"150\"><strong>Edi\u00e7\u00e3o atual<\/strong><\/td>\n<td>6\u00aa 2023<\/td>\n<\/tr>\n<tr>\n<td width=\"150\"><strong>P\u00e1ginas<\/strong><\/td>\n<td>68<\/td>\n<\/tr>\n<tr>\n<td width=\"150\"><strong>Peso<\/strong><\/td>\n<td>150 g<\/td>\n<\/tr>\n<tr>\n<td width=\"150\"><strong>Dimens\u00f5es<\/strong><\/td>\n<td>\u00a021 \u00d7 28 cm<\/td>\n<\/tr>\n<\/tbody>\n<\/table>\n","protected":false},"excerpt":{"rendered":"<p>Os livros da <em>Cole\u00e7\u00e3o Construindo Valores, para Educa\u00e7\u00e3o Financeira e Empreendedorismo<\/em>, do 1\u00ba ao 5\u00ba ano, foram desenvolvidos com par\u00e2metros modernos da educa\u00e7\u00e3o financeira e da pedagogia. Cada assunto e\u0301 apresentado de maneira independente, n\u00e3o sequencial e relacionado a par\u00e2metros curriculares de cada s\u00e9rie, conforme a BNCC-Base Nacional Comum Curricular. Assim, professores de diversas disciplinas podem trabalhar com o mesmo material, associando-o ao planejamento espec\u00edfico para enriquecer as atividades com os alunos.<\/p>\n","protected":false},"featured_media":18120,"template":"","meta":{"_joinchat":[]},"product_brand":[],"product_cat":[51,95,68],"product_tag":[21,22,27,144,25,30],"class_list":{"0":"post-18106","1":"product","2":"type-product","3":"status-publish","4":"has-post-thumbnail","6":"product_cat-colecao-construindo-valores","7":"product_cat-mais-ativos","8":"product_cat-todos","9":"product_tag-criancas","10":"product_tag-educacao-financeira","11":"product_tag-educacao-infantil","12":"product_tag-empreendedorismo","13":"product_tag-ensino-fundamental","14":"product_tag-sustentabilidade","15":"latest_post","17":"first","18":"instock","19":"shipping-taxable","20":"purchasable","21":"product-type-simple","22":"add-to-wishlist-after_add_to_cart"},"_links":{"self":[{"href":"https:\/\/maisativos.com.br\/loja\/wp-json\/wp\/v2\/product\/18106","targetHints":{"allow":["GET"]}}],"collection":[{"href":"https:\/\/maisativos.com.br\/loja\/wp-json\/wp\/v2\/product"}],"about":[{"href":"https:\/\/maisativos.com.br\/loja\/wp-json\/wp\/v2\/types\/product"}],"wp:featuredmedia":[{"embeddable":true,"href":"https:\/\/maisativos.com.br\/loja\/wp-json\/wp\/v2\/media\/18120"}],"wp:attachment":[{"href":"https:\/\/maisativos.com.br\/loja\/wp-json\/wp\/v2\/media?parent=18106"}],"wp:term":[{"taxonomy":"product_brand","embeddable":true,"href":"https:\/\/maisativos.com.br\/loja\/wp-json\/wp\/v2\/product_brand?post=18106"},{"taxonomy":"product_cat","embeddable":true,"href":"https:\/\/maisativos.com.br\/loja\/wp-json\/wp\/v2\/product_cat?post=18106"},{"taxonomy":"product_tag","embeddable":true,"href":"https:\/\/maisativos.com.br\/loja\/wp-json\/wp\/v2\/product_tag?post=18106"}],"curies":[{"name":"wp","href":"https:\/\/api.w.org\/{rel}","templated":true}]}}