{"id":18065,"date":"2023-09-26T16:06:25","date_gmt":"2023-09-26T19:06:25","guid":{"rendered":"https:\/\/maisativos.com.br\/loja\/?post_type=product&#038;p=18065"},"modified":"2025-08-31T17:05:50","modified_gmt":"2025-08-31T20:05:50","slug":"monstrorante-copia","status":"publish","type":"product","link":"https:\/\/maisativos.com.br\/loja\/produtos\/monstrorante-copia\/","title":{"rendered":"Jo\u00e3ozinho o cuca fresca"},"content":{"rendered":"<p>Jo\u00e3o \u00e9 um menino esperto, com muita<br \/>\ncriatividade, TDAH, bastante iniciativa e<br \/>\noutras caracter\u00edsticas que lhe renderam<br \/>\no carinhoso apelido de cuca fresca.<br \/>\nUma hist\u00f3ria leve que apresenta aspectos<br \/>\ninteressantes sobre a rotina do<br \/>\nmenino cuca fresca da fam\u00edlia.<br \/>\nSer\u00e1 que voc\u00ea conseguiria fazer o que ele fez?<\/p>\n<p><strong>Autor(a):<\/strong> Taicy \u00c1vila<\/p>\n<p><strong>Ilustra\u00e7\u00f5es:<\/strong> Sami Ribeiro<\/p>\n<p><strong>Editora:<\/strong> Editora Mais Amigos<\/p>\n<p><strong>Indica\u00e7\u00e3o:<\/strong> educa\u00e7\u00e3o infantil, F1, fam\u00edlias.<\/p>\n","protected":false},"excerpt":{"rendered":"<p>Jo\u00e3o \u00e9 um menino esperto, com muita<br \/>\ncriatividade, TDAH, bastante iniciativa e<br \/>\noutras caracter\u00edsticas que lhe renderam<br \/>\no carinhoso apelido de cuca fresca.<br \/>\nUma hist\u00f3ria leve que apresenta aspectos<br \/>\ninteressantes sobre a rotina do<br \/>\nmenino cuca fresca da fam\u00edlia.<br \/>\nSer\u00e1 que voc\u00ea conseguiria fazer o que ele fez?<\/p>\n","protected":false},"featured_media":18066,"template":"","meta":{"_joinchat":[]},"product_brand":[],"product_cat":[165,93,68],"product_tag":[101,75,152],"class_list":{"0":"post-18065","1":"product","2":"type-product","3":"status-publish","4":"has-post-thumbnail","6":"product_cat-lancamentos","7":"product_cat-mais-amigos","8":"product_cat-todos","9":"product_tag-emocoes","10":"product_tag-familia","11":"product_tag-leitura","12":"latest_post","14":"first","15":"instock","16":"shipping-taxable","17":"purchasable","18":"product-type-simple","19":"add-to-wishlist-after_add_to_cart"},"_links":{"self":[{"href":"https:\/\/maisativos.com.br\/loja\/wp-json\/wp\/v2\/product\/18065","targetHints":{"allow":["GET"]}}],"collection":[{"href":"https:\/\/maisativos.com.br\/loja\/wp-json\/wp\/v2\/product"}],"about":[{"href":"https:\/\/maisativos.com.br\/loja\/wp-json\/wp\/v2\/types\/product"}],"wp:featuredmedia":[{"embeddable":true,"href":"https:\/\/maisativos.com.br\/loja\/wp-json\/wp\/v2\/media\/18066"}],"wp:attachment":[{"href":"https:\/\/maisativos.com.br\/loja\/wp-json\/wp\/v2\/media?parent=18065"}],"wp:term":[{"taxonomy":"product_brand","embeddable":true,"href":"https:\/\/maisativos.com.br\/loja\/wp-json\/wp\/v2\/product_brand?post=18065"},{"taxonomy":"product_cat","embeddable":true,"href":"https:\/\/maisativos.com.br\/loja\/wp-json\/wp\/v2\/product_cat?post=18065"},{"taxonomy":"product_tag","embeddable":true,"href":"https:\/\/maisativos.com.br\/loja\/wp-json\/wp\/v2\/product_tag?post=18065"}],"curies":[{"name":"wp","href":"https:\/\/api.w.org\/{rel}","templated":true}]}}