{"id":18043,"date":"2023-08-25T15:58:44","date_gmt":"2023-08-25T18:58:44","guid":{"rendered":"https:\/\/maisativos.com.br\/loja\/?post_type=product&#038;p=18043"},"modified":"2025-09-01T09:00:12","modified_gmt":"2025-09-01T12:00:12","slug":"as-regras-de-ouro-do-cooperativismo","status":"publish","type":"product","link":"https:\/\/maisativos.com.br\/loja\/produtos\/as-regras-de-ouro-do-cooperativismo\/","title":{"rendered":"As regras de ouro do cooperativismo"},"content":{"rendered":"<p>Autor: \u00c1lvaro Modernell<br \/>\nIlustra\u00e7\u00f5es: Ana Paula Alvarenga<br \/>\nTemas transversais: cooperativismo,<br \/>\nempreendedorismo, valores, educa\u00e7\u00e3o<br \/>\nfinanceira, amizade e cidadania.<br \/>\n32 p\u00e1ginas, 21cm x 26cm<\/p>\n<p>Indica\u00e7\u00e3o: ensino fundamental; EF48<\/p>\n<p>BNCC: atende a Objetivos de Aprendizagens e Desenvolvimento de<br \/>\nv\u00e1rias \u00e1reas de conhecimento do 4\u00ba ao 8\u00ba ano do Ensino Fundamenta<\/p>\n","protected":false},"excerpt":{"rendered":"<p>O cooperativismo \u00e9 uma forma de organiza\u00e7\u00e3o que valoriza a for\u00e7a da<br \/>\nuni\u00e3o, baseado em sete princ\u00edpios, considerados as regras de ouro do<br \/>\ncooperativismo. Mais de 20 milh\u00f5es de brasileiros s\u00e3o cooperados e<br \/>\niniciativas como a da professora que apresenta esses princ\u00edpios a seus<br \/>\nalunos do ensino fundamental de uma maneira l\u00fadica e did\u00e1tica contribui<br \/>\npara que mais pessoas e comunidades possam se beneficiar.<\/p>\n","protected":false},"featured_media":18044,"template":"","meta":{"_joinchat":[]},"product_brand":[],"product_cat":[165,95,68],"product_tag":[70,22,123],"class_list":{"0":"post-18043","1":"product","2":"type-product","3":"status-publish","4":"has-post-thumbnail","6":"product_cat-lancamentos","7":"product_cat-mais-ativos","8":"product_cat-todos","9":"product_tag-consumo-consciente","10":"product_tag-educacao-financeira","11":"product_tag-escola","12":"latest_post","14":"first","15":"instock","16":"shipping-taxable","17":"purchasable","18":"product-type-simple","19":"add-to-wishlist-after_add_to_cart"},"_links":{"self":[{"href":"https:\/\/maisativos.com.br\/loja\/wp-json\/wp\/v2\/product\/18043","targetHints":{"allow":["GET"]}}],"collection":[{"href":"https:\/\/maisativos.com.br\/loja\/wp-json\/wp\/v2\/product"}],"about":[{"href":"https:\/\/maisativos.com.br\/loja\/wp-json\/wp\/v2\/types\/product"}],"wp:featuredmedia":[{"embeddable":true,"href":"https:\/\/maisativos.com.br\/loja\/wp-json\/wp\/v2\/media\/18044"}],"wp:attachment":[{"href":"https:\/\/maisativos.com.br\/loja\/wp-json\/wp\/v2\/media?parent=18043"}],"wp:term":[{"taxonomy":"product_brand","embeddable":true,"href":"https:\/\/maisativos.com.br\/loja\/wp-json\/wp\/v2\/product_brand?post=18043"},{"taxonomy":"product_cat","embeddable":true,"href":"https:\/\/maisativos.com.br\/loja\/wp-json\/wp\/v2\/product_cat?post=18043"},{"taxonomy":"product_tag","embeddable":true,"href":"https:\/\/maisativos.com.br\/loja\/wp-json\/wp\/v2\/product_tag?post=18043"}],"curies":[{"name":"wp","href":"https:\/\/api.w.org\/{rel}","templated":true}]}}