{"id":18040,"date":"2023-08-25T15:52:11","date_gmt":"2023-08-25T18:52:11","guid":{"rendered":"https:\/\/maisativos.com.br\/loja\/?post_type=product&#038;p=18040"},"modified":"2025-09-01T09:00:35","modified_gmt":"2025-09-01T12:00:35","slug":"os-tres-cofrinhos-e-o-lobo","status":"publish","type":"product","link":"https:\/\/maisativos.com.br\/loja\/produtos\/os-tres-cofrinhos-e-o-lobo\/","title":{"rendered":"Os tr\u00eas cofrinhos e o Lobo"},"content":{"rendered":"<p>Autoras: Ivy Rossi Souza e<br \/>\nPriscila Rossi<br \/>\nIlustra\u00e7\u00f5es: Elder Galv\u00e3o<br \/>\nTemas transversais: valores,<br \/>\neduca\u00e7\u00e3o financeira, fam\u00edlia e<br \/>\ncidadania.<br \/>\n24 p\u00e1ginas, 21cm x 26cm<\/p>\n<p>Indica\u00e7\u00e3o: ensino fundamental; EF24<br \/>\nBNCC: atende a Objetivos de Aprendizagens e Desenvolvimento de<br \/>\nv\u00e1rias \u00e1reas de conhecimento do 2\u00ba ao 4\u00ba ano do Ensino Fundamental.<\/p>\n","protected":false},"excerpt":{"rendered":"<p>As li\u00e7\u00f5es dom\u00e9sticas de educa\u00e7\u00e3o financeira resultaram nessa hist\u00f3ria<br \/>\nescrita a quatro m\u00e3os, por m\u00e3e e filha. Os tr\u00eas cofrinhos representam<br \/>\numa met\u00e1fora de princ\u00edpios aprendidos em casa e transmitidos com a<br \/>\nperspectiva de uma crian\u00e7a e os conhecimentos de uma educadora<br \/>\nfinanceira para sensibilizar os leitores sobre a import\u00e2ncia do tema.<\/p>\n","protected":false},"featured_media":18042,"template":"","meta":{"_joinchat":[]},"product_brand":[],"product_cat":[165,95,68],"product_tag":[70,22,123],"class_list":{"0":"post-18040","1":"product","2":"type-product","3":"status-publish","4":"has-post-thumbnail","6":"product_cat-lancamentos","7":"product_cat-mais-ativos","8":"product_cat-todos","9":"product_tag-consumo-consciente","10":"product_tag-educacao-financeira","11":"product_tag-escola","12":"latest_post","14":"first","15":"instock","16":"shipping-taxable","17":"purchasable","18":"product-type-simple","19":"add-to-wishlist-after_add_to_cart"},"_links":{"self":[{"href":"https:\/\/maisativos.com.br\/loja\/wp-json\/wp\/v2\/product\/18040","targetHints":{"allow":["GET"]}}],"collection":[{"href":"https:\/\/maisativos.com.br\/loja\/wp-json\/wp\/v2\/product"}],"about":[{"href":"https:\/\/maisativos.com.br\/loja\/wp-json\/wp\/v2\/types\/product"}],"wp:featuredmedia":[{"embeddable":true,"href":"https:\/\/maisativos.com.br\/loja\/wp-json\/wp\/v2\/media\/18042"}],"wp:attachment":[{"href":"https:\/\/maisativos.com.br\/loja\/wp-json\/wp\/v2\/media?parent=18040"}],"wp:term":[{"taxonomy":"product_brand","embeddable":true,"href":"https:\/\/maisativos.com.br\/loja\/wp-json\/wp\/v2\/product_brand?post=18040"},{"taxonomy":"product_cat","embeddable":true,"href":"https:\/\/maisativos.com.br\/loja\/wp-json\/wp\/v2\/product_cat?post=18040"},{"taxonomy":"product_tag","embeddable":true,"href":"https:\/\/maisativos.com.br\/loja\/wp-json\/wp\/v2\/product_tag?post=18040"}],"curies":[{"name":"wp","href":"https:\/\/api.w.org\/{rel}","templated":true}]}}