{"id":17219,"date":"2022-09-27T11:16:23","date_gmt":"2022-09-27T14:16:23","guid":{"rendered":"https:\/\/maisativos.com.br\/loja\/?post_type=product&#038;p=17219"},"modified":"2025-08-31T17:10:02","modified_gmt":"2025-08-31T20:10:02","slug":"os-filhotes-do-pirulito","status":"publish","type":"product","link":"https:\/\/maisativos.com.br\/loja\/produtos\/os-filhotes-do-pirulito\/","title":{"rendered":"Os filhotes do Pirulito"},"content":{"rendered":"<p>Pirulito \u00e9 um daqueles cachorrinhos simp\u00e1ticos que precisava de uma fam\u00edlia, um lar. Ao ser adotado, retribuiu o carinho com uma ninhada de filhotes que encheram de alegria toda a vizinhan\u00e7a. Um est\u00edmulo \u00e0 ado\u00e7\u00e3o respons\u00e1vel de animais.<\/p>\n<p>BNCC: atende a Objetivos de Aprendizagens e Desenvolvimento de v\u00e1rias \u00e1reas de conhecimento do 1\u00ba ao 4\u00ba ano do Ensino Fundamental.<\/p>\n<p><strong>Autor<\/strong>: \u00c1lvaro Modernell<br \/>\n<strong>Ilustra\u00e7\u00f5es<\/strong>: Vanessa Alexandre<br \/>\n<strong>Temas<\/strong>: animais, ado\u00e7\u00e3o respons\u00e1vel, fam\u00edlia, relacionamentos.<br \/>\n<strong>Indica\u00e7\u00e3o<\/strong>: Ensino Fundamental (EF14)<\/p>\n<p><strong>28 p\u00e1ginas, 21cm x 26cm<\/strong><\/p>\n","protected":false},"excerpt":{"rendered":"<p>Pirulito \u00e9 um daqueles cachorrinhos simp\u00e1ticos que precisava de uma fam\u00edlia, um lar. Ao ser adotado, retribuiu o carinho com uma ninhada de filhotes que encheram de alegria toda a vizinhan\u00e7a. Um est\u00edmulo \u00e0 ado\u00e7\u00e3o respons\u00e1vel de animais.<\/p>\n","protected":false},"featured_media":17220,"template":"","meta":{"_joinchat":[]},"product_brand":[],"product_cat":[93,68],"product_tag":[163,69,75,105],"class_list":{"0":"post-17219","1":"product","2":"type-product","3":"status-publish","4":"has-post-thumbnail","6":"product_cat-mais-amigos","7":"product_cat-todos","8":"product_tag-adocao-responsavel","9":"product_tag-animais","10":"product_tag-familia","11":"product_tag-relacionamentos","12":"latest_post","14":"first","15":"instock","16":"shipping-taxable","17":"purchasable","18":"product-type-simple","19":"add-to-wishlist-after_add_to_cart"},"_links":{"self":[{"href":"https:\/\/maisativos.com.br\/loja\/wp-json\/wp\/v2\/product\/17219","targetHints":{"allow":["GET"]}}],"collection":[{"href":"https:\/\/maisativos.com.br\/loja\/wp-json\/wp\/v2\/product"}],"about":[{"href":"https:\/\/maisativos.com.br\/loja\/wp-json\/wp\/v2\/types\/product"}],"wp:featuredmedia":[{"embeddable":true,"href":"https:\/\/maisativos.com.br\/loja\/wp-json\/wp\/v2\/media\/17220"}],"wp:attachment":[{"href":"https:\/\/maisativos.com.br\/loja\/wp-json\/wp\/v2\/media?parent=17219"}],"wp:term":[{"taxonomy":"product_brand","embeddable":true,"href":"https:\/\/maisativos.com.br\/loja\/wp-json\/wp\/v2\/product_brand?post=17219"},{"taxonomy":"product_cat","embeddable":true,"href":"https:\/\/maisativos.com.br\/loja\/wp-json\/wp\/v2\/product_cat?post=17219"},{"taxonomy":"product_tag","embeddable":true,"href":"https:\/\/maisativos.com.br\/loja\/wp-json\/wp\/v2\/product_tag?post=17219"}],"curies":[{"name":"wp","href":"https:\/\/api.w.org\/{rel}","templated":true}]}}