{"id":16949,"date":"2022-08-09T11:18:37","date_gmt":"2022-08-09T14:18:37","guid":{"rendered":"https:\/\/maisativos.com.br\/loja\/?post_type=product&#038;p=16949"},"modified":"2024-10-15T10:49:39","modified_gmt":"2024-10-15T13:49:39","slug":"um-sonho-de-escola","status":"publish","type":"product","link":"https:\/\/maisativos.com.br\/loja\/produtos\/um-sonho-de-escola\/","title":{"rendered":"Um sonho de escola"},"content":{"rendered":"<p><span style=\"font-weight: 400\">A hist\u00f3ria mostra o cotidiano de Bia, uma menina com paralisia cerebral, na escola. Nesse sonho de escola, a inclus\u00e3o se d\u00e1 com a inser\u00e7\u00e3o de novos materiais e algumas adapta\u00e7\u00f5es simples na rotina, para que todos possam aprender e se desenvolver num ambiente cheio de ludicidade, hist\u00f3rias e amizade. Ao final, Rodrigo, o melhor amigo de Bia na escola, ensina \u00e0 professora uma descoberta surpreendente e cheia de poesia sobre a diversidade humana.<\/span><\/p>\n<p><span style=\"font-weight: 400\"><strong>Autor(a)<\/strong>:\u00a0<\/span> <span style=\"font-weight: 400\">Taicy \u00c1vila<br \/>\n<\/span><span style=\"font-weight: 400\"><strong>Ilustra\u00e7\u00f5es<\/strong>:\u00a0Vanessa Alexandre<br \/>\n<\/span><span style=\"font-weight: 400\"><strong>Formato<\/strong>:\u00a0<\/span> <span style=\"font-weight: 400\">21 x 26cm. Ilustrado, 32 p\u00e1ginas.<br \/>\n<\/span><span style=\"font-weight: 400\"><strong>Editora<\/strong>:\u00a0<\/span> <span style=\"font-weight: 400\">Mais Amigos<\/span><span style=\"font-weight: 400\"><br \/>\n<\/span><span style=\"font-weight: 400\"><strong>Indica\u00e7\u00e3o<\/strong>: ensino fundamental 2\u00ba a 5\u00ba ano; a partir dos 7 anos.<\/span><\/p>\n","protected":false},"excerpt":{"rendered":"<p><span style=\"font-weight: 400\">A hist\u00f3ria mostra o cotidiano de Bia, uma menina com paralisia cerebral, na escola. Nesse sonho de escola, a inclus\u00e3o se d\u00e1 com a inser\u00e7\u00e3o de novos materiais e algumas adapta\u00e7\u00f5es simples na rotina, para que todos possam aprender e se desenvolver num ambiente cheio de ludicidade, hist\u00f3rias e amizade. Ao final, Rodrigo, o melhor amigo de Bia na escola, ensina \u00e0 professora uma descoberta surpreendente e cheia de poesia sobre a diversidade humana.<\/span><\/p>\n","protected":false},"featured_media":16950,"template":"","meta":{"_joinchat":[]},"product_brand":[],"product_cat":[93,68],"product_tag":[21,88,123,79,105],"class_list":{"0":"post-16949","1":"product","2":"type-product","3":"status-publish","4":"has-post-thumbnail","6":"product_cat-mais-amigos","7":"product_cat-todos","8":"product_tag-criancas","9":"product_tag-diversidade","10":"product_tag-escola","11":"product_tag-inclusao","12":"product_tag-relacionamentos","13":"latest_post","15":"first","16":"instock","17":"shipping-taxable","18":"purchasable","19":"product-type-simple","20":"add-to-wishlist-after_add_to_cart"},"_links":{"self":[{"href":"https:\/\/maisativos.com.br\/loja\/wp-json\/wp\/v2\/product\/16949","targetHints":{"allow":["GET"]}}],"collection":[{"href":"https:\/\/maisativos.com.br\/loja\/wp-json\/wp\/v2\/product"}],"about":[{"href":"https:\/\/maisativos.com.br\/loja\/wp-json\/wp\/v2\/types\/product"}],"wp:featuredmedia":[{"embeddable":true,"href":"https:\/\/maisativos.com.br\/loja\/wp-json\/wp\/v2\/media\/16950"}],"wp:attachment":[{"href":"https:\/\/maisativos.com.br\/loja\/wp-json\/wp\/v2\/media?parent=16949"}],"wp:term":[{"taxonomy":"product_brand","embeddable":true,"href":"https:\/\/maisativos.com.br\/loja\/wp-json\/wp\/v2\/product_brand?post=16949"},{"taxonomy":"product_cat","embeddable":true,"href":"https:\/\/maisativos.com.br\/loja\/wp-json\/wp\/v2\/product_cat?post=16949"},{"taxonomy":"product_tag","embeddable":true,"href":"https:\/\/maisativos.com.br\/loja\/wp-json\/wp\/v2\/product_tag?post=16949"}],"curies":[{"name":"wp","href":"https:\/\/api.w.org\/{rel}","templated":true}]}}