{"id":16720,"date":"2022-07-12T18:31:54","date_gmt":"2022-07-12T21:31:54","guid":{"rendered":"https:\/\/maisativos.com.br\/loja\/?post_type=product&#038;p=16720"},"modified":"2025-08-31T17:01:33","modified_gmt":"2025-08-31T20:01:33","slug":"cade-o-amor-brochura","status":"publish","type":"product","link":"https:\/\/maisativos.com.br\/loja\/produtos\/cade-o-amor-brochura\/","title":{"rendered":"Cad\u00ea o amor? (Brochura)"},"content":{"rendered":"<p>Voc\u00ea sabe encontrar o amor? Talvez esteja escondido neste livro. Um livro cheio de surpresas e de leituras, por meio de janelas que aparecem a cada virada de p\u00e1gina, revelando respostas surpreendentes que v\u00e3o encantar os pequenos leitores.<\/p>\n<p><strong>Autor(a):<\/strong> Ana Neila Torquato<br \/>\n<strong>Ilustra\u00e7\u00f5es:<\/strong> Bill Borges<br \/>\n<strong>Formato:<\/strong> 18 x 22cm. Ilustrado, 36 p\u00e1ginas. Op\u00e7\u00e3o de acabamento com brochura ou capa dura.<br \/>\n<strong>Editora:<\/strong> Mais Amigos<br \/>\n<strong>Indica\u00e7\u00e3o:<\/strong> educa\u00e7\u00e3o infantil, at\u00e9 7 anos.<\/p>\n","protected":false},"excerpt":{"rendered":"<p>Voc\u00ea sabe encontrar o amor? Talvez esteja escondido neste livro. Um livro cheio de surpresas e de leituras, por meio de janelas que aparecem a cada virada de p\u00e1gina, revelando respostas surpreendentes que v\u00e3o encantar os pequenos leitores.<\/p>\n","protected":false},"featured_media":16721,"template":"","meta":{"_joinchat":[]},"product_brand":[],"product_cat":[93,68],"product_tag":[88,75,79,152,158],"class_list":{"0":"post-16720","1":"product","2":"type-product","3":"status-publish","4":"has-post-thumbnail","6":"product_cat-mais-amigos","7":"product_cat-todos","8":"product_tag-diversidade","9":"product_tag-familia","10":"product_tag-inclusao","11":"product_tag-leitura","12":"product_tag-racismo","13":"latest_post","15":"first","16":"instock","17":"shipping-taxable","18":"purchasable","19":"product-type-simple","20":"add-to-wishlist-after_add_to_cart"},"_links":{"self":[{"href":"https:\/\/maisativos.com.br\/loja\/wp-json\/wp\/v2\/product\/16720","targetHints":{"allow":["GET"]}}],"collection":[{"href":"https:\/\/maisativos.com.br\/loja\/wp-json\/wp\/v2\/product"}],"about":[{"href":"https:\/\/maisativos.com.br\/loja\/wp-json\/wp\/v2\/types\/product"}],"wp:featuredmedia":[{"embeddable":true,"href":"https:\/\/maisativos.com.br\/loja\/wp-json\/wp\/v2\/media\/16721"}],"wp:attachment":[{"href":"https:\/\/maisativos.com.br\/loja\/wp-json\/wp\/v2\/media?parent=16720"}],"wp:term":[{"taxonomy":"product_brand","embeddable":true,"href":"https:\/\/maisativos.com.br\/loja\/wp-json\/wp\/v2\/product_brand?post=16720"},{"taxonomy":"product_cat","embeddable":true,"href":"https:\/\/maisativos.com.br\/loja\/wp-json\/wp\/v2\/product_cat?post=16720"},{"taxonomy":"product_tag","embeddable":true,"href":"https:\/\/maisativos.com.br\/loja\/wp-json\/wp\/v2\/product_tag?post=16720"}],"curies":[{"name":"wp","href":"https:\/\/api.w.org\/{rel}","templated":true}]}}