{"id":16718,"date":"2022-07-12T18:24:52","date_gmt":"2022-07-12T21:24:52","guid":{"rendered":"https:\/\/maisativos.com.br\/loja\/?post_type=product&#038;p=16718"},"modified":"2025-08-31T17:06:00","modified_gmt":"2025-08-31T20:06:00","slug":"lapis-cor-de-pele","status":"publish","type":"product","link":"https:\/\/maisativos.com.br\/loja\/produtos\/lapis-cor-de-pele\/","title":{"rendered":"L\u00e1pis cor de pele?"},"content":{"rendered":"<p>Ana ficou surpresa quando um colega pediu um l\u00e1pis cor de pele. Ser\u00e1 que toda a gente tem a mesma cor? A partir daquele dia, ela passou a observar melhor as pessoas e descobriu muita coisa bacana que nunca havia percebido.<br \/>\nQue tal conhecer esta hist\u00f3ria sobre DI-VER-SI-DA-DE?<\/p>\n<p><strong>Autor(a):<\/strong> Dani de Brito<br \/>\n<strong>Ilustra\u00e7\u00f5es:<\/strong> Polly Duarte<br \/>\n<strong>Formato:<\/strong> 21 x 26cm. Ilustrado, 36 p\u00e1ginas.<br \/>\n<strong>Editora:<\/strong> Mais Amigos<br \/>\n<strong>Indica\u00e7\u00e3o:<\/strong> ensino fundamental 2\u00ba a 5\u00ba ano; a partir dos 7 anos.<\/p>\n","protected":false},"excerpt":{"rendered":"<p>Ana ficou surpresa quando um colega pediu um l\u00e1pis cor de pele. Ser\u00e1 que toda a gente tem a mesma cor? A partir daquele dia, ela passou a observar melhor as pessoas e descobriu muita coisa bacana que nunca havia percebido. Que tal conhecer esta hist\u00f3ria sobre DI-VER-SI-DA-DE?<\/p>\n","protected":false},"featured_media":16719,"template":"","meta":{"_joinchat":[]},"product_brand":[],"product_cat":[93,68],"product_tag":[88,75,79,152,158],"class_list":{"0":"post-16718","1":"product","2":"type-product","3":"status-publish","4":"has-post-thumbnail","6":"product_cat-mais-amigos","7":"product_cat-todos","8":"product_tag-diversidade","9":"product_tag-familia","10":"product_tag-inclusao","11":"product_tag-leitura","12":"product_tag-racismo","13":"latest_post","15":"first","16":"instock","17":"shipping-taxable","18":"purchasable","19":"product-type-simple","20":"add-to-wishlist-after_add_to_cart"},"_links":{"self":[{"href":"https:\/\/maisativos.com.br\/loja\/wp-json\/wp\/v2\/product\/16718","targetHints":{"allow":["GET"]}}],"collection":[{"href":"https:\/\/maisativos.com.br\/loja\/wp-json\/wp\/v2\/product"}],"about":[{"href":"https:\/\/maisativos.com.br\/loja\/wp-json\/wp\/v2\/types\/product"}],"wp:featuredmedia":[{"embeddable":true,"href":"https:\/\/maisativos.com.br\/loja\/wp-json\/wp\/v2\/media\/16719"}],"wp:attachment":[{"href":"https:\/\/maisativos.com.br\/loja\/wp-json\/wp\/v2\/media?parent=16718"}],"wp:term":[{"taxonomy":"product_brand","embeddable":true,"href":"https:\/\/maisativos.com.br\/loja\/wp-json\/wp\/v2\/product_brand?post=16718"},{"taxonomy":"product_cat","embeddable":true,"href":"https:\/\/maisativos.com.br\/loja\/wp-json\/wp\/v2\/product_cat?post=16718"},{"taxonomy":"product_tag","embeddable":true,"href":"https:\/\/maisativos.com.br\/loja\/wp-json\/wp\/v2\/product_tag?post=16718"}],"curies":[{"name":"wp","href":"https:\/\/api.w.org\/{rel}","templated":true}]}}