{"id":16693,"date":"2022-05-16T11:03:36","date_gmt":"2022-05-16T14:03:36","guid":{"rendered":"https:\/\/maisativos.com.br\/loja\/?post_type=product&#038;p=16693"},"modified":"2025-08-31T17:05:36","modified_gmt":"2025-08-31T20:05:36","slug":"isso-importa","status":"publish","type":"product","link":"https:\/\/maisativos.com.br\/loja\/produtos\/isso-importa\/","title":{"rendered":"Isso importa?"},"content":{"rendered":"<p>O texto, maravilhosamente bem ilustrado, tem por objetivo provocar reflex\u00f5es e questionamentos sobre vis\u00f5es pragm\u00e1ticas ou subjetivas relacionadas a diferentes formas de express\u00f5es art\u00edsticas. V\u00e1rias provoca\u00e7\u00f5es e poucas respostas. Aos leitores independentes, ficam questionamentos que nos fazem refletir. Uma inicia\u00e7\u00e3o \u00e0 leitura cr\u00edtica. Nada se encerra. Nada \u00e9 conclu\u00eddo. Ser\u00e1 que isso importa?<\/p>\n<p><strong>Autor(a)<\/strong>: \u00c1lvaro Modernell<br \/>\n<strong>Ilustra\u00e7\u00f5es<\/strong>: Elder Galv\u00e3o<br \/>\n<strong>Formato<\/strong>: 21 x 26cm. Ilustrado, 32 p\u00e1ginas.<br \/>\n<strong>Editora<\/strong>: Mais Amigos<br \/>\n<strong>Indica\u00e7\u00e3o<\/strong>: ensino fundamental, fam\u00edlias.<\/p>\n","protected":false},"excerpt":{"rendered":"<p>O texto, maravilhosamente bem ilustrado, tem por objetivo provocar reflex\u00f5es e questionamentos sobre vis\u00f5es pragm\u00e1ticas ou subjetivas relacionadas a diferentes formas de express\u00f5es art\u00edsticas. V\u00e1rias provoca\u00e7\u00f5es e poucas respostas. Aos leitores independentes, ficam questionamentos que nos fazem refletir. Uma inicia\u00e7\u00e3o \u00e0 leitura cr\u00edtica. Nada se encerra. Nada \u00e9 conclu\u00eddo. Ser\u00e1 que isso importa?<\/p>\n","protected":false},"featured_media":16694,"template":"","meta":{"_joinchat":[]},"product_brand":[],"product_cat":[93,68],"product_tag":[157,103,154,152],"class_list":{"0":"post-16693","1":"product","2":"type-product","3":"status-publish","4":"has-post-thumbnail","6":"product_cat-mais-amigos","7":"product_cat-todos","8":"product_tag-artes","9":"product_tag-cidadania","10":"product_tag-formacao-de-leitores","11":"product_tag-leitura","12":"latest_post","14":"first","15":"instock","16":"featured","17":"shipping-taxable","18":"purchasable","19":"product-type-simple","20":"add-to-wishlist-after_add_to_cart"},"_links":{"self":[{"href":"https:\/\/maisativos.com.br\/loja\/wp-json\/wp\/v2\/product\/16693","targetHints":{"allow":["GET"]}}],"collection":[{"href":"https:\/\/maisativos.com.br\/loja\/wp-json\/wp\/v2\/product"}],"about":[{"href":"https:\/\/maisativos.com.br\/loja\/wp-json\/wp\/v2\/types\/product"}],"wp:featuredmedia":[{"embeddable":true,"href":"https:\/\/maisativos.com.br\/loja\/wp-json\/wp\/v2\/media\/16694"}],"wp:attachment":[{"href":"https:\/\/maisativos.com.br\/loja\/wp-json\/wp\/v2\/media?parent=16693"}],"wp:term":[{"taxonomy":"product_brand","embeddable":true,"href":"https:\/\/maisativos.com.br\/loja\/wp-json\/wp\/v2\/product_brand?post=16693"},{"taxonomy":"product_cat","embeddable":true,"href":"https:\/\/maisativos.com.br\/loja\/wp-json\/wp\/v2\/product_cat?post=16693"},{"taxonomy":"product_tag","embeddable":true,"href":"https:\/\/maisativos.com.br\/loja\/wp-json\/wp\/v2\/product_tag?post=16693"}],"curies":[{"name":"wp","href":"https:\/\/api.w.org\/{rel}","templated":true}]}}