{"id":16688,"date":"2022-05-16T10:56:17","date_gmt":"2022-05-16T13:56:17","guid":{"rendered":"https:\/\/maisativos.com.br\/loja\/?post_type=product&#038;p=16688"},"modified":"2025-09-01T09:04:48","modified_gmt":"2025-09-01T12:04:48","slug":"vende-se-coragem","status":"publish","type":"product","link":"https:\/\/maisativos.com.br\/loja\/produtos\/vende-se-coragem\/","title":{"rendered":"Vende-se coragem"},"content":{"rendered":"<p>Vende-se coragem? Isso mesmo! Brigite tem coragem para dar e vender. Tanta, que resolveu at\u00e9 empreender. A baratinha Brigite se depara com v\u00e1rios desafios naturais da vida. E o que ela faz? Toma atitudes que fazem a diferen\u00e7a, na vida dela e de outras pessoas.<\/p>\n<p><strong>Autor(a)<\/strong>: Elisabete da Cruz<br \/>\n<strong>Ilustra\u00e7\u00f5es<\/strong>: Heitor Neto<br \/>\n<strong>Formato<\/strong>: 23 x 21cm. Ilustrado, 28 p\u00e1ginas.<br \/>\n<strong>Editora<\/strong>: Mais Ativos<br \/>\n<strong>Indica\u00e7\u00e3o<\/strong>: anos iniciais do ensino fundamental, fam\u00edlias.<\/p>\n","protected":false},"excerpt":{"rendered":"<p>Vende-se coragem? Isso mesmo! Brigite tem coragem para dar e vender. Tanta, que resolveu at\u00e9 empreender. A baratinha Brigite se depara com v\u00e1rios desafios naturais da vida. E o que ela faz? Toma atitudes que fazem a diferen\u00e7a, na vida dela e de outras pessoas.<\/p>\n","protected":false},"featured_media":16690,"template":"","meta":{"_joinchat":[]},"product_brand":[],"product_cat":[95,68],"product_tag":[138,22,144],"class_list":{"0":"post-16688","1":"product","2":"type-product","3":"status-publish","4":"has-post-thumbnail","6":"product_cat-mais-ativos","7":"product_cat-todos","8":"product_tag-autoestima","9":"product_tag-educacao-financeira","10":"product_tag-empreendedorismo","11":"latest_post","13":"first","14":"instock","15":"featured","16":"shipping-taxable","17":"purchasable","18":"product-type-simple","19":"add-to-wishlist-after_add_to_cart"},"_links":{"self":[{"href":"https:\/\/maisativos.com.br\/loja\/wp-json\/wp\/v2\/product\/16688","targetHints":{"allow":["GET"]}}],"collection":[{"href":"https:\/\/maisativos.com.br\/loja\/wp-json\/wp\/v2\/product"}],"about":[{"href":"https:\/\/maisativos.com.br\/loja\/wp-json\/wp\/v2\/types\/product"}],"wp:featuredmedia":[{"embeddable":true,"href":"https:\/\/maisativos.com.br\/loja\/wp-json\/wp\/v2\/media\/16690"}],"wp:attachment":[{"href":"https:\/\/maisativos.com.br\/loja\/wp-json\/wp\/v2\/media?parent=16688"}],"wp:term":[{"taxonomy":"product_brand","embeddable":true,"href":"https:\/\/maisativos.com.br\/loja\/wp-json\/wp\/v2\/product_brand?post=16688"},{"taxonomy":"product_cat","embeddable":true,"href":"https:\/\/maisativos.com.br\/loja\/wp-json\/wp\/v2\/product_cat?post=16688"},{"taxonomy":"product_tag","embeddable":true,"href":"https:\/\/maisativos.com.br\/loja\/wp-json\/wp\/v2\/product_tag?post=16688"}],"curies":[{"name":"wp","href":"https:\/\/api.w.org\/{rel}","templated":true}]}}