{"id":16229,"date":"2022-01-26T09:54:32","date_gmt":"2022-01-26T12:54:32","guid":{"rendered":"https:\/\/maisativos.com.br\/loja\/?post_type=product&#038;p=16229"},"modified":"2025-08-31T17:06:10","modified_gmt":"2025-08-31T20:06:10","slug":"ler-com-bebes-e-criancas","status":"publish","type":"product","link":"https:\/\/maisativos.com.br\/loja\/produtos\/ler-com-bebes-e-criancas\/","title":{"rendered":"Ler com beb\u00eas e crian\u00e7as"},"content":{"rendered":"<p>Ler com beb\u00eas e crian\u00e7as \u00e9 um gesto de amor, de carinho e de responsabilidade. Esta obra cont\u00e9m dicas valiosas para que isso aconte\u00e7a de maneira efetiva e afetiva. Ler com beb\u00eas e crian\u00e7as \u00e9 um convite para conhecer os segredos e experimentar as del\u00edcias da leitura compartilhada como instrumento de cria\u00e7\u00e3o de v\u00ednculos e de mem\u00f3rias valorosas para todos os envolvidos.<\/p>\n<p><strong>Autor(a)<\/strong>: Ana Neila Torquato<br \/>\n<strong>Ilustra\u00e7\u00f5es<\/strong>: Romont Willy<br \/>\n<strong>ISBN<\/strong>: 978-65-86396-37-9 (Peso 150g)<br \/>\n<strong>Formato<\/strong>: 15 x 21cm. Ilustrado, 56 p\u00e1ginas.<br \/>\n<strong>Editora<\/strong>: Mais Amigos<br \/>\n<strong>Indica\u00e7\u00e3o<\/strong>: mam\u00e3es, papais, educadores em geral<\/p>\n","protected":false},"excerpt":{"rendered":"<p>Dentre as tantas coisas boas e belas que existem no mundo, qual seria a mais valiosa para os beb\u00eas, as crian\u00e7as e seu desenvolvimento? Que tal apostar no aconchego, no olhar, no carinho, nas conversas e experi\u00eancias afetuosas que ficar\u00e3o para sempre nas lembran\u00e7as!<\/p>\n","protected":false},"featured_media":16230,"template":"","meta":{"_joinchat":[]},"product_brand":[],"product_cat":[93,68],"product_tag":[153,103,21,27,154,152],"class_list":{"0":"post-16229","1":"product","2":"type-product","3":"status-publish","4":"has-post-thumbnail","6":"product_cat-mais-amigos","7":"product_cat-todos","8":"product_tag-bebes","9":"product_tag-cidadania","10":"product_tag-criancas","11":"product_tag-educacao-infantil","12":"product_tag-formacao-de-leitores","13":"product_tag-leitura","14":"latest_post","16":"first","17":"instock","18":"featured","19":"shipping-taxable","20":"purchasable","21":"product-type-simple","22":"add-to-wishlist-after_add_to_cart"},"_links":{"self":[{"href":"https:\/\/maisativos.com.br\/loja\/wp-json\/wp\/v2\/product\/16229","targetHints":{"allow":["GET"]}}],"collection":[{"href":"https:\/\/maisativos.com.br\/loja\/wp-json\/wp\/v2\/product"}],"about":[{"href":"https:\/\/maisativos.com.br\/loja\/wp-json\/wp\/v2\/types\/product"}],"wp:featuredmedia":[{"embeddable":true,"href":"https:\/\/maisativos.com.br\/loja\/wp-json\/wp\/v2\/media\/16230"}],"wp:attachment":[{"href":"https:\/\/maisativos.com.br\/loja\/wp-json\/wp\/v2\/media?parent=16229"}],"wp:term":[{"taxonomy":"product_brand","embeddable":true,"href":"https:\/\/maisativos.com.br\/loja\/wp-json\/wp\/v2\/product_brand?post=16229"},{"taxonomy":"product_cat","embeddable":true,"href":"https:\/\/maisativos.com.br\/loja\/wp-json\/wp\/v2\/product_cat?post=16229"},{"taxonomy":"product_tag","embeddable":true,"href":"https:\/\/maisativos.com.br\/loja\/wp-json\/wp\/v2\/product_tag?post=16229"}],"curies":[{"name":"wp","href":"https:\/\/api.w.org\/{rel}","templated":true}]}}