{"id":15804,"date":"2021-12-21T09:18:59","date_gmt":"2021-12-21T12:18:59","guid":{"rendered":"https:\/\/maisativos.com.br\/loja\/?post_type=product&#038;p=15804"},"modified":"2026-02-27T11:41:47","modified_gmt":"2026-02-27T14:41:47","slug":"arvore-magica","status":"publish","type":"product","link":"https:\/\/maisativos.com.br\/loja\/produtos\/arvore-magica\/","title":{"rendered":"A \u00e1rvore m\u00e1gica"},"content":{"rendered":"<p><strong>Esperan\u00e7a<\/strong> fica triste ao ver seus pais discutirem pela falta de dinheiro. Parece que nunca h\u00e1 o suficiente.<br \/>\nUm dia, encontra uma \u00e1rvore diferente, com moedinhas no lugar de frutos.<\/p>\n<p><strong>Seria uma \u00e1rvore m\u00e1gica?<\/strong><\/p>\n<p>Acompanhe Esperan\u00e7a nesta jornada de aventuras, em que as descobertas far\u00e3o voc\u00ea enxergar o dinheiro de uma forma diferente.<\/p>\n<p><strong>Autor(a):<\/strong> Chael Mazza e Elvira Cruvinel<\/p>\n<p>&nbsp;<\/p>\n","protected":false},"excerpt":{"rendered":"<p><strong>PR\u00c9-LAN\u00c7AMENTO! <\/strong><\/p>\n<p>Acompanhe Esperan\u00e7a nesta jornada de aventuras, em que as descobertas far\u00e3o voc\u00ea enxergar o dinheiro de uma forma diferente.<\/p>\n","protected":false},"featured_media":15805,"template":"","meta":{"_joinchat":[]},"product_brand":[],"product_cat":[95,68],"product_tag":[],"class_list":{"0":"post-15804","1":"product","2":"type-product","3":"status-publish","4":"has-post-thumbnail","6":"product_cat-mais-ativos","7":"product_cat-todos","8":"latest_post","10":"first","11":"instock","12":"shipping-taxable","13":"purchasable","14":"product-type-simple","15":"add-to-wishlist-after_add_to_cart"},"_links":{"self":[{"href":"https:\/\/maisativos.com.br\/loja\/wp-json\/wp\/v2\/product\/15804","targetHints":{"allow":["GET"]}}],"collection":[{"href":"https:\/\/maisativos.com.br\/loja\/wp-json\/wp\/v2\/product"}],"about":[{"href":"https:\/\/maisativos.com.br\/loja\/wp-json\/wp\/v2\/types\/product"}],"wp:featuredmedia":[{"embeddable":true,"href":"https:\/\/maisativos.com.br\/loja\/wp-json\/wp\/v2\/media\/15805"}],"wp:attachment":[{"href":"https:\/\/maisativos.com.br\/loja\/wp-json\/wp\/v2\/media?parent=15804"}],"wp:term":[{"taxonomy":"product_brand","embeddable":true,"href":"https:\/\/maisativos.com.br\/loja\/wp-json\/wp\/v2\/product_brand?post=15804"},{"taxonomy":"product_cat","embeddable":true,"href":"https:\/\/maisativos.com.br\/loja\/wp-json\/wp\/v2\/product_cat?post=15804"},{"taxonomy":"product_tag","embeddable":true,"href":"https:\/\/maisativos.com.br\/loja\/wp-json\/wp\/v2\/product_tag?post=15804"}],"curies":[{"name":"wp","href":"https:\/\/api.w.org\/{rel}","templated":true}]}}