{"id":15658,"date":"2021-01-17T19:41:35","date_gmt":"2021-01-17T22:41:35","guid":{"rendered":"https:\/\/maisativos.com.br\/loja\/?post_type=product&#038;p=15658"},"modified":"2025-08-31T17:00:03","modified_gmt":"2025-08-31T20:00:03","slug":"a-incrivel-historia-de-uma-lagrima","status":"publish","type":"product","link":"https:\/\/maisativos.com.br\/loja\/produtos\/a-incrivel-historia-de-uma-lagrima\/","title":{"rendered":"A incr\u00edvel hist\u00f3ria de uma l\u00e1grima"},"content":{"rendered":"<p>Era uma vez uma l\u00e1grima que tinha medo de altura. Como assim? Ser\u00e1 que isso s\u00f3 acontece com l\u00e1grimas? Uma singela maneira de abordar emo\u00e7\u00f5es, como o medo, e sentimentos que podem surgir e desaparecer na vida de qualquer um.<\/p>\n<p><strong>Autora<\/strong>: Telma Braga<br \/>\n<strong>Ilustra\u00e7\u00f5es<\/strong>: Cec\u00edlia Murgel<br \/>\n<strong>Temas<\/strong>: emo\u00e7\u00f5es, medo, autoestima.<br \/>\n<strong>Indica\u00e7\u00e3o<\/strong>: Educa\u00e7\u00e3o infantil (EI) e anos iniciais do<br \/>\nEnsino Fundamental (EF25).<br \/>\n24 p\u00e1ginas, 15cm x 30cm<\/p>\n<p><strong>BNCC<\/strong>: atende a Objetivos de Aprendizagens e Desenvolvimento de v\u00e1rias \u00e1reas de<br \/>\nconhecimento do 2\u00ba ao 5\u00ba ano do Ensino Fundamental.<\/p>\n","protected":false},"excerpt":{"rendered":"<p>Era uma vez uma l\u00e1grima que tinha medo de altura. Como assim? Ser\u00e1 que isso s\u00f3 acontece com l\u00e1grimas?<\/p>\n","protected":false},"featured_media":16608,"template":"","meta":{"_joinchat":[]},"product_brand":[],"product_cat":[93,68],"product_tag":[138,101,107],"class_list":{"0":"post-15658","1":"product","2":"type-product","3":"status-publish","4":"has-post-thumbnail","6":"product_cat-mais-amigos","7":"product_cat-todos","8":"product_tag-autoestima","9":"product_tag-emocoes","10":"product_tag-medo","11":"latest_post","13":"first","14":"instock","15":"featured","16":"shipping-taxable","17":"purchasable","18":"product-type-simple","19":"add-to-wishlist-after_add_to_cart"},"_links":{"self":[{"href":"https:\/\/maisativos.com.br\/loja\/wp-json\/wp\/v2\/product\/15658","targetHints":{"allow":["GET"]}}],"collection":[{"href":"https:\/\/maisativos.com.br\/loja\/wp-json\/wp\/v2\/product"}],"about":[{"href":"https:\/\/maisativos.com.br\/loja\/wp-json\/wp\/v2\/types\/product"}],"wp:featuredmedia":[{"embeddable":true,"href":"https:\/\/maisativos.com.br\/loja\/wp-json\/wp\/v2\/media\/16608"}],"wp:attachment":[{"href":"https:\/\/maisativos.com.br\/loja\/wp-json\/wp\/v2\/media?parent=15658"}],"wp:term":[{"taxonomy":"product_brand","embeddable":true,"href":"https:\/\/maisativos.com.br\/loja\/wp-json\/wp\/v2\/product_brand?post=15658"},{"taxonomy":"product_cat","embeddable":true,"href":"https:\/\/maisativos.com.br\/loja\/wp-json\/wp\/v2\/product_cat?post=15658"},{"taxonomy":"product_tag","embeddable":true,"href":"https:\/\/maisativos.com.br\/loja\/wp-json\/wp\/v2\/product_tag?post=15658"}],"curies":[{"name":"wp","href":"https:\/\/api.w.org\/{rel}","templated":true}]}}