{"id":15645,"date":"2021-01-14T18:03:44","date_gmt":"2021-01-14T21:03:44","guid":{"rendered":"https:\/\/maisativos.com.br\/loja\/?post_type=product&#038;p=15645"},"modified":"2025-08-31T17:13:56","modified_gmt":"2025-08-31T20:13:56","slug":"venha-conhecer-o-distrito-federal","status":"publish","type":"product","link":"https:\/\/maisativos.com.br\/loja\/produtos\/venha-conhecer-o-distrito-federal\/","title":{"rendered":"Venha conhecer o Distrito Federal"},"content":{"rendered":"<p>Obra rica em elementos culturais relacionados ao Distrito Federal, Bras\u00edlia e suas Regi\u00f5es Administrativas, incluindo temas previstos pela BNCC. Cada tema pode render uma boa aula e atividades complementares: a fauna, a flora, a popula\u00e7\u00e3o, a culin\u00e1ria, a geografia, a hist\u00f3ria, belezas e curiosidades. Uma diversidade enorme de temas interessantes que permitem atividades l\u00fadicas, pesquisas, atividades teatrais, exposi\u00e7\u00f5es. Uma obra t\u00e3o importante como \u00e9 o pr\u00f3prio DF.<\/p>\n<p><strong>Autor:<\/strong> \u00c1lvaro Modernell<br \/>\n<strong>Ilustra\u00e7\u00f5es:<\/strong> Romont Willy<br \/>\n<strong>Temas:<\/strong> Distrito Federal, Bras\u00edlia, identidade, cultura brasileira, cidadania, diversidade, tradi\u00e7\u00f5es.<br \/>\n<strong>Indica\u00e7\u00e3o:<\/strong> 3\u00ba ao 6\u00ba ano (EF36).<br \/>\n44 p\u00e1ginas, 21cm x 26cm<\/p>\n<p><strong>BNCC:<\/strong> atende a Objetivos de Aprendizagens e Desenvolvimento de v\u00e1rias \u00e1reas de<br \/>\nconhecimento do 3\u00ba ao 7\u00ba ano do Ensino Fundamental<\/p>\n","protected":false},"excerpt":{"rendered":"<p>Obra rica em elementos culturais relacionados ao Distrito Federal, Bras\u00edlia e suas Regi\u00f5es Administrativas, incluindo temas previstos pela BNCC.<\/p>\n","protected":false},"featured_media":15646,"template":"","meta":{"_joinchat":[]},"product_brand":[],"product_cat":[93,68],"product_tag":[140,103,82,139,88,141,116,150],"class_list":{"0":"post-15645","1":"product","2":"type-product","3":"status-publish","4":"has-post-thumbnail","6":"product_cat-mais-amigos","7":"product_cat-todos","8":"product_tag-brasilia","9":"product_tag-cidadania","10":"product_tag-cultura-brasileira","11":"product_tag-distrito-federal","12":"product_tag-diversidade","13":"product_tag-identidade","14":"product_tag-tradicoes","15":"product_tag-venha-conhecer","16":"latest_post","18":"first","19":"instock","20":"shipping-taxable","21":"purchasable","22":"product-type-simple","23":"add-to-wishlist-after_add_to_cart"},"_links":{"self":[{"href":"https:\/\/maisativos.com.br\/loja\/wp-json\/wp\/v2\/product\/15645","targetHints":{"allow":["GET"]}}],"collection":[{"href":"https:\/\/maisativos.com.br\/loja\/wp-json\/wp\/v2\/product"}],"about":[{"href":"https:\/\/maisativos.com.br\/loja\/wp-json\/wp\/v2\/types\/product"}],"wp:featuredmedia":[{"embeddable":true,"href":"https:\/\/maisativos.com.br\/loja\/wp-json\/wp\/v2\/media\/15646"}],"wp:attachment":[{"href":"https:\/\/maisativos.com.br\/loja\/wp-json\/wp\/v2\/media?parent=15645"}],"wp:term":[{"taxonomy":"product_brand","embeddable":true,"href":"https:\/\/maisativos.com.br\/loja\/wp-json\/wp\/v2\/product_brand?post=15645"},{"taxonomy":"product_cat","embeddable":true,"href":"https:\/\/maisativos.com.br\/loja\/wp-json\/wp\/v2\/product_cat?post=15645"},{"taxonomy":"product_tag","embeddable":true,"href":"https:\/\/maisativos.com.br\/loja\/wp-json\/wp\/v2\/product_tag?post=15645"}],"curies":[{"name":"wp","href":"https:\/\/api.w.org\/{rel}","templated":true}]}}