{"id":15576,"date":"2021-08-04T00:03:56","date_gmt":"2021-08-04T03:03:56","guid":{"rendered":"https:\/\/maisativos.com.br\/loja\/?post_type=product&#038;p=15576"},"modified":"2025-08-31T17:08:02","modified_gmt":"2025-08-31T20:08:02","slug":"no-reino-da-mijolandia","status":"publish","type":"product","link":"https:\/\/maisativos.com.br\/loja\/produtos\/no-reino-da-mijolandia\/","title":{"rendered":"No reino da Mijol\u00e2ndia"},"content":{"rendered":"<p>No Reino da <strong>Mijol\u00e2ndia<\/strong> as crian\u00e7as acordam na cama molhada, com frio. E no Reino da <strong>Secol\u00e2ndia<\/strong> elas acordam sequinhas, cheirosas. Esta obra visa ajudar crian\u00e7as pequenas e descobrirem o caminho para migrar de um reino para o outro.<\/p>\n<p><strong>BNCC:<\/strong> atende aos Campos de Experi\u00eancias na Educa\u00e7\u00e3o Infantil O eu, o outro e o n\u00f3s e Corpo, gestos e movimentos.<\/p>\n<p><strong>Autora:<\/strong> Fernanda Camargo<br \/>\n<strong>Ilustra\u00e7\u00f5es:<\/strong> Oscar Reinstein<br \/>\n<strong>Temas:<\/strong> crian\u00e7as, autoestima.<br \/>\n<strong>Indica\u00e7\u00e3o:<\/strong> Educa\u00e7\u00e3o infantil (EI)<br \/>\n12 p\u00e1ginas, 21cm x 21cm<br \/>\nCAIXA ALTA<\/p>\n","protected":false},"excerpt":{"rendered":"<p>No Reino da Mijol\u00e2ndia as crian\u00e7as acordam na cama molhada, com frio. E no Reino<br \/>\nda Secol\u00e2ndia elas acordam sequinhas, cheirosas.<\/p>\n","protected":false},"featured_media":15577,"template":"","meta":{"_joinchat":[]},"product_brand":[],"product_cat":[93,68],"product_tag":[138,21],"class_list":{"0":"post-15576","1":"product","2":"type-product","3":"status-publish","4":"has-post-thumbnail","6":"product_cat-mais-amigos","7":"product_cat-todos","8":"product_tag-autoestima","9":"product_tag-criancas","10":"latest_post","12":"first","13":"instock","14":"shipping-taxable","15":"purchasable","16":"product-type-simple","17":"add-to-wishlist-after_add_to_cart"},"_links":{"self":[{"href":"https:\/\/maisativos.com.br\/loja\/wp-json\/wp\/v2\/product\/15576","targetHints":{"allow":["GET"]}}],"collection":[{"href":"https:\/\/maisativos.com.br\/loja\/wp-json\/wp\/v2\/product"}],"about":[{"href":"https:\/\/maisativos.com.br\/loja\/wp-json\/wp\/v2\/types\/product"}],"wp:featuredmedia":[{"embeddable":true,"href":"https:\/\/maisativos.com.br\/loja\/wp-json\/wp\/v2\/media\/15577"}],"wp:attachment":[{"href":"https:\/\/maisativos.com.br\/loja\/wp-json\/wp\/v2\/media?parent=15576"}],"wp:term":[{"taxonomy":"product_brand","embeddable":true,"href":"https:\/\/maisativos.com.br\/loja\/wp-json\/wp\/v2\/product_brand?post=15576"},{"taxonomy":"product_cat","embeddable":true,"href":"https:\/\/maisativos.com.br\/loja\/wp-json\/wp\/v2\/product_cat?post=15576"},{"taxonomy":"product_tag","embeddable":true,"href":"https:\/\/maisativos.com.br\/loja\/wp-json\/wp\/v2\/product_tag?post=15576"}],"curies":[{"name":"wp","href":"https:\/\/api.w.org\/{rel}","templated":true}]}}