{"id":15464,"date":"2021-05-11T12:18:22","date_gmt":"2021-05-11T15:18:22","guid":{"rendered":"https:\/\/maisativos.com.br\/loja\/?post_type=product&#038;p=15464"},"modified":"2025-09-01T09:11:16","modified_gmt":"2025-09-01T12:11:16","slug":"dona-baratinha-e-a-cidade-desbaratinada","status":"publish","type":"product","link":"https:\/\/maisativos.com.br\/loja\/produtos\/dona-baratinha-e-a-cidade-desbaratinada\/","title":{"rendered":"Dona Baratinha e a cidade desbaratinada"},"content":{"rendered":"<p>A cidade estava meio abandonada, confusa, desbaratinada. Todos podiam fazer algo, mas ningu\u00e9m fazia nada. At\u00e9 que o telefone da casa da dona Baratinha tocou. Era da Prefeitura. O que ser\u00e1 que eles queriam com ela?<\/p>\n<p><strong>Autor(a)<\/strong>: Paula Andrade<br \/>\n<strong>Ilustra\u00e7\u00f5es<\/strong>: Romont Willy<br \/>\n<strong>ISBN<\/strong>: 978-65-88944-03-5 (Peso 120g)<br \/>\n<strong>Formato<\/strong>: 21 x 26cm. Ilustrado, 36 p\u00e1ginas.<br \/>\n<strong>Editora<\/strong>: Mais ativos<br \/>\n<strong>BNCC<\/strong>:<br \/>\n<strong>Indica\u00e7\u00e3o<\/strong>: ensino fundamental, anos iniciais; EF15.<\/p>\n","protected":false},"excerpt":{"rendered":"<p>A cidade onde a dona Baratinha vive estava abandonada, confusa, desbaratinada. Todos podiam fazer algo, mas ningu\u00e9m fazia nada. At\u00e9 que o telefone da casa da dona Baratinha tocou. Era da Prefeitura. Dona Baratinha \u00e9 uma cidad\u00e3 consciente e tem muito a colaborar, especialmente com seus conhecimentos de educa\u00e7\u00e3o financeira. Mas ser\u00e1 que ela poderia ajudar uma cidade inteira?<\/p>\n","protected":false},"featured_media":15466,"template":"","meta":{"_joinchat":[]},"product_brand":[],"product_cat":[95,68],"product_tag":[103,126,21,38,22,27,25,39,30],"class_list":{"0":"post-15464","1":"product","2":"type-product","3":"status-publish","4":"has-post-thumbnail","6":"product_cat-mais-ativos","7":"product_cat-todos","8":"product_tag-cidadania","9":"product_tag-cidades","10":"product_tag-criancas","11":"product_tag-dinheiro","12":"product_tag-educacao-financeira","13":"product_tag-educacao-infantil","14":"product_tag-ensino-fundamental","15":"product_tag-financas-para-criancas","16":"product_tag-sustentabilidade","17":"latest_post","19":"first","20":"instock","21":"shipping-taxable","22":"purchasable","23":"product-type-simple","24":"add-to-wishlist-after_add_to_cart"},"_links":{"self":[{"href":"https:\/\/maisativos.com.br\/loja\/wp-json\/wp\/v2\/product\/15464","targetHints":{"allow":["GET"]}}],"collection":[{"href":"https:\/\/maisativos.com.br\/loja\/wp-json\/wp\/v2\/product"}],"about":[{"href":"https:\/\/maisativos.com.br\/loja\/wp-json\/wp\/v2\/types\/product"}],"wp:featuredmedia":[{"embeddable":true,"href":"https:\/\/maisativos.com.br\/loja\/wp-json\/wp\/v2\/media\/15466"}],"wp:attachment":[{"href":"https:\/\/maisativos.com.br\/loja\/wp-json\/wp\/v2\/media?parent=15464"}],"wp:term":[{"taxonomy":"product_brand","embeddable":true,"href":"https:\/\/maisativos.com.br\/loja\/wp-json\/wp\/v2\/product_brand?post=15464"},{"taxonomy":"product_cat","embeddable":true,"href":"https:\/\/maisativos.com.br\/loja\/wp-json\/wp\/v2\/product_cat?post=15464"},{"taxonomy":"product_tag","embeddable":true,"href":"https:\/\/maisativos.com.br\/loja\/wp-json\/wp\/v2\/product_tag?post=15464"}],"curies":[{"name":"wp","href":"https:\/\/api.w.org\/{rel}","templated":true}]}}