{"id":15027,"date":"2020-08-26T20:25:47","date_gmt":"2020-08-26T23:25:47","guid":{"rendered":"https:\/\/maisativos.com.br\/loja\/?post_type=product&#038;p=15027"},"modified":"2025-12-10T15:43:23","modified_gmt":"2025-12-10T18:43:23","slug":"venha-conhecer-minha-cidade","status":"publish","type":"product","link":"https:\/\/maisativos.com.br\/loja\/produtos\/venha-conhecer-minha-cidade\/","title":{"rendered":"Venha conhecer minha cidade"},"content":{"rendered":"<p>Esta obra \u00e9 um convite para que cada crian\u00e7a conhe\u00e7a melhor\u00a0a cidade onde mora. As ruas, os parques, os pr\u00e9dios famosos,\u00a0a hist\u00f3ria a cultura e, principalmente, os recantos e encantos\u00a0escondidos em cada cantinho.E voc\u00ea, conhece bem a sua cidade? Aproveite o livro e convide sua fam\u00edlia para passear pela sua cidade.<\/p>\n<p><strong>Autor:<\/strong>\u00a0\u00c1lvaro Modernell<br \/>\n<strong>Ilustra\u00e7\u00f5es:<\/strong>\u00a0Jader de Melo<br \/>\n<strong>ISBN:<\/strong>\u00a0978-65-86396-00-3 (Peso 140g)<br \/>\n<strong>Formato:<\/strong> 21 x 26cm. Ilustrado, 28 p\u00e1ginas.<br \/>\n<strong>Editora:<\/strong> Mais Amigos<br \/>\n<strong>Indica\u00e7\u00e3o:<\/strong> ensino fundamental, anos iniciais; EF24.<\/p>\n","protected":false},"excerpt":{"rendered":"<p>Esta obra \u00e9 rica em elementos sobre as caracter\u00edsticas das cidades, e para estimular que as crian\u00e7as queiram conhecer mais sobre a cidade onde vivem: a hist\u00f3ria, as ruas e avenidas, os monumentos\u00a0famosos, curiosidades. Uma diversidade enorme de temas\u00a0interessantes que permitem ampliar a percep\u00e7\u00e3o sobre as cidades em que vivemos.<\/p>\n","protected":false},"featured_media":15041,"template":"","meta":{"_joinchat":[]},"product_brand":[],"product_cat":[93,68],"product_tag":[126,21,82,27,25,150],"class_list":{"0":"post-15027","1":"product","2":"type-product","3":"status-publish","4":"has-post-thumbnail","6":"product_cat-mais-amigos","7":"product_cat-todos","8":"product_tag-cidades","9":"product_tag-criancas","10":"product_tag-cultura-brasileira","11":"product_tag-educacao-infantil","12":"product_tag-ensino-fundamental","13":"product_tag-venha-conhecer","14":"latest_post","16":"first","17":"instock","18":"shipping-taxable","19":"purchasable","20":"product-type-simple","21":"add-to-wishlist-after_add_to_cart"},"_links":{"self":[{"href":"https:\/\/maisativos.com.br\/loja\/wp-json\/wp\/v2\/product\/15027","targetHints":{"allow":["GET"]}}],"collection":[{"href":"https:\/\/maisativos.com.br\/loja\/wp-json\/wp\/v2\/product"}],"about":[{"href":"https:\/\/maisativos.com.br\/loja\/wp-json\/wp\/v2\/types\/product"}],"wp:featuredmedia":[{"embeddable":true,"href":"https:\/\/maisativos.com.br\/loja\/wp-json\/wp\/v2\/media\/15041"}],"wp:attachment":[{"href":"https:\/\/maisativos.com.br\/loja\/wp-json\/wp\/v2\/media?parent=15027"}],"wp:term":[{"taxonomy":"product_brand","embeddable":true,"href":"https:\/\/maisativos.com.br\/loja\/wp-json\/wp\/v2\/product_brand?post=15027"},{"taxonomy":"product_cat","embeddable":true,"href":"https:\/\/maisativos.com.br\/loja\/wp-json\/wp\/v2\/product_cat?post=15027"},{"taxonomy":"product_tag","embeddable":true,"href":"https:\/\/maisativos.com.br\/loja\/wp-json\/wp\/v2\/product_tag?post=15027"}],"curies":[{"name":"wp","href":"https:\/\/api.w.org\/{rel}","templated":true}]}}