{"id":14353,"date":"2020-07-24T18:39:01","date_gmt":"2020-07-24T21:39:01","guid":{"rendered":"https:\/\/maisativos.com.br\/loja\/?post_type=product&#038;p=14353"},"modified":"2025-08-31T17:09:09","modified_gmt":"2025-08-31T20:09:09","slug":"o-mundo-azul-de-samuel","status":"publish","type":"product","link":"https:\/\/maisativos.com.br\/loja\/produtos\/o-mundo-azul-de-samuel\/","title":{"rendered":"O mundo azul de Samuel"},"content":{"rendered":"<p><span style=\"color: #333333\">O mundo azul de Samuel busca abrir e balan\u00e7ar o cora\u00e7\u00e3o dos leitores para particularidades e delicadezas dos mundos individuais de pessoas com Transtorno do Espectro Autista \u2013 TEA, revelando que no Planeta da Empatia pode estar a chave para o respeito e a supera\u00e7\u00e3o de preconceitos.<\/span><\/p>\n<p><b>Autora:\u00a0<\/b>Nyedja Gennari<\/p>\n<p><b>Ilustra\u00e7\u00f5es:<\/b>\u00a0Romont Willy<\/p>\n<p><b>ISBN<\/b>:\u00a0978-65-86396-01-0 (Peso 150g)<br \/>\n<b>Formato:<\/b>\u00a021 x 26cm. Ilustrado, 28 p\u00e1ginas.<br \/>\n<b>Selo editorial:<\/b>\u00a0Mais Amigos<br \/>\n<b>Edi\u00e7\u00e3o atual:<\/b>\u00a01a (Lan\u00e7amento)<br \/>\n<b>Indica\u00e7\u00e3o<\/b>: ensino fundamental, anos iniciais; EF15<\/p>\n","protected":false},"excerpt":{"rendered":"<p><span style=\"color: #333333\">O mundo azul de Samuel busca abrir e balan\u00e7ar o cora\u00e7\u00e3o dos leitores para particularidades e delicadezas dos mundos individuais de pessoas com Transtorno do Espectro Autista \u2013 TEA, revelando que no Planeta da Empatia pode estar a chave para o respeito e a supera\u00e7\u00e3o de preconceitos.<\/span><\/p>\n","protected":false},"featured_media":14354,"template":"","meta":{"_joinchat":[]},"product_brand":[],"product_cat":[93,68],"product_tag":[124,21,88,79,125],"class_list":{"0":"post-14353","1":"product","2":"type-product","3":"status-publish","4":"has-post-thumbnail","6":"product_cat-mais-amigos","7":"product_cat-todos","8":"product_tag-autismo","9":"product_tag-criancas","10":"product_tag-diversidade","11":"product_tag-inclusao","12":"product_tag-tea","13":"latest_post","15":"first","16":"instock","17":"shipping-taxable","18":"purchasable","19":"product-type-simple","20":"add-to-wishlist-after_add_to_cart"},"_links":{"self":[{"href":"https:\/\/maisativos.com.br\/loja\/wp-json\/wp\/v2\/product\/14353","targetHints":{"allow":["GET"]}}],"collection":[{"href":"https:\/\/maisativos.com.br\/loja\/wp-json\/wp\/v2\/product"}],"about":[{"href":"https:\/\/maisativos.com.br\/loja\/wp-json\/wp\/v2\/types\/product"}],"wp:featuredmedia":[{"embeddable":true,"href":"https:\/\/maisativos.com.br\/loja\/wp-json\/wp\/v2\/media\/14354"}],"wp:attachment":[{"href":"https:\/\/maisativos.com.br\/loja\/wp-json\/wp\/v2\/media?parent=14353"}],"wp:term":[{"taxonomy":"product_brand","embeddable":true,"href":"https:\/\/maisativos.com.br\/loja\/wp-json\/wp\/v2\/product_brand?post=14353"},{"taxonomy":"product_cat","embeddable":true,"href":"https:\/\/maisativos.com.br\/loja\/wp-json\/wp\/v2\/product_cat?post=14353"},{"taxonomy":"product_tag","embeddable":true,"href":"https:\/\/maisativos.com.br\/loja\/wp-json\/wp\/v2\/product_tag?post=14353"}],"curies":[{"name":"wp","href":"https:\/\/api.w.org\/{rel}","templated":true}]}}