{"id":1339,"date":"2018-09-05T16:05:48","date_gmt":"2018-09-05T19:05:48","guid":{"rendered":"http:\/\/maisativos.com.br\/loja\/?post_type=product&#038;p=1339"},"modified":"2025-09-01T09:24:59","modified_gmt":"2025-09-01T12:24:59","slug":"professor-horaculo-responde-politicas-publicas","status":"publish","type":"product","link":"https:\/\/maisativos.com.br\/loja\/produtos\/professor-horaculo-responde-politicas-publicas\/","title":{"rendered":"Professor Hor\u00e1culo responde \u2013 pol\u00edticas p\u00fablicas"},"content":{"rendered":"<p>Todo cidad\u00e3o tem direito a exercer sua cidadania plena. Para isso, precisa conhecer seus direitos. O professor Hor\u00e1culo \u00e9 um personagem criado para auxiliar na explica\u00e7\u00e3o simples e did\u00e1tica de temas muito comentados, mas nem sempre bem compreendidos, especialmente pelos jovens.<\/p>\n<p>O tema de estreia da cole\u00e7\u00e3o \u00e9 POL\u00cdTICAS P\u00daBLICAS, coincidindo com o tema da Campanha da Fraternidade 2019: Fraternidade e Pol\u00edticas P\u00fablicas.<\/p>\n<p>Autor: \u00c1lvaro Modernell<br \/>\n<span style=\"font-family: -apple-system, BlinkMacSystemFont, 'Segoe UI', Roboto, Oxygen-Sans, Ubuntu, Cantarell, 'Helvetica Neue', sans-serif\">Ilustra\u00e7\u00f5es: Romont Willy<br \/>\n<\/span>ISBN: 978-85-66033-44-1 (Peso 100g)<br \/>\nFormato: 16,5cm x 20,5cm. Ilustrado, 24 p\u00e1ginas.<br \/>\nEditora: Mais ativos<br \/>\nEdi\u00e7\u00e3o atual: 1a (Lan\u00e7amento)<br \/>\nBNCC: EF05HI02<\/p>\n","protected":false},"excerpt":{"rendered":"<p>Todo cidad\u00e3o tem direito a exercer sua cidadania plena. Para isso, precisa conhecer seus\u00a0direitos. O professor Hor\u00e1culo \u00e9 um personagem criado para auxiliar na explica\u00e7\u00e3o simples e\u00a0did\u00e1tica de temas muito comentados, mas nem sempre\u00a0bem compreendidos, especialmente pelos jovens.<\/p>\n<p>O tema desta obra \u00e9 POL\u00cdTICAS P\u00daBLICAS, coincidindo com o tema da Campanha da\u00a0Fraternidade 2019: Fraternidade e Pol\u00edticas P\u00fablicas.<\/p>\n","protected":false},"featured_media":1340,"template":"","meta":{"_joinchat":[]},"product_brand":[],"product_cat":[95,68],"product_tag":[],"class_list":{"0":"post-1339","1":"product","2":"type-product","3":"status-publish","4":"has-post-thumbnail","6":"product_cat-mais-ativos","7":"product_cat-todos","8":"latest_post","10":"first","11":"instock","12":"shipping-taxable","13":"purchasable","14":"product-type-simple","15":"add-to-wishlist-after_add_to_cart"},"_links":{"self":[{"href":"https:\/\/maisativos.com.br\/loja\/wp-json\/wp\/v2\/product\/1339","targetHints":{"allow":["GET"]}}],"collection":[{"href":"https:\/\/maisativos.com.br\/loja\/wp-json\/wp\/v2\/product"}],"about":[{"href":"https:\/\/maisativos.com.br\/loja\/wp-json\/wp\/v2\/types\/product"}],"wp:featuredmedia":[{"embeddable":true,"href":"https:\/\/maisativos.com.br\/loja\/wp-json\/wp\/v2\/media\/1340"}],"wp:attachment":[{"href":"https:\/\/maisativos.com.br\/loja\/wp-json\/wp\/v2\/media?parent=1339"}],"wp:term":[{"taxonomy":"product_brand","embeddable":true,"href":"https:\/\/maisativos.com.br\/loja\/wp-json\/wp\/v2\/product_brand?post=1339"},{"taxonomy":"product_cat","embeddable":true,"href":"https:\/\/maisativos.com.br\/loja\/wp-json\/wp\/v2\/product_cat?post=1339"},{"taxonomy":"product_tag","embeddable":true,"href":"https:\/\/maisativos.com.br\/loja\/wp-json\/wp\/v2\/product_tag?post=1339"}],"curies":[{"name":"wp","href":"https:\/\/api.w.org\/{rel}","templated":true}]}}