{"id":1330,"date":"2018-09-05T10:28:14","date_gmt":"2018-09-05T13:28:14","guid":{"rendered":"http:\/\/maisativos.com.br\/loja\/?post_type=product&#038;p=1330"},"modified":"2025-09-01T09:26:19","modified_gmt":"2025-09-01T12:26:19","slug":"consumo-consciente-gente-contente","status":"publish","type":"product","link":"https:\/\/maisativos.com.br\/loja\/produtos\/consumo-consciente-gente-contente\/","title":{"rendered":"Consumo consciente, gente contente!"},"content":{"rendered":"<p>Uma fam\u00edlia vai passear no shopping e os pais se distraem com as tenta\u00e7\u00f5es do templo do<br \/>\nconsumo. De repente, percebem que o jovem Heitor sumiu. O que fazer?<br \/>\nO susto e o desenrolar da hist\u00f3ria ajudam a perceber o que realmente tem valor e os perigos<br \/>\ndo consumismo.<\/p>\n<p>Autor:\u00a0\u00c1lvaro Modernell<br \/>\nIlustra\u00e7\u00f5es:\u00a0Victor Tavares<br \/>\nISBN: 978-85-66033-45-8 (Peso 140g)<br \/>\nFormato:\u00a020,5 x 27,5 cm. Ilustrado, 20 p\u00e1ginas.<br \/>\nEditora:\u00a0Mais ativos<br \/>\nEdi\u00e7\u00e3o atual:\u00a01a (Lan\u00e7amento)<br \/>\nBNCC: EF15LPNN, EF12LP18, EF12LP19, EF35LP23, EF35LP2N<\/p>\n","protected":false},"excerpt":{"rendered":"<p>O livro estimula os pequenos leitores a refletir sobre riscos do consumo desenfreado e sobre o que realmente tem valor. As bel\u00edssimas ilustra\u00e7\u00f5es convidam para uma leitura pausada, despertando a curiosidade para os detalhes dos cen\u00e1rios e para as nuances do texto. Em tempos de consumismo, a educa\u00e7\u00e3o financeira voltada para a forma\u00e7\u00e3o de consumidores conscientes ganha ainda mais import\u00e2ncia.<br \/>\nLivro bonito e inteligente, leitor contente!<\/p>\n","protected":false},"featured_media":1336,"template":"","meta":{"_joinchat":[]},"product_brand":[],"product_cat":[95,68],"product_tag":[],"class_list":{"0":"post-1330","1":"product","2":"type-product","3":"status-publish","4":"has-post-thumbnail","6":"product_cat-mais-ativos","7":"product_cat-todos","8":"latest_post","10":"first","11":"instock","12":"shipping-taxable","13":"purchasable","14":"product-type-simple","15":"add-to-wishlist-after_add_to_cart"},"_links":{"self":[{"href":"https:\/\/maisativos.com.br\/loja\/wp-json\/wp\/v2\/product\/1330","targetHints":{"allow":["GET"]}}],"collection":[{"href":"https:\/\/maisativos.com.br\/loja\/wp-json\/wp\/v2\/product"}],"about":[{"href":"https:\/\/maisativos.com.br\/loja\/wp-json\/wp\/v2\/types\/product"}],"wp:featuredmedia":[{"embeddable":true,"href":"https:\/\/maisativos.com.br\/loja\/wp-json\/wp\/v2\/media\/1336"}],"wp:attachment":[{"href":"https:\/\/maisativos.com.br\/loja\/wp-json\/wp\/v2\/media?parent=1330"}],"wp:term":[{"taxonomy":"product_brand","embeddable":true,"href":"https:\/\/maisativos.com.br\/loja\/wp-json\/wp\/v2\/product_brand?post=1330"},{"taxonomy":"product_cat","embeddable":true,"href":"https:\/\/maisativos.com.br\/loja\/wp-json\/wp\/v2\/product_cat?post=1330"},{"taxonomy":"product_tag","embeddable":true,"href":"https:\/\/maisativos.com.br\/loja\/wp-json\/wp\/v2\/product_tag?post=1330"}],"curies":[{"name":"wp","href":"https:\/\/api.w.org\/{rel}","templated":true}]}}