{"id":1281,"date":"2018-05-30T17:41:00","date_gmt":"2018-05-30T20:41:00","guid":{"rendered":"http:\/\/maisativos.com.br\/loja\/?post_type=product&#038;p=1281"},"modified":"2025-08-31T17:12:34","modified_gmt":"2025-08-31T20:12:34","slug":"somos-diferentes-mas-somos-iguais","status":"publish","type":"product","link":"https:\/\/maisativos.com.br\/loja\/produtos\/somos-diferentes-mas-somos-iguais\/","title":{"rendered":"Somos diferentes, mas somos iguais"},"content":{"rendered":"<p>Diferente, mas igual. Igual, mas diferente. Essa \u00e9 a pegada desse livro diferente. Bichinhos\u00a0fofos em situa\u00e7\u00f5es que revelam ao leitor como n\u00f3s, seres humanos, \u00e0s vezes, deixamos de\u00a0ser racionais ao n\u00e3o respeitar as diferen\u00e7as ou n\u00e3o aceitar as igualdades entre n\u00f3s mesmos.<\/p>\n<p>O livro sugere diferentes maneiras de abordar assuntos delicados como bullying e diversidades,\u00a0com leveza, sutileza e amplitude de percep\u00e7\u00f5es.<\/p>\n<p>Indicado para crian\u00e7as da Educa\u00e7\u00e3o\u00a0Infantil e primeiros anos do Ensino\u00a0Fundamental, para leitura em fam\u00edlia\u00a0e para uso escolar.\u00a0Uso em a\u00e7\u00f5es de preven\u00e7\u00e3o e combate ao bullying, projetos de est\u00edmulo \u00e0 leitura, conv\u00edvio familiar e para tratar de diferen\u00e7as e da diversidade humana.<\/p>\n<p><strong>Autor:<\/strong>\u00a0\u00c1lvaro Modernell<br \/>\n<strong>Ilustra\u00e7\u00f5es:\u00a0<\/strong>Romont Willy<br \/>\n<strong>ISBN<\/strong> 978-85-66033-41-0 (Peso 120g)<br \/>\n<strong>Formato:<\/strong>\u00a021 x 23 cm. Ilustrado, 24 p\u00e1ginas.<br \/>\n<strong>Editora:\u00a0<\/strong>Mais Amigos<br \/>\n<strong>Edi\u00e7\u00e3o atual:<\/strong>\u00a01a (Lan\u00e7amento)<\/p>\n","protected":false},"excerpt":{"rendered":"<p>Indicado para crian\u00e7as da Educa\u00e7\u00e3o\u00a0Infantil e primeiros anos do Ensino\u00a0Fundamental, para leitura em fam\u00edlia\u00a0e para uso escolar.\u00a0Uso em a\u00e7\u00f5es de preven\u00e7\u00e3o e combate ao bullying, projetos de est\u00edmulo \u00e0 leitura, conv\u00edvio familiar e para tratar de diferen\u00e7as e da diversidade humana.<\/p>\n","protected":false},"featured_media":16231,"template":"","meta":{"_joinchat":[]},"product_brand":[],"product_cat":[93,68],"product_tag":[],"class_list":{"0":"post-1281","1":"product","2":"type-product","3":"status-publish","4":"has-post-thumbnail","6":"product_cat-mais-amigos","7":"product_cat-todos","8":"latest_post","10":"first","11":"instock","12":"shipping-taxable","13":"purchasable","14":"product-type-simple","15":"add-to-wishlist-after_add_to_cart"},"_links":{"self":[{"href":"https:\/\/maisativos.com.br\/loja\/wp-json\/wp\/v2\/product\/1281","targetHints":{"allow":["GET"]}}],"collection":[{"href":"https:\/\/maisativos.com.br\/loja\/wp-json\/wp\/v2\/product"}],"about":[{"href":"https:\/\/maisativos.com.br\/loja\/wp-json\/wp\/v2\/types\/product"}],"wp:featuredmedia":[{"embeddable":true,"href":"https:\/\/maisativos.com.br\/loja\/wp-json\/wp\/v2\/media\/16231"}],"wp:attachment":[{"href":"https:\/\/maisativos.com.br\/loja\/wp-json\/wp\/v2\/media?parent=1281"}],"wp:term":[{"taxonomy":"product_brand","embeddable":true,"href":"https:\/\/maisativos.com.br\/loja\/wp-json\/wp\/v2\/product_brand?post=1281"},{"taxonomy":"product_cat","embeddable":true,"href":"https:\/\/maisativos.com.br\/loja\/wp-json\/wp\/v2\/product_cat?post=1281"},{"taxonomy":"product_tag","embeddable":true,"href":"https:\/\/maisativos.com.br\/loja\/wp-json\/wp\/v2\/product_tag?post=1281"}],"curies":[{"name":"wp","href":"https:\/\/api.w.org\/{rel}","templated":true}]}}