{"id":1244,"date":"2018-04-16T22:18:26","date_gmt":"2018-04-17T01:18:26","guid":{"rendered":"http:\/\/maisativos.com.br\/loja\/?post_type=product&#038;p=1244"},"modified":"2025-11-14T12:18:28","modified_gmt":"2025-11-14T15:18:28","slug":"pe-de-moeda","status":"publish","type":"product","link":"https:\/\/maisativos.com.br\/loja\/produtos\/pe-de-moeda\/","title":{"rendered":"P\u00e9 de moeda"},"content":{"rendered":"<p>Voc\u00ea j\u00e1 pensou em um lugar em que &#8220;em se plantando, tudo d\u00e1&#8221;? Ao passear pelo pomar da vov\u00f3, Jo\u00e3o imaginou uma \u00e1rvore diferente de todas as que j\u00e1 havia visto.<\/p>\n<p>Sugerido para uso na educa\u00e7\u00e3o infantil e para crian\u00e7as a partir de 4 anos.<\/p>\n<p>Uso em educa\u00e7\u00e3o financeira, projetos de est\u00edmulo \u00e0 leitura e de alimenta\u00e7\u00e3o saud\u00e1vel, e para, conv\u00edvio familiar.<\/p>\n<p><strong>Autor:<\/strong> Ana Neila Torquato<br \/>\n<strong>Ilustra\u00e7\u00f5es:<\/strong> Cibele Santos<br \/>\n<strong>ISBN<\/strong> 978-65-88944-02-8 (Peso 100g)<br \/>\n<strong>Formato:<\/strong> 21 x 23 cm. Ilustrado, 20 p\u00e1ginas.<br \/>\n<strong>Editora:<\/strong> Mais Ativos<\/p>\n","protected":false},"excerpt":{"rendered":"<div class=\"m_5038804759291318895gmail-woocommerce-product-details__short-description\">\n<p>Uma hist\u00f3ria com sabor de fruta colhida no p\u00e9.\u00a0Muitas cores e fantasia num livro divertido que proporciona oportunidade para a crian\u00e7a se divertir e aprender.<\/p>\n<\/div>\n<p><span class=\"m_5038804759291318895gmail-sku_wrapper\">REF:\u00a0<span class=\"m_5038804759291318895gmail-sku\">ISBN 978-65-88944-02-8<\/span><\/span><\/p>\n","protected":false},"featured_media":1246,"template":"","meta":{"_joinchat":[]},"product_brand":[],"product_cat":[95,68],"product_tag":[],"class_list":{"0":"post-1244","1":"product","2":"type-product","3":"status-publish","4":"has-post-thumbnail","6":"product_cat-mais-ativos","7":"product_cat-todos","8":"latest_post","10":"first","11":"instock","12":"shipping-taxable","13":"purchasable","14":"product-type-simple","15":"add-to-wishlist-after_add_to_cart"},"_links":{"self":[{"href":"https:\/\/maisativos.com.br\/loja\/wp-json\/wp\/v2\/product\/1244","targetHints":{"allow":["GET"]}}],"collection":[{"href":"https:\/\/maisativos.com.br\/loja\/wp-json\/wp\/v2\/product"}],"about":[{"href":"https:\/\/maisativos.com.br\/loja\/wp-json\/wp\/v2\/types\/product"}],"wp:featuredmedia":[{"embeddable":true,"href":"https:\/\/maisativos.com.br\/loja\/wp-json\/wp\/v2\/media\/1246"}],"wp:attachment":[{"href":"https:\/\/maisativos.com.br\/loja\/wp-json\/wp\/v2\/media?parent=1244"}],"wp:term":[{"taxonomy":"product_brand","embeddable":true,"href":"https:\/\/maisativos.com.br\/loja\/wp-json\/wp\/v2\/product_brand?post=1244"},{"taxonomy":"product_cat","embeddable":true,"href":"https:\/\/maisativos.com.br\/loja\/wp-json\/wp\/v2\/product_cat?post=1244"},{"taxonomy":"product_tag","embeddable":true,"href":"https:\/\/maisativos.com.br\/loja\/wp-json\/wp\/v2\/product_tag?post=1244"}],"curies":[{"name":"wp","href":"https:\/\/api.w.org\/{rel}","templated":true}]}}