{"id":388,"date":"2016-11-03T13:55:19","date_gmt":"2016-11-03T16:55:19","guid":{"rendered":"http:\/\/maisativos.com.br\/loja\/?page_id=388"},"modified":"2026-03-11T10:38:02","modified_gmt":"2026-03-11T13:38:02","slug":"catalogo","status":"publish","type":"page","link":"https:\/\/maisativos.com.br\/loja\/catalogo\/","title":{"rendered":"Cat\u00e1logo Mais Ativos"},"content":{"rendered":"\n<div class=\"wp-block-columns is-layout-flex wp-container-core-columns-is-layout-9d6595d7 wp-block-columns-is-layout-flex\">\n<div class=\"wp-block-column is-layout-flow wp-block-column-is-layout-flow\">\n<figure class=\"wp-block-gallery has-nested-images columns-default is-cropped wp-block-gallery-1 is-layout-flex wp-block-gallery-is-layout-flex\">\n<figure class=\"wp-block-image size-full\"><a href=\"https:\/\/maisativos.com.br\/loja\/wp-content\/uploads\/2026\/03\/Capa-Mais-Ativos-25-26.jpg\"><img fetchpriority=\"high\" decoding=\"async\" width=\"629\" height=\"903\" data-id=\"19128\" src=\"https:\/\/maisativos.com.br\/loja\/wp-content\/uploads\/2026\/03\/Capa-Mais-Ativos-25-26.jpg\" alt=\"\" class=\"wp-image-19128\" srcset=\"https:\/\/maisativos.com.br\/loja\/wp-content\/uploads\/2026\/03\/Capa-Mais-Ativos-25-26.jpg 629w, https:\/\/maisativos.com.br\/loja\/wp-content\/uploads\/2026\/03\/Capa-Mais-Ativos-25-26-209x300.jpg 209w, https:\/\/maisativos.com.br\/loja\/wp-content\/uploads\/2026\/03\/Capa-Mais-Ativos-25-26-174x250.jpg 174w, https:\/\/maisativos.com.br\/loja\/wp-content\/uploads\/2026\/03\/Capa-Mais-Ativos-25-26-226x324.jpg 226w, https:\/\/maisativos.com.br\/loja\/wp-content\/uploads\/2026\/03\/Capa-Mais-Ativos-25-26-286x411.jpg 286w, https:\/\/maisativos.com.br\/loja\/wp-content\/uploads\/2026\/03\/Capa-Mais-Ativos-25-26-188x270.jpg 188w, https:\/\/maisativos.com.br\/loja\/wp-content\/uploads\/2026\/03\/Capa-Mais-Ativos-25-26-260x373.jpg 260w, https:\/\/maisativos.com.br\/loja\/wp-content\/uploads\/2026\/03\/Capa-Mais-Ativos-25-26-500x718.jpg 500w\" sizes=\"(max-width: 629px) 100vw, 629px\" \/><\/a><\/figure>\n<\/figure>\n<\/div>\n\n\n\n<div class=\"wp-block-column is-layout-flow wp-block-column-is-layout-flow\">\n<p><\/p>\n\n\n\n<p class=\"has-medium-font-size\">Baixe agora nosso cat\u00e1logo 2025\/26 de livros infantis&nbsp;<strong>Mais Ativos<\/strong>. Aproveite que est\u00e1 cheio de novidades!<\/p>\n\n\n\n<div class=\"wp-block-buttons is-layout-flex wp-block-buttons-is-layout-flex\">\n<div class=\"wp-block-button is-style-outline is-style-outline--2\"><a class=\"wp-block-button__link has-white-color has-text-color has-background wp-element-button\" href=\"https:\/\/maisativos.com.br\/loja\/wp-content\/uploads\/2026\/03\/Catalogo-Mais-Ativos-2025-2026.pdf\" style=\"background-color:#22aa78\" target=\"_blank\" rel=\"noreferrer noopener\">Baixar cat\u00e1logo<\/a><\/div>\n<\/div>\n<\/div>\n\n\n\n<div class=\"wp-block-column is-layout-flow wp-block-column-is-layout-flow\"><\/div>\n<\/div>\n\n\n\n<p style=\"font-size:30px\">Fichas pedag\u00f3gicas<\/p>\n\n\n\n<p>Os livros da Mais Ativos contam com fichas pedag\u00f3gicas cuidadosamente preparadas para potencializar o uso das obras na escola. Apresenta\u00e7\u00e3o da obra com sinopse, informa\u00e7\u00f5es sobre autores e ilustradores, dados da ficha catalogr\u00e1fica, sugest\u00f5es de atividades e indica\u00e7\u00f5es dos c\u00f3digos alfanum\u00e9ricos relacionados a objetivos de aprendizagem e desenvolvimento, conforme BNCC. Se voc\u00ea \u00e9 professor ou educador, solicite por e-mail as fichas pedag\u00f3gicas dos livros de seu interesse.<\/p>\n\n\n\n<div class=\"wp-block-button is-style-outline is-style-outline--3\"><a class=\"wp-block-button__link has-white-color has-vivid-green-cyan-background-color has-text-color has-background wp-element-button\" href=\"https:\/\/maisativos.com.br\/loja\/atendimento\/\">Solicitar ficha pedag\u00f3gica<\/a><\/div>\n","protected":false},"excerpt":{"rendered":"<p>Baixe agora nosso cat\u00e1logo 2025\/26 de livros infantis&nbsp;Mais Ativos. Aproveite que est\u00e1 cheio de novidades! Fichas pedag\u00f3gicas Os livros da Mais Ativos contam com fichas pedag\u00f3gicas cuidadosamente preparadas para potencializar o uso das obras na escola. Apresenta\u00e7\u00e3o da obra com sinopse, informa\u00e7\u00f5es sobre autores e ilustradores, dados da ficha catalogr\u00e1fica, sugest\u00f5es de atividades e indica\u00e7\u00f5es dos c\u00f3digos alfanum\u00e9ricos relacionados a objetivos de aprendizagem e desenvolvimento, conforme BNCC. Se voc\u00ea \u00e9 professor ou educador, solicite por e-mail as fichas pedag\u00f3gicas dos livros de seu interesse.<\/p>\n","protected":false},"author":1,"featured_media":0,"parent":0,"menu_order":0,"comment_status":"closed","ping_status":"closed","template":"","meta":{"_joinchat":[],"footnotes":""},"class_list":["post-388","page","type-page","status-publish","hentry","latest_post"],"_links":{"self":[{"href":"https:\/\/maisativos.com.br\/loja\/wp-json\/wp\/v2\/pages\/388","targetHints":{"allow":["GET"]}}],"collection":[{"href":"https:\/\/maisativos.com.br\/loja\/wp-json\/wp\/v2\/pages"}],"about":[{"href":"https:\/\/maisativos.com.br\/loja\/wp-json\/wp\/v2\/types\/page"}],"author":[{"embeddable":true,"href":"https:\/\/maisativos.com.br\/loja\/wp-json\/wp\/v2\/users\/1"}],"replies":[{"embeddable":true,"href":"https:\/\/maisativos.com.br\/loja\/wp-json\/wp\/v2\/comments?post=388"}],"version-history":[{"count":69,"href":"https:\/\/maisativos.com.br\/loja\/wp-json\/wp\/v2\/pages\/388\/revisions"}],"predecessor-version":[{"id":19139,"href":"https:\/\/maisativos.com.br\/loja\/wp-json\/wp\/v2\/pages\/388\/revisions\/19139"}],"wp:attachment":[{"href":"https:\/\/maisativos.com.br\/loja\/wp-json\/wp\/v2\/media?parent=388"}],"curies":[{"name":"wp","href":"https:\/\/api.w.org\/{rel}","templated":true}]}}