{"id":36,"date":"2014-02-18T23:06:24","date_gmt":"2014-02-18T23:06:24","guid":{"rendered":"http:\/\/maisativos.com.br\/loja\/?page_id=36"},"modified":"2022-09-19T12:06:37","modified_gmt":"2022-09-19T15:06:37","slug":"atendimento","status":"publish","type":"page","link":"https:\/\/maisativos.com.br\/loja\/atendimento\/","title":{"rendered":"Atendimento"},"content":{"rendered":"\t\t<div data-elementor-type=\"wp-page\" data-elementor-id=\"36\" class=\"elementor elementor-36\" data-elementor-post-type=\"page\">\n\t\t\t\t\t\t<section class=\"elementor-section elementor-top-section elementor-element elementor-element-87591a8 elementor-section-boxed elementor-section-height-default elementor-section-height-default wpr-particle-no wpr-jarallax-no wpr-parallax-no wpr-sticky-section-no\" data-id=\"87591a8\" data-element_type=\"section\" data-e-type=\"section\">\n\t\t\t\t\t\t<div class=\"elementor-container elementor-column-gap-default\">\n\t\t\t\t\t<div class=\"elementor-column elementor-col-50 elementor-top-column elementor-element elementor-element-3d61903\" data-id=\"3d61903\" data-element_type=\"column\" data-e-type=\"column\">\n\t\t\t<div class=\"elementor-widget-wrap elementor-element-populated\">\n\t\t\t\t\t\t<div class=\"elementor-element elementor-element-5d7d947e elementor-widget elementor-widget-text-editor\" data-id=\"5d7d947e\" data-element_type=\"widget\" data-e-type=\"widget\" data-widget_type=\"text-editor.default\">\n\t\t\t\t<div class=\"elementor-widget-container\">\n\t\t\t\t\t\t\t\t\t<h6>Estamos \u00e0 disposi\u00e7\u00e3o:<\/h6>\n<h6><b>contato@maisativos.com.br <\/b>ou <b>contato@editoramaisamigos.com.br\u00a0<br \/><\/b>(61) 3205-3405 ou 98161-0000<\/h6>\n<h6>Ou utilize o formul\u00e1rio<\/h6>\n<p><!-- \/wp:paragraph --><\/p>\n<p><!-- wp:shortcode --><\/p>\n<p>\u00a0<\/p>\n<p><!-- \/wp:shortcode --><\/p>\t\t\t\t\t\t\t\t<\/div>\n\t\t\t\t<\/div>\n\t\t\t\t\t<\/div>\n\t\t<\/div>\n\t\t\t\t<div class=\"elementor-column elementor-col-50 elementor-top-column elementor-element elementor-element-7d47d07\" data-id=\"7d47d07\" data-element_type=\"column\" data-e-type=\"column\">\n\t\t\t<div class=\"elementor-widget-wrap elementor-element-populated\">\n\t\t\t\t\t\t<div class=\"elementor-element elementor-element-07f496d elementor-widget elementor-widget-text-editor\" data-id=\"07f496d\" data-element_type=\"widget\" data-e-type=\"widget\" data-widget_type=\"text-editor.default\">\n\t\t\t\t<div class=\"elementor-widget-container\">\n\t\t\t\t\t\t\t\t\t[contact-form-7 id=&#8221;16882&#8243; title=&#8221;Formul\u00e1rio de contato&#8221;]\t\t\t\t\t\t\t\t<\/div>\n\t\t\t\t<\/div>\n\t\t\t\t\t<\/div>\n\t\t<\/div>\n\t\t\t\t\t<\/div>\n\t\t<\/section>\n\t\t\t\t<\/div>\n\t\t","protected":false},"excerpt":{"rendered":"<p>Estamos \u00e0 disposi\u00e7\u00e3o: contato@maisativos.com.br ou contato@editoramaisamigos.com.br\u00a0(61) 3205-3405 ou 98161-0000 Ou utilize o formul\u00e1rio \u00a0 [contact-form-7 id=&#8221;16882&#8243; title=&#8221;Formul\u00e1rio de contato&#8221;]<\/p>\n","protected":false},"author":1,"featured_media":0,"parent":0,"menu_order":0,"comment_status":"closed","ping_status":"open","template":"elementor_theme","meta":{"_joinchat":[],"footnotes":""},"class_list":["post-36","page","type-page","status-publish","hentry","latest_post"],"_links":{"self":[{"href":"https:\/\/maisativos.com.br\/loja\/wp-json\/wp\/v2\/pages\/36","targetHints":{"allow":["GET"]}}],"collection":[{"href":"https:\/\/maisativos.com.br\/loja\/wp-json\/wp\/v2\/pages"}],"about":[{"href":"https:\/\/maisativos.com.br\/loja\/wp-json\/wp\/v2\/types\/page"}],"author":[{"embeddable":true,"href":"https:\/\/maisativos.com.br\/loja\/wp-json\/wp\/v2\/users\/1"}],"replies":[{"embeddable":true,"href":"https:\/\/maisativos.com.br\/loja\/wp-json\/wp\/v2\/comments?post=36"}],"version-history":[{"count":45,"href":"https:\/\/maisativos.com.br\/loja\/wp-json\/wp\/v2\/pages\/36\/revisions"}],"predecessor-version":[{"id":17197,"href":"https:\/\/maisativos.com.br\/loja\/wp-json\/wp\/v2\/pages\/36\/revisions\/17197"}],"wp:attachment":[{"href":"https:\/\/maisativos.com.br\/loja\/wp-json\/wp\/v2\/media?parent=36"}],"curies":[{"name":"wp","href":"https:\/\/api.w.org\/{rel}","templated":true}]}}