{"id":15431,"date":"2021-02-27T20:39:04","date_gmt":"2021-02-27T23:39:04","guid":{"rendered":"https:\/\/maisativos.com.br\/loja\/?page_id=15431"},"modified":"2022-08-22T14:02:49","modified_gmt":"2022-08-22T17:02:49","slug":"politica-de-privacidade","status":"publish","type":"page","link":"https:\/\/maisativos.com.br\/loja\/politica-de-privacidade\/","title":{"rendered":"Pol\u00edtica de Privacidade"},"content":{"rendered":"\n<p style=\"font-size:14px\">Respeitamos a privacidade de nossos clientes e estabelecemos uma Pol\u00edtica de Seguran\u00e7a e Privacidade sobre dados e informa\u00e7\u00f5es coletadas, com as seguintes regras, para atender essa diretriz.<\/p>\n\n\n\n<p style=\"font-size:14px\">Ao efetuar uma compra em nossa loja <em>on line<\/em>, coletamos informa\u00e7\u00f5es pessoais necess\u00e1rias para atender e enviar o seu pedido, tais como CPF, nome, e-mail, endere\u00e7o, al\u00e9m de outras. Entende-se que a realiza\u00e7\u00e3o da compra implica na autoriza\u00e7\u00e3o para a respectiva coleta e armazenamento de dados e informa\u00e7\u00f5es.<\/p>\n\n\n\n<p style=\"font-size:14px\">Opcionalmente o cliente pode se cadastrar para ter acesso a descontos, promo\u00e7\u00f5es, lan\u00e7amentos, newsletters etc. Ao se cadastrar, poder\u00e1 ter as informa\u00e7\u00f5es pessoais coletadas, como nome, e-mail, endere\u00e7o, contatos, entre outras. O armazenamento e guarda dessas informa\u00e7\u00f5es \u00e9 feito de acordo com o c\u00f3digo de \u00e9tica da Associa\u00e7\u00e3o Brasileira de Marketing Direto \u2013 ABEMD e com a Lei Geral de Prote\u00e7\u00e3o de Dados \u2013 LGPD, com os devidos cuidados compat\u00edveis com as melhores pr\u00e1ticas para empresas do nosso ramo e porte.\u00a0<\/p>\n\n\n\n<p style=\"font-size:14px\">Cabe o registro de que autoridades p\u00fablicas, por meio de medidas judiciais fundamentadas podem requisitar informa\u00e7\u00f5es \u00e0s empresas, que devem atend\u00ea-las independentemente de comunica\u00e7\u00e3o aos clientes.<\/p>\n\n\n\n<p style=\"font-size:14px\">O cliente pode optar por n\u00e3o receber mais e-mails da nossa empresa e se quiser cancelar o consentimento para armazenar ou alterar seus dados, a qualquer momento, poder\u00e1 entrar em contato via <a href=\"mailto:contato@maisativos.com.br\">contato@maisativos.com.br<\/a> ou <a href=\"mailto:contato@editoramaisamigos.com.br\">contato@editoramaisamigos.com.br<\/a>.&nbsp;<\/p>\n\n\n\n<p style=\"font-size:14px\">Eventuais informa\u00e7\u00f5es de cart\u00e3o de cr\u00e9dito somente s\u00e3o solicitadas por meio da plataforma PagSeguro, ou outras similares, as quais s\u00e3o especializadas e possuem tecnologias e estrat\u00e9gias apropriadas para reduzir ao m\u00e1ximo a exposi\u00e7\u00e3o dos dados e os riscos, incluindo criptografia a protocolos r\u00edgidos de seguran\u00e7a. Recomendamos que ao ser direcionado para gateways de pagamento e outros processadores de transa\u00e7\u00f5es ou sites de terceiros, leia as respectivas pol\u00edticas de privacidade, pois a partir do redirecionamento nossa Pol\u00edtica de Seguran\u00e7a e Privacidade n\u00e3o se aplica mais.<\/p>\n\n\n\n<p><strong>Informa\u00e7\u00f5es gerais:<\/strong><\/p>\n\n\n\n<ul class=\"wp-block-list\" style=\"font-size:14px\"><li>Utilizamos cookies para oferecer melhor experi\u00eancia, melhorar o desempenho, analisar como voc\u00ea interage em nosso site e personalizar conte\u00fado. Ao utilizar este site, voc\u00ea concorda com o uso de cookies.<\/li><li>Somente enviamos comunicados relacionados aos nossos produtos (livros) e com espa\u00e7amento de tempo razo\u00e1vel, por vezes com intervalos de semanas ou meses.<\/li><li>Caso o cliente receba comunica\u00e7\u00e3o com publicidade enviada por nossa empresa e n\u00e3o queira mais receber, poder\u00e1 solicitar a exclus\u00e3o que suspenderemos envios futuros.<\/li><li>N\u00e3o fazemos venda de base de dados e as informa\u00e7\u00f5es solicitadas de nossos clientes visam viabilizar o atendimento dos pedidos.<\/li><li>Endere\u00e7os de e-mail e ou contatos telef\u00f4nicos cadastrados em nossa base de dados poder\u00e3o ser usados para envio de material pertinente ao conte\u00fado deste site, sendo garantida a privacidade e o n\u00e3o repasse a empresas de outros ramos.<\/li><li>Este site pode contar links para outros sites, com destaque para o sistema de pagamentos PagSeguro. Cada empresa \u00e9 respons\u00e1vel pela pol\u00edtica de privacidade dos seus respectivos sites.<\/li><li>Este site consulta o endere\u00e7o IP para diagnosticar problemas com nosso servidor, auditorias de seguran\u00e7a e para a administra\u00e7\u00e3o do website. O endere\u00e7o IP pode ser utilizado para identifica\u00e7\u00e3o de vota\u00e7\u00f5es ou pesquisas online e no envio de conte\u00fado e de mensagens para a administra\u00e7\u00e3o do site.<\/li><li>Podemos eventualmente utilizar o Mailchimp para enviar conte\u00fados por e-mail aos clientes ou usu\u00e1rios que se cadastrarem e optarem pelo recebimento, e cada mensagem possuir\u00e1 op\u00e7\u00e3o de cancelamento do cadastro.<\/li><\/ul>\n\n\n\n<p style=\"font-size:14px\">Registramos o direito de modificar nossa pol\u00edtica de privacidade e procedimentos a qualquer momento e sem pr\u00e9vio aviso. Os efeitos ser\u00e3o imediatos ap\u00f3s publica\u00e7\u00e3o no site.<\/p>\n\n\n\n<p style=\"font-size:14px\">Em caso de d\u00favidas ou sugest\u00f5es, favor encaminhar para <a href=\"mailto:contato@maisativos.com.br\">contato@maisativos.com.br<\/a> ou <a href=\"mailto:contato@editoramaisamigos.com.br\">contato@editoramaisamigos.com.br<\/a> .<\/p>\n","protected":false},"excerpt":{"rendered":"<p>Respeitamos a privacidade de nossos clientes e estabelecemos uma Pol\u00edtica de Seguran\u00e7a e Privacidade sobre dados e informa\u00e7\u00f5es coletadas, com as seguintes regras, para atender essa diretriz. Ao efetuar uma compra em nossa loja on line, coletamos informa\u00e7\u00f5es pessoais necess\u00e1rias para atender e enviar o seu pedido, tais como CPF, nome, e-mail, endere\u00e7o, al\u00e9m de outras. Entende-se que a realiza\u00e7\u00e3o da compra implica na autoriza\u00e7\u00e3o para a respectiva coleta e armazenamento de dados e informa\u00e7\u00f5es. Opcionalmente o cliente pode se cadastrar para ter acesso a descontos, promo\u00e7\u00f5es, lan\u00e7amentos, newsletters etc. Ao se cadastrar, poder\u00e1 ter as informa\u00e7\u00f5es pessoais coletadas, como nome, e-mail, endere\u00e7o, contatos, entre outras. O armazenamento e guarda dessas informa\u00e7\u00f5es \u00e9 feito de acordo com o c\u00f3digo de \u00e9tica da Associa\u00e7\u00e3o Brasileira de Marketing Direto \u2013 ABEMD e com a Lei Geral de Prote\u00e7\u00e3o de Dados \u2013 LGPD, com os devidos cuidados compat\u00edveis com as melhores pr\u00e1ticas para empresas do nosso ramo e porte.\u00a0 Cabe o registro de que autoridades p\u00fablicas, por meio de medidas judiciais fundamentadas podem requisitar informa\u00e7\u00f5es \u00e0s empresas, que devem atend\u00ea-las independentemente de comunica\u00e7\u00e3o aos clientes. O cliente pode optar por n\u00e3o receber mais e-mails da nossa empresa e se quiser cancelar o consentimento para armazenar ou alterar seus dados, a qualquer momento, poder\u00e1 entrar em contato via contato@maisativos.com.br ou contato@editoramaisamigos.com.br.&nbsp; Eventuais informa\u00e7\u00f5es de cart\u00e3o de cr\u00e9dito somente s\u00e3o solicitadas por meio da plataforma PagSeguro, ou outras similares, as quais s\u00e3o especializadas e possuem tecnologias e estrat\u00e9gias apropriadas para reduzir ao m\u00e1ximo a exposi\u00e7\u00e3o dos dados e os riscos, incluindo criptografia a protocolos r\u00edgidos de seguran\u00e7a. Recomendamos que ao ser direcionado para gateways de pagamento e outros processadores de transa\u00e7\u00f5es ou sites de terceiros, leia as respectivas pol\u00edticas de privacidade, pois a partir do redirecionamento nossa Pol\u00edtica de Seguran\u00e7a e Privacidade n\u00e3o se aplica mais. Informa\u00e7\u00f5es gerais: Utilizamos cookies para oferecer melhor experi\u00eancia, melhorar o desempenho, analisar como voc\u00ea interage em nosso site e personalizar conte\u00fado. Ao utilizar este site, voc\u00ea concorda com o uso de cookies. Somente enviamos comunicados relacionados aos nossos produtos (livros) e com espa\u00e7amento de tempo razo\u00e1vel, por vezes com intervalos de semanas ou meses. Caso o cliente receba comunica\u00e7\u00e3o com publicidade enviada por nossa empresa e n\u00e3o queira mais receber, poder\u00e1 solicitar a exclus\u00e3o que suspenderemos envios futuros. N\u00e3o fazemos venda de base de dados e as informa\u00e7\u00f5es solicitadas de nossos clientes visam viabilizar o atendimento dos pedidos. Endere\u00e7os de e-mail e ou contatos telef\u00f4nicos cadastrados em nossa base de dados poder\u00e3o ser usados para envio de material pertinente ao conte\u00fado deste site, sendo garantida a privacidade e o n\u00e3o repasse a empresas de outros ramos. Este site pode contar links para outros sites, com destaque para o sistema de pagamentos PagSeguro. Cada empresa \u00e9 respons\u00e1vel pela pol\u00edtica de privacidade dos seus respectivos sites. Este site consulta o endere\u00e7o IP para diagnosticar problemas com nosso servidor, auditorias de seguran\u00e7a e para a administra\u00e7\u00e3o do website. O endere\u00e7o IP pode ser utilizado para identifica\u00e7\u00e3o de vota\u00e7\u00f5es ou pesquisas online e no envio de conte\u00fado e de mensagens para a administra\u00e7\u00e3o do site. Podemos eventualmente utilizar o Mailchimp para enviar conte\u00fados por e-mail aos clientes ou usu\u00e1rios que se cadastrarem e optarem pelo recebimento, e cada mensagem possuir\u00e1 op\u00e7\u00e3o de cancelamento do cadastro. Registramos o direito de modificar nossa pol\u00edtica de privacidade e procedimentos a qualquer momento e sem pr\u00e9vio aviso. Os efeitos ser\u00e3o imediatos ap\u00f3s publica\u00e7\u00e3o no site. Em caso de d\u00favidas ou sugest\u00f5es, favor encaminhar para contato@maisativos.com.br ou contato@editoramaisamigos.com.br .<\/p>\n","protected":false},"author":1,"featured_media":0,"parent":0,"menu_order":0,"comment_status":"closed","ping_status":"closed","template":"","meta":{"_joinchat":[],"footnotes":""},"class_list":["post-15431","page","type-page","status-publish","hentry","latest_post"],"_links":{"self":[{"href":"https:\/\/maisativos.com.br\/loja\/wp-json\/wp\/v2\/pages\/15431","targetHints":{"allow":["GET"]}}],"collection":[{"href":"https:\/\/maisativos.com.br\/loja\/wp-json\/wp\/v2\/pages"}],"about":[{"href":"https:\/\/maisativos.com.br\/loja\/wp-json\/wp\/v2\/types\/page"}],"author":[{"embeddable":true,"href":"https:\/\/maisativos.com.br\/loja\/wp-json\/wp\/v2\/users\/1"}],"replies":[{"embeddable":true,"href":"https:\/\/maisativos.com.br\/loja\/wp-json\/wp\/v2\/comments?post=15431"}],"version-history":[{"count":8,"href":"https:\/\/maisativos.com.br\/loja\/wp-json\/wp\/v2\/pages\/15431\/revisions"}],"predecessor-version":[{"id":17099,"href":"https:\/\/maisativos.com.br\/loja\/wp-json\/wp\/v2\/pages\/15431\/revisions\/17099"}],"wp:attachment":[{"href":"https:\/\/maisativos.com.br\/loja\/wp-json\/wp\/v2\/media?parent=15431"}],"curies":[{"name":"wp","href":"https:\/\/api.w.org\/{rel}","templated":true}]}}